{"id":724776,"date":"2025-08-27T19:39:39","date_gmt":"2025-08-27T16:39:39","guid":{"rendered":"https:\/\/roveyayinevi.com.tr\/index.php\/urun\/bir-nefes-gibi\/"},"modified":"2026-04-16T02:32:29","modified_gmt":"2026-04-15T23:32:29","slug":"bir-nefes-gibi","status":"publish","type":"product","link":"https:\/\/roveyayinevi.com.tr\/index.php\/urun\/bir-nefes-gibi\/","title":{"rendered":"Bir Nefes Gibi"},"content":{"rendered":"<p>\u2026 hayat bir nefes gibi ak\u0131p gidiyor. Ve geride yaln\u0131zca, isteyip de yapamad\u0131klar\u0131m\u0131z\u0131n \u00f6zlemiyle, bizi biz yapan t\u00fcm ya\u015fanm\u0131\u015fl\u0131klar\u0131n fark\u0131ndal\u0131\u011f\u0131 kal\u0131yor.Sergio ile Giovanna, g\u00fcne\u015fli bir pazar g\u00fcn\u00fc evlerinde bir dostlar sofras\u0131 kurma haz\u0131rl\u0131\u011f\u0131ndayken ans\u0131z\u0131n kar\u015f\u0131lar\u0131nda davetsiz bir misafir bulurlar: Kap\u0131lar\u0131n\u0131 \u00e7alan yorgun g\u00f6r\u00fcn\u00fcml\u00fc ya\u015fl\u0131 kad\u0131n Elsa Corti\u2019dir ve uzaklardan, \u0130stanbul\u2019dan gelmi\u015ftir. Yakla\u015f\u0131k yar\u0131m asr\u0131 bulan s\u00fcrg\u00fcn y\u0131llar\u0131n\u0131n ard\u0131ndan \u00fclkesine d\u00f6nen Elsa Corti\u2019nin evinin yeni sahiplerine anlatacaklar\u0131, ama daha \u00f6nemlisi, y\u0131llard\u0131r g\u00f6rmedi\u011fi ablas\u0131na, hayat\u0131n\u0131n a\u015fk\u0131yla ilgili s\u00f6yleyecekleri vard\u0131r\u2026Ferzan \u00d6zpetek, okurlar\u0131n\u0131 Roma ile \u0130stanbul, \u015fimdi ile ge\u00e7mi\u015f aras\u0131nda, i\u00e7 i\u00e7e ge\u00e7en ya\u015famlar\u0131n ve yazg\u0131lar\u0131n h\u00fckmetti\u011fi gizemli bir yolculu\u011fa \u00e7\u0131kar\u0131yor. Et ve t\u0131rnak gibiyken y\u0131llar \u00f6nce meydana gelen bir olayla yollar\u0131n\u0131 ay\u0131ran iki k\u0131z karde\u015fin karanl\u0131k s\u0131rlar\u0131 etraf\u0131nda \u00f6r\u00fclen Bir Nefes Gibi, tutkular\u0131na esir d\u00fc\u015fenleri, kadere meydan okuyanlar\u0131, sevgiyi, ihaneti ve her \u015feye ra\u011fmen y\u0131llar\u0131n t\u00fcketemedi\u011fi umudu anlat\u0131yor\u2026   <\/p>\n","protected":false},"excerpt":{"rendered":"<p>\u2026 hayat bir nefes gibi ak\u0131p gidiyor. Ve geride yaln\u0131zca, isteyip de yapamad\u0131klar\u0131m\u0131z\u0131n \u00f6zlemiyle, bizi biz yapan t\u00fcm ya\u015fanm\u0131\u015fl\u0131klar\u0131n fark\u0131ndal\u0131\u011f\u0131 kal\u0131yor.Sergio ile Giovanna, g\u00fcne\u015fli bir pazar<span class=\"excerpt-hellip\"> [\u2026]<\/span><\/p>\n","protected":false},"featured_media":0,"template":"","meta":{"_monsterinsights_skip_tracking":false,"_monsterinsights_sitenote_active":false,"_monsterinsights_sitenote_note":"","_monsterinsights_sitenote_category":0},"product_brand":[],"product_cat":[12291,12292],"product_tag":[],"class_list":{"0":"post-724776","1":"product","2":"type-product","3":"status-publish","5":"product_cat-edebiyat","6":"product_cat-turk-edebiyati","7":"pa_cilt-ciltsiz","8":"pa_tur-kitap","9":"pa_yayinevi-can-yayinlari","10":"pa_yazar-ferzan-ozpetek","12":"first","13":"instock","14":"sale","15":"shipping-taxable","16":"purchasable","17":"product-type-simple"},"_links":{"self":[{"href":"https:\/\/roveyayinevi.com.tr\/index.php\/wp-json\/wp\/v2\/product\/724776","targetHints":{"allow":["GET"]}}],"collection":[{"href":"https:\/\/roveyayinevi.com.tr\/index.php\/wp-json\/wp\/v2\/product"}],"about":[{"href":"https:\/\/roveyayinevi.com.tr\/index.php\/wp-json\/wp\/v2\/types\/product"}],"wp:attachment":[{"href":"https:\/\/roveyayinevi.com.tr\/index.php\/wp-json\/wp\/v2\/media?parent=724776"}],"wp:term":[{"taxonomy":"product_brand","embeddable":true,"href":"https:\/\/roveyayinevi.com.tr\/index.php\/wp-json\/wp\/v2\/product_brand?post=724776"},{"taxonomy":"product_cat","embeddable":true,"href":"https:\/\/roveyayinevi.com.tr\/index.php\/wp-json\/wp\/v2\/product_cat?post=724776"},{"taxonomy":"product_tag","embeddable":true,"href":"https:\/\/roveyayinevi.com.tr\/index.php\/wp-json\/wp\/v2\/product_tag?post=724776"}],"curies":[{"name":"wp","href":"https:\/\/api.w.org\/{rel}","templated":true}]}}