{"id":724775,"date":"2025-08-27T19:39:38","date_gmt":"2025-08-27T16:39:38","guid":{"rendered":"https:\/\/roveyayinevi.com.tr\/index.php\/urun\/ulus-devlet-turkiye-cumhuriyeti\/"},"modified":"2026-04-16T02:32:29","modified_gmt":"2026-04-15T23:32:29","slug":"ulus-devlet-turkiye-cumhuriyeti","status":"publish","type":"product","link":"https:\/\/roveyayinevi.com.tr\/index.php\/urun\/ulus-devlet-turkiye-cumhuriyeti\/","title":{"rendered":"Ulus Devlet T\u00fcrkiye Cumhuriyeti"},"content":{"rendered":"<p>K\u00fcreselle\u015fme s\u00fcrecinin ba\u015flamas\u0131yla birlikte en \u00e7ok tart\u0131\u015f\u0131lan kavramlardan biri ulus devlet olmu\u015ftur.  Ge\u00e7en y\u00fczy\u0131l\u0131n sonlar\u0131nda eski s\u00f6m\u00fcrgelerin devletle\u015fmesiyle birlikte ulus devletler tarih sahnesine \u00e7\u0131km\u0131\u015flard\u0131r.  Bug\u00fcn gelinen a\u015famada ise, bat\u0131 kapitalist sisteminin i\u00e7inden \u00e7\u0131kan tekelci \u015firketlerin k\u00fcreselle\u015ferek, ekonomik yap\u0131lanma \u00fczerinden d\u00fcnya imparatorlu\u011fu aray\u0131\u015f\u0131 i\u00e7ine girdikleri g\u00f6r\u00fclmektedir. Bu nedenle \u00e7a\u011f\u0131m\u0131z\u0131n ana \u00e7eli\u015fkisi, k\u00fcresel \u015firketler ile ulus devletler aras\u0131ndaki rekabettir. Elinizde tuttu\u011funuz bu kitap bug\u00fcnk\u00fc d\u00fcnya d\u00fczeninin dayand\u0131\u011f\u0131 temel yap\u0131lanma olan ulus devletleri her y\u00f6n\u00fc ile ele alan bir bilimsel \u00e7al\u0131\u015fmad\u0131r. D\u00fcnyan\u0131n \u00f6nde gelen b\u00fcy\u00fck devletlerinden olan T\u00fcrkiye Cumhuriyeti olgusundan hareket ederek, ulus devlet bu kitapta irdelenmektedir.  Bu kitapta ulus devlet olgusu, kurulu\u015fu, yap\u0131s\u0131, stratejisi, Atat\u00fcrk milliyet\u00e7ili\u011fi, uluslararas\u0131 geli\u015fmeleri  ve yeniden ulus devlet anlay\u0131\u015f\u0131 etrafl\u0131ca ele al\u0131nm\u0131\u015ft\u0131r.  Ayr\u0131ca T\u00fcrkiye\u2019ye y\u00f6nelen tehditler, hukuk metinleri ve haritalar e\u015fli\u011finde okuyucunun dikkatine sunulmu\u015ftur. Astana Yay\u0131nlar\u0131 Tan\u0131nm\u0131\u015f Uluslararas\u0131 bir Akademik Yay\u0131nevidir.<\/p>\n","protected":false},"excerpt":{"rendered":"<p>K\u00fcreselle\u015fme s\u00fcrecinin ba\u015flamas\u0131yla birlikte en \u00e7ok tart\u0131\u015f\u0131lan kavramlardan biri ulus devlet olmu\u015ftur. Ge\u00e7en y\u00fczy\u0131l\u0131n sonlar\u0131nda eski s\u00f6m\u00fcrgelerin devletle\u015fmesiyle birlikte ulus devletler tarih sahnesine \u00e7\u0131km\u0131\u015flard\u0131r. Bug\u00fcn gelinen<span class=\"excerpt-hellip\"> [\u2026]<\/span><\/p>\n","protected":false},"featured_media":0,"template":"","meta":{"_monsterinsights_skip_tracking":false,"_monsterinsights_sitenote_active":false,"_monsterinsights_sitenote_note":"","_monsterinsights_sitenote_category":0},"product_brand":[],"product_cat":[13590,12337],"product_tag":[],"class_list":{"0":"post-724775","1":"product","2":"type-product","3":"status-publish","5":"product_cat-arastirma-inceleme-politika-siyaset","6":"product_cat-politika-siyaset","7":"pa_cilt-ciltsiz","8":"pa_tur-kitap","9":"pa_yayinevi-astana-yayinlari","10":"pa_yazar-anil-cecen","12":"first","13":"instock","14":"sale","15":"shipping-taxable","16":"purchasable","17":"product-type-simple"},"_links":{"self":[{"href":"https:\/\/roveyayinevi.com.tr\/index.php\/wp-json\/wp\/v2\/product\/724775","targetHints":{"allow":["GET"]}}],"collection":[{"href":"https:\/\/roveyayinevi.com.tr\/index.php\/wp-json\/wp\/v2\/product"}],"about":[{"href":"https:\/\/roveyayinevi.com.tr\/index.php\/wp-json\/wp\/v2\/types\/product"}],"wp:attachment":[{"href":"https:\/\/roveyayinevi.com.tr\/index.php\/wp-json\/wp\/v2\/media?parent=724775"}],"wp:term":[{"taxonomy":"product_brand","embeddable":true,"href":"https:\/\/roveyayinevi.com.tr\/index.php\/wp-json\/wp\/v2\/product_brand?post=724775"},{"taxonomy":"product_cat","embeddable":true,"href":"https:\/\/roveyayinevi.com.tr\/index.php\/wp-json\/wp\/v2\/product_cat?post=724775"},{"taxonomy":"product_tag","embeddable":true,"href":"https:\/\/roveyayinevi.com.tr\/index.php\/wp-json\/wp\/v2\/product_tag?post=724775"}],"curies":[{"name":"wp","href":"https:\/\/api.w.org\/{rel}","templated":true}]}}