{"id":724773,"date":"2025-08-27T19:39:37","date_gmt":"2025-08-27T16:39:37","guid":{"rendered":"https:\/\/roveyayinevi.com.tr\/index.php\/urun\/adalet-kavrami-2\/"},"modified":"2026-04-16T02:32:29","modified_gmt":"2026-04-15T23:32:29","slug":"adalet-kavrami-2","status":"publish","type":"product","link":"https:\/\/roveyayinevi.com.tr\/index.php\/urun\/adalet-kavrami-2\/","title":{"rendered":"Adalet Kavram\u0131"},"content":{"rendered":"<p>Bu kitap &#8220;Adalet Kavram\u0131\u201d \u00fczerine T\u00fcrkiye\u2019de bir doktora tezi olarak yaz\u0131lm\u0131\u015f ilk bilimsel \u00e7al\u0131\u015fmad\u0131r. Yirminci y\u00fczy\u0131l\u0131n ikinci yar\u0131s\u0131nda varolan hukuk birikiminin yeni y\u00fczy\u0131la ta\u015f\u0131nmas\u0131na kaynakl\u0131k yapan bu kitap, ayn\u0131 zamanda her ge\u00e7en y\u0131l insanl\u0131\u011f\u0131n i\u00e7ine s\u00fcr\u00fcklendi\u011fi haks\u0131zl\u0131klar \u00e7a\u011f\u0131ndan kurtulabilmek i\u00e7in giderek bir umut \u0131\u015f\u0131\u011f\u0131na d\u00f6n\u00fc\u015fen adaletin ayd\u0131nlat\u0131c\u0131 ve yol g\u00f6sterici anlamlar\u0131n\u0131 ortaya koymaktad\u0131r.Herkesin kendine g\u00f6re bir hukuk anlay\u0131\u015f\u0131n\u0131n bulundu\u011fu, mutlak do\u011frular\u0131n giderek ortadan kalkt\u0131\u011f\u0131 bug\u00fcn\u00fcn d\u00fcnyas\u0131nda yine herkes hak ve adalet aray\u0131\u015f\u0131ndad\u0131r. Bu nedenle adalet,  en \u00e7ok tart\u0131\u015f\u0131lan kavram haline gelmektedir. Elinizde tutmu\u015f oldu\u011funuz bu kitap, adalet kavram\u0131n\u0131n ne oldu\u011funu, farkl\u0131 i\u00e7erik ve g\u00f6r\u00fcn\u00fcmlerini a\u00e7\u0131k bir \u015fekilde ortaya koyarak, adalet kavram\u0131ndaki belirsizlik ve karma\u015fay\u0131 gidermeyi hedeflemektedir. Adalet \u0131\u015f\u0131\u011f\u0131n\u0131n gelece\u011fe \u0131\u015f\u0131k tutmas\u0131na yard\u0131mc\u0131 olmas\u0131 dile\u011fiyle iyi okumalar diliyoruz.Astana Yay\u0131nlar\u0131 Tan\u0131nm\u0131\u015f Uluslararas\u0131 bir Akademik Yay\u0131nevidir.<\/p>\n","protected":false},"excerpt":{"rendered":"<p>Bu kitap &#8220;Adalet Kavram\u0131\u201d \u00fczerine T\u00fcrkiye\u2019de bir doktora tezi olarak yaz\u0131lm\u0131\u015f ilk bilimsel \u00e7al\u0131\u015fmad\u0131r. Yirminci y\u00fczy\u0131l\u0131n ikinci yar\u0131s\u0131nda varolan hukuk birikiminin yeni y\u00fczy\u0131la ta\u015f\u0131nmas\u0131na kaynakl\u0131k yapan<span class=\"excerpt-hellip\"> [\u2026]<\/span><\/p>\n","protected":false},"featured_media":0,"template":"","meta":{"_monsterinsights_skip_tracking":false,"_monsterinsights_sitenote_active":false,"_monsterinsights_sitenote_note":"","_monsterinsights_sitenote_category":0},"product_brand":[],"product_cat":[15350,17602],"product_tag":[],"class_list":{"0":"post-724773","1":"product","2":"type-product","3":"status-publish","5":"product_cat-hukuk","6":"product_cat-hukuk-uzerine","7":"pa_cilt-ciltsiz","8":"pa_tur-kitap","9":"pa_yayinevi-astana-yayinlari","10":"pa_yazar-anil-cecen","12":"first","13":"instock","14":"sale","15":"shipping-taxable","16":"purchasable","17":"product-type-simple"},"_links":{"self":[{"href":"https:\/\/roveyayinevi.com.tr\/index.php\/wp-json\/wp\/v2\/product\/724773","targetHints":{"allow":["GET"]}}],"collection":[{"href":"https:\/\/roveyayinevi.com.tr\/index.php\/wp-json\/wp\/v2\/product"}],"about":[{"href":"https:\/\/roveyayinevi.com.tr\/index.php\/wp-json\/wp\/v2\/types\/product"}],"wp:attachment":[{"href":"https:\/\/roveyayinevi.com.tr\/index.php\/wp-json\/wp\/v2\/media?parent=724773"}],"wp:term":[{"taxonomy":"product_brand","embeddable":true,"href":"https:\/\/roveyayinevi.com.tr\/index.php\/wp-json\/wp\/v2\/product_brand?post=724773"},{"taxonomy":"product_cat","embeddable":true,"href":"https:\/\/roveyayinevi.com.tr\/index.php\/wp-json\/wp\/v2\/product_cat?post=724773"},{"taxonomy":"product_tag","embeddable":true,"href":"https:\/\/roveyayinevi.com.tr\/index.php\/wp-json\/wp\/v2\/product_tag?post=724773"}],"curies":[{"name":"wp","href":"https:\/\/api.w.org\/{rel}","templated":true}]}}