{"id":724771,"date":"2025-08-27T19:39:36","date_gmt":"2025-08-27T16:39:36","guid":{"rendered":"https:\/\/roveyayinevi.com.tr\/index.php\/urun\/kitlerde-surdurulebilir-kurumsal-yonetimin-etkinliginin-arttirilmasinda-ic-denetimin-rolu-ve-bir-arastirma\/"},"modified":"2026-04-16T02:32:29","modified_gmt":"2026-04-15T23:32:29","slug":"kitlerde-surdurulebilir-kurumsal-yonetimin-etkinliginin-arttirilmasinda-ic-denetimin-rolu-ve-bir-arastirma","status":"publish","type":"product","link":"https:\/\/roveyayinevi.com.tr\/index.php\/urun\/kitlerde-surdurulebilir-kurumsal-yonetimin-etkinliginin-arttirilmasinda-ic-denetimin-rolu-ve-bir-arastirma\/","title":{"rendered":"K\u0130T&#8217;lerde S\u00fcrd\u00fcr\u00fclebilir Kurumsal Y\u00f6netimin Etkinli\u011finin Artt\u0131r\u0131lmas\u0131nda \u0130\u00e7 Denetimin Rol\u00fc ve Bir Ara\u015ft\u0131rma"},"content":{"rendered":"<p>1.Birinci B\u00f6l\u00fcm \u2013 Kavramsal \u00c7er\u00e7eve1.1 Kamu \u0130ktisadi Te\u015febb\u00fcslerine Genel Bak\u0131\u015f1.2 S\u00fcrd\u00fcr\u00fclebilirlik ve Kurumsal Y\u00f6netim1.3 Denetim Kavram\u0131 ve Kapsam\u0131  2.\u0130kinci B\u00f6l\u00fcm \u2013 T\u00fcrkiye\u2019de Kamu \u0130ktisadi Te\u015febb\u00fcslerinde Kurumsal Yap\u0131 ve Denetim Fonksiyonu2.1 K\u0130T\u2019lerde Kurumsal Yap\u01312.2 K\u0130T\u2019lerde Denetim Fonksiyonu  3.\u00dc\u00e7\u00fcnc\u00fc B\u00f6l\u00fcm \u2013 K\u0130T\u2019lerde Etkin S\u00fcrd\u00fcr\u00fclebilirlik \u0130\u00e7in Kurumsal Y\u00f6netim ve \u0130\u00e7 Denetim3.1 K\u0130T\u2019lerde Etkin S\u00fcrd\u00fcr\u00fclebilirlik \u0130\u00e7in Kurumsal Y\u00f6netim \u00c7er\u00e7evesi3.2 K\u0130T\u2019lerde Etkin S\u00fcrd\u00fcr\u00fclebilir Kurumsal Y\u00f6netimde \u0130\u00e7 Denetim Fark\u0131ndal\u0131\u011f\u01313.3 T\u00fcrkiye\u2019de K\u0130T\u2019lerde Kurumsal Y\u00f6netim  4. D\u00f6rd\u00fcnc\u00fc B\u00f6l\u00fcm \u2013 T\u00fcrkiye\u2019de Ula\u015ft\u0131rma Sekt\u00f6r\u00fcndeki K\u0130T\u2019lerde S\u00fcrd\u00fcr\u00fclebilirlik A\u00e7\u0131s\u0131ndan Kurumsal Y\u00f6netim ve \u0130\u00e7 Denetim Uygulamalar\u0131na Y\u00f6nelik Bir Ara\u015ft\u0131rma4.1 Ara\u015ft\u0131rma Modeli4.2 Ara\u015ft\u0131rma Deseni4.3 Ara\u015ft\u0131rman\u0131n Ge\u00e7erlik ve G\u00fcvenirli\u011fi4.4 Ara\u015ft\u0131rmac\u0131n\u0131n Yeterlilikleri ve Rol\u00fc4.5 Ara\u015ft\u0131rman\u0131n G\u00fc\u00e7l\u00fc ve S\u0131n\u0131rl\u0131 Y\u00f6nleri4.6 Bulgular ve Yorum<\/p>\n","protected":false},"excerpt":{"rendered":"<p>1.Birinci B\u00f6l\u00fcm \u2013 Kavramsal \u00c7er\u00e7eve1.1 Kamu \u0130ktisadi Te\u015febb\u00fcslerine Genel Bak\u0131\u015f1.2 S\u00fcrd\u00fcr\u00fclebilirlik ve Kurumsal Y\u00f6netim1.3 Denetim Kavram\u0131 ve Kapsam\u0131 2.\u0130kinci B\u00f6l\u00fcm \u2013 T\u00fcrkiye\u2019de Kamu \u0130ktisadi Te\u015febb\u00fcslerinde Kurumsal<span class=\"excerpt-hellip\"> [\u2026]<\/span><\/p>\n","protected":false},"featured_media":0,"template":"","meta":{"_monsterinsights_skip_tracking":false,"_monsterinsights_sitenote_active":false,"_monsterinsights_sitenote_note":"","_monsterinsights_sitenote_category":0},"product_brand":[],"product_cat":[20333,13043],"product_tag":[],"class_list":{"0":"post-724771","1":"product","2":"type-product","3":"status-publish","5":"product_cat-diger-ekonomi","6":"product_cat-ekonomi","7":"pa_cilt-ciltsiz","8":"pa_tur-kitap","9":"pa_yayinevi-gazi-kitabevi","10":"pa_yazar-abdulhay-tolkun","12":"first","13":"instock","14":"sale","15":"shipping-taxable","16":"purchasable","17":"product-type-simple"},"_links":{"self":[{"href":"https:\/\/roveyayinevi.com.tr\/index.php\/wp-json\/wp\/v2\/product\/724771","targetHints":{"allow":["GET"]}}],"collection":[{"href":"https:\/\/roveyayinevi.com.tr\/index.php\/wp-json\/wp\/v2\/product"}],"about":[{"href":"https:\/\/roveyayinevi.com.tr\/index.php\/wp-json\/wp\/v2\/types\/product"}],"wp:attachment":[{"href":"https:\/\/roveyayinevi.com.tr\/index.php\/wp-json\/wp\/v2\/media?parent=724771"}],"wp:term":[{"taxonomy":"product_brand","embeddable":true,"href":"https:\/\/roveyayinevi.com.tr\/index.php\/wp-json\/wp\/v2\/product_brand?post=724771"},{"taxonomy":"product_cat","embeddable":true,"href":"https:\/\/roveyayinevi.com.tr\/index.php\/wp-json\/wp\/v2\/product_cat?post=724771"},{"taxonomy":"product_tag","embeddable":true,"href":"https:\/\/roveyayinevi.com.tr\/index.php\/wp-json\/wp\/v2\/product_tag?post=724771"}],"curies":[{"name":"wp","href":"https:\/\/api.w.org\/{rel}","templated":true}]}}