{"id":724770,"date":"2025-08-27T19:39:35","date_gmt":"2025-08-27T16:39:35","guid":{"rendered":"https:\/\/roveyayinevi.com.tr\/index.php\/urun\/istanbulun-son-yilani-nasil-oldu\/"},"modified":"2026-04-16T02:32:29","modified_gmt":"2026-04-15T23:32:29","slug":"istanbulun-son-yilani-nasil-oldu","status":"publish","type":"product","link":"https:\/\/roveyayinevi.com.tr\/index.php\/urun\/istanbulun-son-yilani-nasil-oldu\/","title":{"rendered":"\u0130stanbul\u2019un Son Y\u0131lan\u0131 Nas\u0131l \u00d6ld\u00fc?"},"content":{"rendered":"<p>Birbirinden ilgin\u00e7 onlarca karakter, tarihin belirli bir d\u00f6neminde ayn\u0131 mahallede bir araya gelmi\u015fler ve duyanlar\u0131n zihinlerini zorlayacak, y\u00fczlerini g\u00fcld\u00fcrecek, kalplerini titretecek ger\u00e7ek\u00fcst\u00fc hik\u00e2yelerin de bizzat kahraman\u0131 olmu\u015flar. Evvel zamanlar\u0131n, ger\u00e7ek hayallerin, olayl\u0131 gecelerin, macera dolu g\u00fcnd\u00fczlerin, hayalperest \u00e7ocuklar\u0131n, hat\u0131r\u0131 say\u0131l\u0131r hat\u0131ralar\u0131n hik\u00e2yesi; \u0130stanbul\u2019un bir k\u00f6\u015fesinde, kimsenin fark etmedi\u011fi bir zamanda hayat buluyor. Murat Nedim, bizi kendi mahallesinde e\u015fsiz bir yolculu\u011fa \u00e7\u0131kar\u0131yor.<\/p>\n","protected":false},"excerpt":{"rendered":"<p>Birbirinden ilgin\u00e7 onlarca karakter, tarihin belirli bir d\u00f6neminde ayn\u0131 mahallede bir araya gelmi\u015fler ve duyanlar\u0131n zihinlerini zorlayacak, y\u00fczlerini g\u00fcld\u00fcrecek, kalplerini titretecek ger\u00e7ek\u00fcst\u00fc hik\u00e2yelerin de bizzat kahraman\u0131<span class=\"excerpt-hellip\"> [\u2026]<\/span><\/p>\n","protected":false},"featured_media":0,"template":"","meta":{"_monsterinsights_skip_tracking":false,"_monsterinsights_sitenote_active":false,"_monsterinsights_sitenote_note":"","_monsterinsights_sitenote_category":0},"product_brand":[],"product_cat":[12291,12711],"product_tag":[],"class_list":{"0":"post-724770","1":"product","2":"type-product","3":"status-publish","5":"product_cat-edebiyat","6":"product_cat-roman-oyku","7":"pa_cilt-ciltsiz","8":"pa_tur-kitap","9":"pa_yayinevi-kara-karga-yayinlari","10":"pa_yazar-murat-nedim","12":"first","13":"instock","14":"sale","15":"shipping-taxable","16":"purchasable","17":"product-type-simple"},"_links":{"self":[{"href":"https:\/\/roveyayinevi.com.tr\/index.php\/wp-json\/wp\/v2\/product\/724770","targetHints":{"allow":["GET"]}}],"collection":[{"href":"https:\/\/roveyayinevi.com.tr\/index.php\/wp-json\/wp\/v2\/product"}],"about":[{"href":"https:\/\/roveyayinevi.com.tr\/index.php\/wp-json\/wp\/v2\/types\/product"}],"wp:attachment":[{"href":"https:\/\/roveyayinevi.com.tr\/index.php\/wp-json\/wp\/v2\/media?parent=724770"}],"wp:term":[{"taxonomy":"product_brand","embeddable":true,"href":"https:\/\/roveyayinevi.com.tr\/index.php\/wp-json\/wp\/v2\/product_brand?post=724770"},{"taxonomy":"product_cat","embeddable":true,"href":"https:\/\/roveyayinevi.com.tr\/index.php\/wp-json\/wp\/v2\/product_cat?post=724770"},{"taxonomy":"product_tag","embeddable":true,"href":"https:\/\/roveyayinevi.com.tr\/index.php\/wp-json\/wp\/v2\/product_tag?post=724770"}],"curies":[{"name":"wp","href":"https:\/\/api.w.org\/{rel}","templated":true}]}}