{"id":724769,"date":"2025-08-27T19:39:34","date_gmt":"2025-08-27T16:39:34","guid":{"rendered":"https:\/\/roveyayinevi.com.tr\/index.php\/urun\/tarih-boyunca-anadolu-gurcistan-iliskileri-sempozyumu\/"},"modified":"2026-04-16T02:32:29","modified_gmt":"2026-04-15T23:32:29","slug":"tarih-boyunca-anadolu-gurcistan-iliskileri-sempozyumu","status":"publish","type":"product","link":"https:\/\/roveyayinevi.com.tr\/index.php\/urun\/tarih-boyunca-anadolu-gurcistan-iliskileri-sempozyumu\/","title":{"rendered":"Tarih Boyunca Anadolu G\u00fcrcistan \u0130li\u015fkileri Sempozyumu"},"content":{"rendered":"<p>Anadolu topraklar\u0131 tarihin hemen her d\u00f6neminde \u00f6nemli k\u00fclt\u00fcrlere, uygarl\u0131klara vetopluluklara hem yurtluk yapm\u0131\u015f hem de ge\u00e7i\u015f rotas\u0131 olmu\u015ftur. Bu durumun temel sebebi s\u00f6zkonusu topraklar\u0131n sahip oldu\u011fu ola\u011fan\u00fcst\u00fc konumudur. Bu \u00f6zellikli lokasyonda en b\u00fcy\u00fckpaylardan birini de da\u011fl\u0131k Do\u011fu Anadolu topraklar\u0131 al\u0131r. Do\u011fu Anadolu B\u00f6lgesiMezopotamya, \u0130ran, Kafkaslar ve Orta Anadolu gibi \u00e7ok \u00f6nemli k\u00fclt\u00fcr b\u00f6lgeleri aras\u0131nda kilitbir konuma sahiptir. Bu b\u00f6lgelerin birbirleri ile ba\u011flant\u0131s\u0131 her zaman bu zorlu co\u011frafya\u00fczerinden ger\u00e7ekle\u015febilmi\u015ftir. Bu nedenle de b\u00f6lge hi\u00e7bir zaman \u00f6nemini yitirmemi\u015ftir.G\u00fcrcistan, Azerbaycan, Nahcivan, \u0130ran ve Ermenistan gibi b\u00f6lge \u00fclkeleri antik \u00e7a\u011fdanitibaren Anadolu ile birlikte bir\u00e7ok k\u00fclt\u00fcr ve medeniyete ortak olarak ev sahipli\u011fi yapm\u0131\u015ft\u0131r.Bu bak\u0131\u015f a\u00e7\u0131s\u0131 ile arkeolojik \u00e7er\u00e7evede Erzurum Atat\u00fcrk \u00dcniversitesi Arkeoloji B\u00f6l\u00fcm\u00fctaraf\u0131ndan \u201cAnadolu-G\u00fcney Kafkasya \u0130li\u015fkileri Ara\u015ft\u0131rmalar\u0131 Dizisi\u201d ad\u0131 alt\u0131nda \u00e7al\u0131\u015fmalar\u0131nve yay\u0131nlar\u0131n yap\u0131lmas\u0131na karar verilmi\u015ftir. Bu ara\u015ft\u0131rma dizisinin ilk yay\u0131n\u0131n\u0131 a\u015fa\u011f\u0131da detayl\u0131bilgisi verilecek olan Anadolu \u2013 G\u00fcrcistan \u0130li\u015fkileri eksenli bir uluslararas\u0131 sempozyumdasunulan bildirilerin kitab\u0131 olu\u015fturmaktad\u0131r. 2018 Ekim ay\u0131nda ger\u00e7ekle\u015ftirilen bu sempozyumkapsam\u0131nda yedi farkl\u0131 \u00fclkeden y\u00fczden fazla kat\u0131l\u0131mc\u0131 bilimsel sunumlar\u0131n\u0131 yapm\u0131\u015ft\u0131r. Buorganizasyonla \u00fclkemizin kom\u015fu \u00fclke halklar\u0131 ve k\u00fclt\u00fcrleri ile olan etkile\u015fimlerinin gerekk\u00fclt\u00fcrel gerekse de bilimsel anlamda geni\u015f kitlelere duyurulmas\u0131 ama\u00e7lanm\u0131\u015ft\u0131r.Sempozyumda kat\u0131l\u0131mc\u0131lar Arkeoloji, Sanat Tarihi, Tarih, Co\u011frafya gibi bilim alanlar\u0131ndan<\/p>\n","protected":false},"excerpt":{"rendered":"<p>Anadolu topraklar\u0131 tarihin hemen her d\u00f6neminde \u00f6nemli k\u00fclt\u00fcrlere, uygarl\u0131klara vetopluluklara hem yurtluk yapm\u0131\u015f hem de ge\u00e7i\u015f rotas\u0131 olmu\u015ftur. Bu durumun temel sebebi s\u00f6zkonusu topraklar\u0131n sahip oldu\u011fu<span class=\"excerpt-hellip\"> [\u2026]<\/span><\/p>\n","protected":false},"featured_media":0,"template":"","meta":{"_monsterinsights_skip_tracking":false,"_monsterinsights_sitenote_active":false,"_monsterinsights_sitenote_note":"","_monsterinsights_sitenote_category":0},"product_brand":[],"product_cat":[52477,52478],"product_tag":[],"class_list":{"0":"post-724769","1":"product","2":"type-product","3":"status-publish","5":"product_cat-arastirma","6":"product_cat-arkeoloji","7":"pa_cilt-ciltsiz","8":"pa_tur-kitap","9":"pa_yayinevi-bilgin-kultur-sanat","10":"pa_yazar-kolektif","12":"first","13":"instock","14":"sale","15":"shipping-taxable","16":"purchasable","17":"product-type-simple"},"_links":{"self":[{"href":"https:\/\/roveyayinevi.com.tr\/index.php\/wp-json\/wp\/v2\/product\/724769","targetHints":{"allow":["GET"]}}],"collection":[{"href":"https:\/\/roveyayinevi.com.tr\/index.php\/wp-json\/wp\/v2\/product"}],"about":[{"href":"https:\/\/roveyayinevi.com.tr\/index.php\/wp-json\/wp\/v2\/types\/product"}],"wp:attachment":[{"href":"https:\/\/roveyayinevi.com.tr\/index.php\/wp-json\/wp\/v2\/media?parent=724769"}],"wp:term":[{"taxonomy":"product_brand","embeddable":true,"href":"https:\/\/roveyayinevi.com.tr\/index.php\/wp-json\/wp\/v2\/product_brand?post=724769"},{"taxonomy":"product_cat","embeddable":true,"href":"https:\/\/roveyayinevi.com.tr\/index.php\/wp-json\/wp\/v2\/product_cat?post=724769"},{"taxonomy":"product_tag","embeddable":true,"href":"https:\/\/roveyayinevi.com.tr\/index.php\/wp-json\/wp\/v2\/product_tag?post=724769"}],"curies":[{"name":"wp","href":"https:\/\/api.w.org\/{rel}","templated":true}]}}