{"id":724768,"date":"2025-08-27T19:39:33","date_gmt":"2025-08-27T16:39:33","guid":{"rendered":"https:\/\/roveyayinevi.com.tr\/index.php\/urun\/happa-ninenin-masallarii\/"},"modified":"2026-04-16T02:32:29","modified_gmt":"2026-04-15T23:32:29","slug":"happa-ninenin-masallarii","status":"publish","type":"product","link":"https:\/\/roveyayinevi.com.tr\/index.php\/urun\/happa-ninenin-masallarii\/","title":{"rendered":"Happa Nine\u2019nin Masallar\u0131\u0131"},"content":{"rendered":"<p>Ninelerden torunlara ge\u00e7en masal anlatma gelene\u011fi, \u00e7ocuklu\u011fumuzun unutulmaz anlar\u0131ndand\u0131r. Dinledikleri masallarla diyardan diyara gezen, d\u00fcnyan\u0131n t\u00fcrl\u00fc halleriyle tan\u0131\u015fan \u00e7ocuklar b\u00fcy\u00fcd\u00fcklerinde de bu hik\u00e2yeleri kendi \u00e7ocuklar\u0131na anlat\u0131rlar. Sabahat Akkiraz da \u00e7ocuklu\u011funun unutulmaz anlar\u0131ndan olan bu masal anlat\u0131lar\u0131n\u0131 daha fazla \u00e7ocuk okusun, dinlesin diye kaleme ald\u0131. S\u0131cac\u0131k an\u0131lardan kopup gelen Happa Nine\u2019nin Masallar\u0131 Sabahat Akkiraz\u2019\u0131n dedi\u011fi gibi \u201cT\u0131pk\u0131 sevgi gibi, ekmek gibi, t\u00fcrk\u00fc gibi \u00e7o\u011fals\u0131n ve hi\u00e7 eksilmesin.\u201d <\/p>\n","protected":false},"excerpt":{"rendered":"<p>Ninelerden torunlara ge\u00e7en masal anlatma gelene\u011fi, \u00e7ocuklu\u011fumuzun unutulmaz anlar\u0131ndand\u0131r. Dinledikleri masallarla diyardan diyara gezen, d\u00fcnyan\u0131n t\u00fcrl\u00fc halleriyle tan\u0131\u015fan \u00e7ocuklar b\u00fcy\u00fcd\u00fcklerinde de bu hik\u00e2yeleri kendi \u00e7ocuklar\u0131na anlat\u0131rlar.<span class=\"excerpt-hellip\"> [\u2026]<\/span><\/p>\n","protected":false},"featured_media":0,"template":"","meta":{"_monsterinsights_skip_tracking":false,"_monsterinsights_sitenote_active":false,"_monsterinsights_sitenote_note":"","_monsterinsights_sitenote_category":0},"product_brand":[],"product_cat":[12274,12523],"product_tag":[],"class_list":{"0":"post-724768","1":"product","2":"type-product","3":"status-publish","5":"product_cat-cocuk-ve-genclik-kitaplari","6":"product_cat-masallar","7":"pa_cilt-ciltsiz","8":"pa_tur-kitap","9":"pa_yayinevi-ayrinti-yayinlari","10":"pa_yazar-sabahat-akkiraz","12":"first","13":"instock","14":"sale","15":"shipping-taxable","16":"purchasable","17":"product-type-simple"},"_links":{"self":[{"href":"https:\/\/roveyayinevi.com.tr\/index.php\/wp-json\/wp\/v2\/product\/724768","targetHints":{"allow":["GET"]}}],"collection":[{"href":"https:\/\/roveyayinevi.com.tr\/index.php\/wp-json\/wp\/v2\/product"}],"about":[{"href":"https:\/\/roveyayinevi.com.tr\/index.php\/wp-json\/wp\/v2\/types\/product"}],"wp:attachment":[{"href":"https:\/\/roveyayinevi.com.tr\/index.php\/wp-json\/wp\/v2\/media?parent=724768"}],"wp:term":[{"taxonomy":"product_brand","embeddable":true,"href":"https:\/\/roveyayinevi.com.tr\/index.php\/wp-json\/wp\/v2\/product_brand?post=724768"},{"taxonomy":"product_cat","embeddable":true,"href":"https:\/\/roveyayinevi.com.tr\/index.php\/wp-json\/wp\/v2\/product_cat?post=724768"},{"taxonomy":"product_tag","embeddable":true,"href":"https:\/\/roveyayinevi.com.tr\/index.php\/wp-json\/wp\/v2\/product_tag?post=724768"}],"curies":[{"name":"wp","href":"https:\/\/api.w.org\/{rel}","templated":true}]}}