{"id":724767,"date":"2025-08-27T19:39:33","date_gmt":"2025-08-27T16:39:33","guid":{"rendered":"https:\/\/roveyayinevi.com.tr\/index.php\/urun\/turkiyede-yoksulluk-ve-esitsizlik-nedenler-surecler-cozumler\/"},"modified":"2026-04-16T02:32:29","modified_gmt":"2026-04-15T23:32:29","slug":"turkiyede-yoksulluk-ve-esitsizlik-nedenler-surecler-cozumler","status":"publish","type":"product","link":"https:\/\/roveyayinevi.com.tr\/index.php\/urun\/turkiyede-yoksulluk-ve-esitsizlik-nedenler-surecler-cozumler\/","title":{"rendered":"T\u00fcrkiye\u2019de Yoksulluk ve E\u015fitsizlik Nedenler, S\u00fcre\u00e7ler, \u00c7\u00f6z\u00fcmler"},"content":{"rendered":"<p>Bu \u00e7al\u0131\u015fmada yoksulluk ve e\u015fitsizlik konusu toplumsal, ekonomik, siyasi ve k\u00fclt\u00fcrel boyutlar\u0131 kapsayan geni\u015f bir \u00e7er\u00e7eve i\u00e7erisinde ele al\u0131nmaktad\u0131r. Farkl\u0131 toplum kesimlerinin ortak deneyimleri kadar e\u015fitsizli\u011fin ve yoksullu\u011fun farkl\u0131 deneyimleri \u00fczerinde durulmaktad\u0131r. T\u00fcrkiye\u2019de yoksullukla m\u00fccadele programlar\u0131 ele\u015ftirel bir g\u00f6zle de\u011ferlendirilmekte ve d\u00fcnyada e\u015fitsizli\u011fe kar\u015f\u0131 geli\u015ftirilen yeni g\u00f6r\u00fc\u015fler ve politikalar ana hatlar\u0131 itibar\u0131yla ortaya konulmaktad\u0131r.Prof. Dr. Sencer AYATA<\/p>\n","protected":false},"excerpt":{"rendered":"<p>Bu \u00e7al\u0131\u015fmada yoksulluk ve e\u015fitsizlik konusu toplumsal, ekonomik, siyasi ve k\u00fclt\u00fcrel boyutlar\u0131 kapsayan geni\u015f bir \u00e7er\u00e7eve i\u00e7erisinde ele al\u0131nmaktad\u0131r. Farkl\u0131 toplum kesimlerinin ortak deneyimleri kadar e\u015fitsizli\u011fin<span class=\"excerpt-hellip\"> [\u2026]<\/span><\/p>\n","protected":false},"featured_media":0,"template":"","meta":{"_monsterinsights_skip_tracking":false,"_monsterinsights_sitenote_active":false,"_monsterinsights_sitenote_note":"","_monsterinsights_sitenote_category":0},"product_brand":[],"product_cat":[12337,14543],"product_tag":[],"class_list":{"0":"post-724767","1":"product","2":"type-product","3":"status-publish","5":"product_cat-politika-siyaset","6":"product_cat-turkiye-siyaseti-ve-politikasi","7":"pa_cilt-ciltsiz","8":"pa_tur-kitap","9":"pa_yayinevi-sosyal-demokrasi-dernegi","10":"pa_yazar-sencer-ayata","12":"first","13":"instock","14":"sale","15":"shipping-taxable","16":"purchasable","17":"product-type-simple"},"_links":{"self":[{"href":"https:\/\/roveyayinevi.com.tr\/index.php\/wp-json\/wp\/v2\/product\/724767","targetHints":{"allow":["GET"]}}],"collection":[{"href":"https:\/\/roveyayinevi.com.tr\/index.php\/wp-json\/wp\/v2\/product"}],"about":[{"href":"https:\/\/roveyayinevi.com.tr\/index.php\/wp-json\/wp\/v2\/types\/product"}],"wp:attachment":[{"href":"https:\/\/roveyayinevi.com.tr\/index.php\/wp-json\/wp\/v2\/media?parent=724767"}],"wp:term":[{"taxonomy":"product_brand","embeddable":true,"href":"https:\/\/roveyayinevi.com.tr\/index.php\/wp-json\/wp\/v2\/product_brand?post=724767"},{"taxonomy":"product_cat","embeddable":true,"href":"https:\/\/roveyayinevi.com.tr\/index.php\/wp-json\/wp\/v2\/product_cat?post=724767"},{"taxonomy":"product_tag","embeddable":true,"href":"https:\/\/roveyayinevi.com.tr\/index.php\/wp-json\/wp\/v2\/product_tag?post=724767"}],"curies":[{"name":"wp","href":"https:\/\/api.w.org\/{rel}","templated":true}]}}