{"id":724766,"date":"2025-08-27T19:39:32","date_gmt":"2025-08-27T16:39:32","guid":{"rendered":"https:\/\/roveyayinevi.com.tr\/index.php\/urun\/sosyal-demokrasinin-gelecegi\/"},"modified":"2026-04-16T02:32:29","modified_gmt":"2026-04-15T23:32:29","slug":"sosyal-demokrasinin-gelecegi","status":"publish","type":"product","link":"https:\/\/roveyayinevi.com.tr\/index.php\/urun\/sosyal-demokrasinin-gelecegi\/","title":{"rendered":"Sosyal Demokrasinin Gelece\u011fi"},"content":{"rendered":"<p>1955\u2019te yap\u0131lan birle\u015fme kurultay\u0131 sonras\u0131nda SHP, 1992\u2019de yeniden a\u00e7\u0131lan CHP i\u00e7erisinde eridi. Bu yeni yap\u0131lanman\u0131n sosyal demokrat de\u011ferleri savunmadaki bo\u015flu\u011funu g\u00f6rev bilen kadrolar bir dergi etraf\u0131nda topland\u0131. Onlara g\u00f6re sosyal demokrasi do\u011fru bir ideolojiydi. Tart\u0131\u015fmal\u0131, T\u00fcrkiye\u2019nin sorunlar\u0131na \u00e7\u00f6z\u00fcm geli\u015ftirmeli, kitlelere ula\u015f\u0131lmal\u0131, memleket hak etti\u011fi \u00e7a\u011fda\u015f, demokrat bir anlay\u0131\u015fla y\u00f6netilmelidir. Sosyal Demokrat De\u011fi\u015fim (SDD) dergisi yay\u0131n hayat\u0131na Mart 1996\u2019da ba\u015flad\u0131. Nisan 1991\u2019de yay\u0131n hayat\u0131n\u0131 durdurana kadar tam 19 say\u0131 yay\u0131mlad\u0131.Askeri rejimlerin bask\u0131s\u0131 alt\u0131nda seslerini y\u00fckseltmekten ka\u00e7\u0131nmayan korkusuz ayd\u0131nlar\u0131m\u0131z\u0131n s\u00f6ylem ve d\u00fc\u015f\u00fcncelerinin yeniden hat\u0131rlanmas\u0131n\u0131n zamana uygun d\u00fc\u015ft\u00fc\u011f\u00fc ve bu yaz\u0131lardaki de\u011ferlendirmelerin \u00fclkemizde erge\u00e7 kurulacak \u201cinsanca ve hak\u00e7a bir d\u00fczen\u201d i\u00e7in ideolojik taban olu\u015fturulmas\u0131na katk\u0131da bulundu\u011fu d\u00fc\u015f\u00fcncesiyle se\u00e7ti\u011fimiz yaz\u0131lar\u0131 yeniden vatanda\u015flar\u0131m\u0131za sunmak istedik. <\/p>\n","protected":false},"excerpt":{"rendered":"<p>1955\u2019te yap\u0131lan birle\u015fme kurultay\u0131 sonras\u0131nda SHP, 1992\u2019de yeniden a\u00e7\u0131lan CHP i\u00e7erisinde eridi. Bu yeni yap\u0131lanman\u0131n sosyal demokrat de\u011ferleri savunmadaki bo\u015flu\u011funu g\u00f6rev bilen kadrolar bir dergi etraf\u0131nda<span class=\"excerpt-hellip\"> [\u2026]<\/span><\/p>\n","protected":false},"featured_media":0,"template":"","meta":{"_monsterinsights_skip_tracking":false,"_monsterinsights_sitenote_active":false,"_monsterinsights_sitenote_note":"","_monsterinsights_sitenote_category":0},"product_brand":[],"product_cat":[12337,14543],"product_tag":[],"class_list":{"0":"post-724766","1":"product","2":"type-product","3":"status-publish","5":"product_cat-politika-siyaset","6":"product_cat-turkiye-siyaseti-ve-politikasi","7":"pa_cilt-ciltsiz","8":"pa_tur-kitap","9":"pa_yayinevi-sosyal-demokrasi-dernegi","10":"pa_yazar-kolektif","12":"first","13":"instock","14":"sale","15":"shipping-taxable","16":"purchasable","17":"product-type-simple"},"_links":{"self":[{"href":"https:\/\/roveyayinevi.com.tr\/index.php\/wp-json\/wp\/v2\/product\/724766","targetHints":{"allow":["GET"]}}],"collection":[{"href":"https:\/\/roveyayinevi.com.tr\/index.php\/wp-json\/wp\/v2\/product"}],"about":[{"href":"https:\/\/roveyayinevi.com.tr\/index.php\/wp-json\/wp\/v2\/types\/product"}],"wp:attachment":[{"href":"https:\/\/roveyayinevi.com.tr\/index.php\/wp-json\/wp\/v2\/media?parent=724766"}],"wp:term":[{"taxonomy":"product_brand","embeddable":true,"href":"https:\/\/roveyayinevi.com.tr\/index.php\/wp-json\/wp\/v2\/product_brand?post=724766"},{"taxonomy":"product_cat","embeddable":true,"href":"https:\/\/roveyayinevi.com.tr\/index.php\/wp-json\/wp\/v2\/product_cat?post=724766"},{"taxonomy":"product_tag","embeddable":true,"href":"https:\/\/roveyayinevi.com.tr\/index.php\/wp-json\/wp\/v2\/product_tag?post=724766"}],"curies":[{"name":"wp","href":"https:\/\/api.w.org\/{rel}","templated":true}]}}