{"id":724765,"date":"2025-08-27T19:39:31","date_gmt":"2025-08-27T16:39:31","guid":{"rendered":"https:\/\/roveyayinevi.com.tr\/index.php\/urun\/sosyal-demokrasi-ve-arayis\/"},"modified":"2026-04-16T02:32:29","modified_gmt":"2026-04-15T23:32:29","slug":"sosyal-demokrasi-ve-arayis","status":"publish","type":"product","link":"https:\/\/roveyayinevi.com.tr\/index.php\/urun\/sosyal-demokrasi-ve-arayis\/","title":{"rendered":"Sosyal Demokrasi ve Aray\u0131\u015f"},"content":{"rendered":"<p>12 Eyl\u00fcl darbesinden bir y\u0131l sonra B\u00fclent Ecevit\u2019in ba\u015fyazarl\u0131\u011f\u0131n\u0131, Nahit Duru\u2019nun yaz\u0131 i\u015fleri m\u00fcd\u00fcrl\u00fc\u011f\u00fcn\u00fc yapt\u0131\u011f\u0131 aray\u0131\u015f dergisi bu karanl\u0131k d\u00f6nemde, bir mum yakmak i\u00e7in yola \u00e7\u0131kma cesareti g\u00f6steren bir avu\u00e7 insan\u0131n direni\u015fidir asl\u0131nda.Beklendi\u011fi gibi Aray\u0131\u015f\u2019\u0131n \u00f6zg\u00fcrl\u00fck \u0131\u015f\u0131\u011f\u0131 pek \u00e7ok ki\u015fiyi rahats\u0131z etmi\u015f. Nitekim s\u0131k\u0131y\u00f6netim komutanl\u0131\u011f\u0131 onlar\u0131n \u015fikayetleri nedeniyle Aray\u0131\u015f\u2019a Ecevit\u2019e y\u00fcklenmi\u015f\u2026Demokrasiyi savunan Aray\u0131\u015f, s\u0131k\u0131y\u00f6netim ko\u015fullar\u0131na ra\u011fmen yine de 54 hafta \u00e7\u0131kar\u0131labilmi\u015f.Askeri rejimin bask\u0131s\u0131 alt\u0131nda seslerini y\u00fckseltmekten ka\u00e7\u0131nmayan korkusuz ayd\u0131nlar\u0131m\u0131z\u0131n s\u00f6ylem ve d\u00fc\u015f\u00fcncelerinin yeniden hat\u0131rlanmas\u0131n\u0131n zamana uygun d\u00fc\u015ft\u00fc\u011f\u00fc ve bu yaz\u0131lardaki de\u011ferlendirmelerin \u00fclkemizde erge\u00e7 kurulacak \u201cinsanca ve hak\u00e7a bir d\u00fczen\u201d i\u00e7in ideolojik bir taban olu\u015fturulmas\u0131na katk\u0131da bulundu\u011fu d\u00fc\u015f\u00fcncesiyle se\u00e7ti\u011fimiz yaz\u0131lar\u0131 yeniden vatanda\u015flar\u0131m\u0131za sunmak istedik. <\/p>\n","protected":false},"excerpt":{"rendered":"<p>12 Eyl\u00fcl darbesinden bir y\u0131l sonra B\u00fclent Ecevit\u2019in ba\u015fyazarl\u0131\u011f\u0131n\u0131, Nahit Duru\u2019nun yaz\u0131 i\u015fleri m\u00fcd\u00fcrl\u00fc\u011f\u00fcn\u00fc yapt\u0131\u011f\u0131 aray\u0131\u015f dergisi bu karanl\u0131k d\u00f6nemde, bir mum yakmak i\u00e7in yola \u00e7\u0131kma<span class=\"excerpt-hellip\"> [\u2026]<\/span><\/p>\n","protected":false},"featured_media":0,"template":"","meta":{"_monsterinsights_skip_tracking":false,"_monsterinsights_sitenote_active":false,"_monsterinsights_sitenote_note":"","_monsterinsights_sitenote_category":0},"product_brand":[],"product_cat":[12337,14543],"product_tag":[],"class_list":{"0":"post-724765","1":"product","2":"type-product","3":"status-publish","5":"product_cat-politika-siyaset","6":"product_cat-turkiye-siyaseti-ve-politikasi","7":"pa_cilt-ciltsiz","8":"pa_tur-kitap","9":"pa_yayinevi-sosyal-demokrasi-dernegi","10":"pa_yazar-kolektif","12":"first","13":"instock","14":"sale","15":"shipping-taxable","16":"purchasable","17":"product-type-simple"},"_links":{"self":[{"href":"https:\/\/roveyayinevi.com.tr\/index.php\/wp-json\/wp\/v2\/product\/724765","targetHints":{"allow":["GET"]}}],"collection":[{"href":"https:\/\/roveyayinevi.com.tr\/index.php\/wp-json\/wp\/v2\/product"}],"about":[{"href":"https:\/\/roveyayinevi.com.tr\/index.php\/wp-json\/wp\/v2\/types\/product"}],"wp:attachment":[{"href":"https:\/\/roveyayinevi.com.tr\/index.php\/wp-json\/wp\/v2\/media?parent=724765"}],"wp:term":[{"taxonomy":"product_brand","embeddable":true,"href":"https:\/\/roveyayinevi.com.tr\/index.php\/wp-json\/wp\/v2\/product_brand?post=724765"},{"taxonomy":"product_cat","embeddable":true,"href":"https:\/\/roveyayinevi.com.tr\/index.php\/wp-json\/wp\/v2\/product_cat?post=724765"},{"taxonomy":"product_tag","embeddable":true,"href":"https:\/\/roveyayinevi.com.tr\/index.php\/wp-json\/wp\/v2\/product_tag?post=724765"}],"curies":[{"name":"wp","href":"https:\/\/api.w.org\/{rel}","templated":true}]}}