{"id":724764,"date":"2025-08-27T19:39:31","date_gmt":"2025-08-27T16:39:31","guid":{"rendered":"https:\/\/roveyayinevi.com.tr\/index.php\/urun\/ozgur-insan-ve-demokrasi\/"},"modified":"2026-04-16T02:32:29","modified_gmt":"2026-04-15T23:32:29","slug":"ozgur-insan-ve-demokrasi","status":"publish","type":"product","link":"https:\/\/roveyayinevi.com.tr\/index.php\/urun\/ozgur-insan-ve-demokrasi\/","title":{"rendered":"\u00d6zg\u00fcr \u0130nsan Ve Demokrasi"},"content":{"rendered":"<p>T\u00fcrk toplumu art\u0131k demokrasiden yoksun ya\u015fayamaz. Fakat T\u00fcrk toplumu hen\u00fcz demokrasiyi ya\u015fatabilmenin ve sorunlar\u0131n demokratik rejim i\u00e7inde k\u00f6kl\u00fc de\u011fi\u015fiklikler getirebilmenin yolunu da bulamam\u0131\u015ft\u0131r. O y\u00fczden birka\u00e7 y\u0131lda bir demokrasimi kazaya u\u011framaktad\u0131r. \u00d6ZG\u00dcR \u0130NSAN Dergisi, \u00fclkemizde demokrasiye s\u00fcreklilik ve verimlilik kazand\u0131rabilmek i\u00e7in, demokratik rejim i\u00e7inde toplum sorunlar\u0131m\u0131za k\u00f6kl\u00fc \u00e7\u00f6z\u00fcmler getirilmesini sa\u011flayabilmek i\u00e7in neler gerekti\u011fini ara\u015ft\u0131racakt\u0131r. Demokrasi yaln\u0131z T\u00fcrkiye de de\u011fil, ba\u015fka bir \u00e7ok demokratik \u00fclkelerde bir bunal\u0131m d\u00f6nemine ge\u00e7iyor. \u00d6ZG\u00dcR \u0130NSAN Dergisi, demokrasideki bunal\u0131m\u0131n nedenleri \u00fczerine e\u011filecek, \u00e7a\u011f\u0131m\u0131za ve \u00fclkemize en uygun demokrasi uygulamas\u0131n\u0131 tart\u0131\u015facakt\u0131r.B\u00fclent ECEV\u0130THaziran 1972<\/p>\n","protected":false},"excerpt":{"rendered":"<p>T\u00fcrk toplumu art\u0131k demokrasiden yoksun ya\u015fayamaz. Fakat T\u00fcrk toplumu hen\u00fcz demokrasiyi ya\u015fatabilmenin ve sorunlar\u0131n demokratik rejim i\u00e7inde k\u00f6kl\u00fc de\u011fi\u015fiklikler getirebilmenin yolunu da bulamam\u0131\u015ft\u0131r. O y\u00fczden birka\u00e7<span class=\"excerpt-hellip\"> [\u2026]<\/span><\/p>\n","protected":false},"featured_media":0,"template":"","meta":{"_monsterinsights_skip_tracking":false,"_monsterinsights_sitenote_active":false,"_monsterinsights_sitenote_note":"","_monsterinsights_sitenote_category":0},"product_brand":[],"product_cat":[12337,14543],"product_tag":[],"class_list":{"0":"post-724764","1":"product","2":"type-product","3":"status-publish","5":"product_cat-politika-siyaset","6":"product_cat-turkiye-siyaseti-ve-politikasi","7":"pa_cilt-ciltsiz","8":"pa_tur-kitap","9":"pa_yayinevi-sosyal-demokrasi-dernegi","10":"pa_yazar-kolektif","12":"first","13":"instock","14":"sale","15":"shipping-taxable","16":"purchasable","17":"product-type-simple"},"_links":{"self":[{"href":"https:\/\/roveyayinevi.com.tr\/index.php\/wp-json\/wp\/v2\/product\/724764","targetHints":{"allow":["GET"]}}],"collection":[{"href":"https:\/\/roveyayinevi.com.tr\/index.php\/wp-json\/wp\/v2\/product"}],"about":[{"href":"https:\/\/roveyayinevi.com.tr\/index.php\/wp-json\/wp\/v2\/types\/product"}],"wp:attachment":[{"href":"https:\/\/roveyayinevi.com.tr\/index.php\/wp-json\/wp\/v2\/media?parent=724764"}],"wp:term":[{"taxonomy":"product_brand","embeddable":true,"href":"https:\/\/roveyayinevi.com.tr\/index.php\/wp-json\/wp\/v2\/product_brand?post=724764"},{"taxonomy":"product_cat","embeddable":true,"href":"https:\/\/roveyayinevi.com.tr\/index.php\/wp-json\/wp\/v2\/product_cat?post=724764"},{"taxonomy":"product_tag","embeddable":true,"href":"https:\/\/roveyayinevi.com.tr\/index.php\/wp-json\/wp\/v2\/product_tag?post=724764"}],"curies":[{"name":"wp","href":"https:\/\/api.w.org\/{rel}","templated":true}]}}