{"id":724763,"date":"2025-08-27T19:39:30","date_gmt":"2025-08-27T16:39:30","guid":{"rendered":"https:\/\/roveyayinevi.com.tr\/index.php\/urun\/turkiyenin-demokrasi-krizini-asmasi-icin-kucaklayici-demokrasi-konusmalari\/"},"modified":"2026-04-16T02:32:29","modified_gmt":"2026-04-15T23:32:29","slug":"turkiyenin-demokrasi-krizini-asmasi-icin-kucaklayici-demokrasi-konusmalari","status":"publish","type":"product","link":"https:\/\/roveyayinevi.com.tr\/index.php\/urun\/turkiyenin-demokrasi-krizini-asmasi-icin-kucaklayici-demokrasi-konusmalari\/","title":{"rendered":"T\u00fcrkiye\u2019nin Demokrasi Krizini A\u015fmas\u0131 \u0130\u00e7in Kucaklay\u0131c\u0131 Demokrasi Konu\u015fmalar\u0131"},"content":{"rendered":"<p>T\u00fcrkiye\u2019nin bug\u00fcn geldi\u011fi nokta tam bir demokrasi krizi olarak adland\u0131r\u0131labilir. AKP\u2019nin iktidar\u0131 kaybetmesinin T\u00fcrkiye\u2019nin bu demokrasi krizinden \u00e7\u0131kmas\u0131 i\u00e7in yeterli olaca\u011f\u0131n\u0131 d\u00fc\u015f\u00fcnmemek gerekir. T\u00fcrkiye\u2019nin demokrasi krizinden \u00e7\u0131kabilmesi i\u00e7in T\u00fcrkiye\u2019de bar\u0131\u015f ve demokrasiden yana olan bir projenin toplumda hegemonik bir pozisyon kazanmas\u0131 gerekir. Ben krizin yo\u011funla\u015farak s\u00fcrd\u00fc\u011f\u00fc bir ortamda krizde i\u00e7inden ge\u00e7ilebilen dinamiklerin T\u00fcrkiye\u2019deki de\u011fi\u015fik siyasal gruplar\u0131 yeni bir demokrasi projesi \u00fczerinde uzla\u015fma noktas\u0131na yak\u0131nla\u015ft\u0131rd\u0131\u011f\u0131 kan\u0131s\u0131n\u0131 ta\u015f\u0131yorum. Bu uzla\u015fma noktas\u0131 ayn\u0131 zamanda yeni T\u00fcrkiye\u2019nin \u00f6n\u00fcn\u00fc a\u00e7acak yeni bir siyasal k\u00fclt\u00fcr\u00fcn geli\u015fme yolunun a\u00e7\u0131lmas\u0131 demek olacakt\u0131r.Prof. Dr. \u0130lhan TEKEL\u0130<\/p>\n","protected":false},"excerpt":{"rendered":"<p>T\u00fcrkiye\u2019nin bug\u00fcn geldi\u011fi nokta tam bir demokrasi krizi olarak adland\u0131r\u0131labilir. AKP\u2019nin iktidar\u0131 kaybetmesinin T\u00fcrkiye\u2019nin bu demokrasi krizinden \u00e7\u0131kmas\u0131 i\u00e7in yeterli olaca\u011f\u0131n\u0131 d\u00fc\u015f\u00fcnmemek gerekir. T\u00fcrkiye\u2019nin demokrasi krizinden<span class=\"excerpt-hellip\"> [\u2026]<\/span><\/p>\n","protected":false},"featured_media":0,"template":"","meta":{"_monsterinsights_skip_tracking":false,"_monsterinsights_sitenote_active":false,"_monsterinsights_sitenote_note":"","_monsterinsights_sitenote_category":0},"product_brand":[],"product_cat":[12337,14543],"product_tag":[],"class_list":{"0":"post-724763","1":"product","2":"type-product","3":"status-publish","5":"product_cat-politika-siyaset","6":"product_cat-turkiye-siyaseti-ve-politikasi","7":"pa_cilt-ciltsiz","8":"pa_tur-kitap","9":"pa_yayinevi-sosyal-demokrasi-dernegi","10":"pa_yazar-ilhan-tekeli","12":"first","13":"instock","14":"sale","15":"shipping-taxable","16":"purchasable","17":"product-type-simple"},"_links":{"self":[{"href":"https:\/\/roveyayinevi.com.tr\/index.php\/wp-json\/wp\/v2\/product\/724763","targetHints":{"allow":["GET"]}}],"collection":[{"href":"https:\/\/roveyayinevi.com.tr\/index.php\/wp-json\/wp\/v2\/product"}],"about":[{"href":"https:\/\/roveyayinevi.com.tr\/index.php\/wp-json\/wp\/v2\/types\/product"}],"wp:attachment":[{"href":"https:\/\/roveyayinevi.com.tr\/index.php\/wp-json\/wp\/v2\/media?parent=724763"}],"wp:term":[{"taxonomy":"product_brand","embeddable":true,"href":"https:\/\/roveyayinevi.com.tr\/index.php\/wp-json\/wp\/v2\/product_brand?post=724763"},{"taxonomy":"product_cat","embeddable":true,"href":"https:\/\/roveyayinevi.com.tr\/index.php\/wp-json\/wp\/v2\/product_cat?post=724763"},{"taxonomy":"product_tag","embeddable":true,"href":"https:\/\/roveyayinevi.com.tr\/index.php\/wp-json\/wp\/v2\/product_tag?post=724763"}],"curies":[{"name":"wp","href":"https:\/\/api.w.org\/{rel}","templated":true}]}}