{"id":724762,"date":"2025-08-27T19:39:30","date_gmt":"2025-08-27T16:39:30","guid":{"rendered":"https:\/\/roveyayinevi.com.tr\/index.php\/urun\/gumruk-birligi-ve-politik-iktisadi-sorunsali\/"},"modified":"2026-04-16T02:32:28","modified_gmt":"2026-04-15T23:32:28","slug":"gumruk-birligi-ve-politik-iktisadi-sorunsali","status":"publish","type":"product","link":"https:\/\/roveyayinevi.com.tr\/index.php\/urun\/gumruk-birligi-ve-politik-iktisadi-sorunsali\/","title":{"rendered":"G\u00fcmr\u00fck Birli\u011fi ve Politik \u0130ktisadi Sorunsal\u0131"},"content":{"rendered":"<p>Yakla\u015f\u0131k yar\u0131m as\u0131r \u00f6nce, o g\u00fcn\u00fcn ko\u015fullar\u0131na g\u00f6re \u015fekillendirilmi\u015f bir ticari anla\u015fman\u0131n bug\u00fcnk\u00fc etkinli\u011fi do\u011fal olarak tart\u0131\u015fmal\u0131 hale gelmi\u015ftir. Bu s\u00fcre i\u00e7erisinde K\u00fcresel ekonomiden Avrupa Birli\u011fi ekonomisine, T\u00fcrk ekonomisinden Avrupa Birli\u011fi\u2019nin siyasi yap\u0131s\u0131na ve T\u00fcrkiye\u2019nin n\u00fcfusuna \u00e7ok b\u00fcy\u00fck de\u011fi\u015fiklikler meydana gelmi\u015ftir. G\u00fcmr\u00fck Birli\u011fi\u2019nin g\u00fcncellenmesinden G\u00fcmr\u00fck Birli\u011fi\u2019nin uygulanmas\u0131nda ortaya \u00e7\u0131km\u0131\u015f bulunan tek tarafl\u0131l\u0131k gibi bir \u00e7ok sorunun \u00e7\u00f6z\u00fcm\u00fc \u00f6ncelikle Avrupa Birli\u011fi ile geli\u015ftirilecek siyasi bir diyalog mekanizmas\u0131ndan ge\u00e7ti\u011fini \u00f6ncelikli olarak belirtmeliyiz. Avrupa Birli\u011fi \u2013T\u00fcrkiye G\u00fcmr\u00fck Birli\u011fi\u2019nin basit bir ekonomik b\u00fct\u00fcnle\u015fme hareketi olmad\u0131\u011f\u0131, 1963 Ankara anla\u015fmas\u0131 ile ba\u015flayan Avrupa Birli\u011fi\u2019ne tam \u00fcyelik y\u00fcr\u00fcy\u00fc\u015f\u00fcn\u00fcn \u00e7ok \u00f6nemli bir kilometre ta\u015f\u0131 oldu\u011fu ak\u0131ldan \u00e7\u0131kar\u0131lmayarak, G\u00fcmr\u00fck Birli\u011fi\u2019nin gelece\u011fine ili\u015fkin kararlar\u0131n al\u0131nmas\u0131nda, T\u00fcrkiye\u2019de s\u0131k s\u0131k d\u00fc\u015f\u00fclen salt ekonomik \u00f6l\u00e7\u00fctlere de\u011ferlendirme yapma yanl\u0131\u015f\u0131ndan da bir an \u00f6nce vazge\u00e7ilmelidir.Prof. Dr. Ahmet \u015eAH\u0130N\u00d6Z<\/p>\n","protected":false},"excerpt":{"rendered":"<p>Yakla\u015f\u0131k yar\u0131m as\u0131r \u00f6nce, o g\u00fcn\u00fcn ko\u015fullar\u0131na g\u00f6re \u015fekillendirilmi\u015f bir ticari anla\u015fman\u0131n bug\u00fcnk\u00fc etkinli\u011fi do\u011fal olarak tart\u0131\u015fmal\u0131 hale gelmi\u015ftir. Bu s\u00fcre i\u00e7erisinde K\u00fcresel ekonomiden Avrupa Birli\u011fi<span class=\"excerpt-hellip\"> [\u2026]<\/span><\/p>\n","protected":false},"featured_media":0,"template":"","meta":{"_monsterinsights_skip_tracking":false,"_monsterinsights_sitenote_active":false,"_monsterinsights_sitenote_note":"","_monsterinsights_sitenote_category":0},"product_brand":[],"product_cat":[12337,14543],"product_tag":[],"class_list":{"0":"post-724762","1":"product","2":"type-product","3":"status-publish","5":"product_cat-politika-siyaset","6":"product_cat-turkiye-siyaseti-ve-politikasi","7":"pa_cilt-ciltsiz","8":"pa_tur-kitap","9":"pa_yayinevi-sosyal-demokrasi-dernegi","10":"pa_yazar-ahmet-sahinoz","12":"first","13":"instock","14":"sale","15":"shipping-taxable","16":"purchasable","17":"product-type-simple"},"_links":{"self":[{"href":"https:\/\/roveyayinevi.com.tr\/index.php\/wp-json\/wp\/v2\/product\/724762","targetHints":{"allow":["GET"]}}],"collection":[{"href":"https:\/\/roveyayinevi.com.tr\/index.php\/wp-json\/wp\/v2\/product"}],"about":[{"href":"https:\/\/roveyayinevi.com.tr\/index.php\/wp-json\/wp\/v2\/types\/product"}],"wp:attachment":[{"href":"https:\/\/roveyayinevi.com.tr\/index.php\/wp-json\/wp\/v2\/media?parent=724762"}],"wp:term":[{"taxonomy":"product_brand","embeddable":true,"href":"https:\/\/roveyayinevi.com.tr\/index.php\/wp-json\/wp\/v2\/product_brand?post=724762"},{"taxonomy":"product_cat","embeddable":true,"href":"https:\/\/roveyayinevi.com.tr\/index.php\/wp-json\/wp\/v2\/product_cat?post=724762"},{"taxonomy":"product_tag","embeddable":true,"href":"https:\/\/roveyayinevi.com.tr\/index.php\/wp-json\/wp\/v2\/product_tag?post=724762"}],"curies":[{"name":"wp","href":"https:\/\/api.w.org\/{rel}","templated":true}]}}