{"id":724761,"date":"2025-08-27T19:39:29","date_gmt":"2025-08-27T16:39:29","guid":{"rendered":"https:\/\/roveyayinevi.com.tr\/index.php\/urun\/turkiyenin-demokrasi-krizini-asmasi-icin-derinlestirilen-demokrasi-konusmalari\/"},"modified":"2026-04-16T02:32:28","modified_gmt":"2026-04-15T23:32:28","slug":"turkiyenin-demokrasi-krizini-asmasi-icin-derinlestirilen-demokrasi-konusmalari","status":"publish","type":"product","link":"https:\/\/roveyayinevi.com.tr\/index.php\/urun\/turkiyenin-demokrasi-krizini-asmasi-icin-derinlestirilen-demokrasi-konusmalari\/","title":{"rendered":"T\u00fcrkiye\u2019nin Demokrasi Krizini A\u015fmas\u0131 \u0130\u00e7in Derinle\u015ftirilen Demokrasi Konu\u015fmalar\u0131"},"content":{"rendered":"<p>G\u00fcn\u00fcm\u00fczde, T\u00fcrkiye\u2019de kar\u015f\u0131la\u015f\u0131lan hemen her g\u00fc\u00e7l\u00fc\u011f\u00fcn ya da \u00e7\u00f6z\u00fcms\u00fczl\u00fc\u011f\u00fcn gerisinde bir demokrasi problemi oldu\u011funu g\u00f6r\u00fcyorum. E\u011fer bir siyasi sistem demokrasi tart\u0131\u015fmas\u0131n\u0131n \u00f6n\u00fcn\u00fc a\u00e7m\u0131yor, demokrasi tart\u0131\u015fmas\u0131n\u0131n derinlik kazanmas\u0131n\u0131 sa\u011flam\u0131yorsa, biriken tepkiler \u201cGezi\u201d gibi gruplar\u0131n geli\u015fmesine yol a\u00e7\u0131yor. T\u00fcrkiye\u2019nin ya\u015fad\u0131\u011f\u0131 bu demokrasi krizi salt g\u00fcn\u00fcm\u00fcz\u00fcn konjonkt\u00fcr\u00fcyle a\u00e7\u0131klanam\u0131yor, k\u00f6keni 1946 y\u0131l\u0131na kadar geriye giderek izlemek gerekiyor. T\u00fcrkiye\u2019de demokratikle\u015fme \u00f6yk\u00fcs\u00fcn\u00fc Demokrat Parti \u00fczerinden kurup bug\u00fcne getiren gelene\u011fin aksine DP\u2019nin ara\u00e7sal bir demokrasi anlay\u0131\u015f\u0131n\u0131n \u00f6tesine ge\u00e7en, topluma sunulmu\u015f derinlikli bir demokrasi projesinin olmad\u0131\u011f\u0131n\u0131 g\u00f6r\u00fcyoruz. Onun i\u00e7in \u201c1946\u2019da demokrasiye ge\u00e7ildi\u201d ifadesi yerine \u201ctek partili rejimden \u00e7ok partili rejime ge\u00e7ildi\u201d diyoruz. Demokrat Parti, T\u00fcrkiye demokrasi tarihinde kendisine d\u00fc\u015fen \u201cilk demokrasi program\u0131n\u0131 getirmek\u201d f\u0131rsat\u0131n\u0131 kullanamam\u0131\u015ft\u0131r.T\u00fcrkiye\u2019de demokrasi program\u0131n\u0131 ilan etmek \u201c59 bildirgesi\u201dyle CHP\u2019ye kalm\u0131\u015ft\u0131r. G\u00fcn\u00fcm\u00fczde de iktidara kar\u015f\u0131 iddia ta\u015f\u0131yan ana parti e\u011fer CHP ise, d\u00f6rt ba\u015f\u0131 ma\u011frur bir demokrasi projesine ihtiyac\u0131 vard\u0131r. E\u011fer b\u00f6yle bir demokrasi projesi varsa, se\u00e7im tekniklerini de ihmal etmeden bir se\u00e7im mobilizasyonu ba\u015far\u0131yla ger\u00e7ekle\u015ftirebilir. B\u00f6yle bir demokrasi projesinin varl\u0131\u011f\u0131, onu g\u00fcvenilir ve tutarl\u0131 k\u0131lar. Prof. Dr. \u0130lhan TEKEL\u0130<\/p>\n","protected":false},"excerpt":{"rendered":"<p>G\u00fcn\u00fcm\u00fczde, T\u00fcrkiye\u2019de kar\u015f\u0131la\u015f\u0131lan hemen her g\u00fc\u00e7l\u00fc\u011f\u00fcn ya da \u00e7\u00f6z\u00fcms\u00fczl\u00fc\u011f\u00fcn gerisinde bir demokrasi problemi oldu\u011funu g\u00f6r\u00fcyorum. E\u011fer bir siyasi sistem demokrasi tart\u0131\u015fmas\u0131n\u0131n \u00f6n\u00fcn\u00fc a\u00e7m\u0131yor, demokrasi tart\u0131\u015fmas\u0131n\u0131n derinlik<span class=\"excerpt-hellip\"> [\u2026]<\/span><\/p>\n","protected":false},"featured_media":0,"template":"","meta":{"_monsterinsights_skip_tracking":false,"_monsterinsights_sitenote_active":false,"_monsterinsights_sitenote_note":"","_monsterinsights_sitenote_category":0},"product_brand":[],"product_cat":[12337,16547],"product_tag":[],"class_list":{"0":"post-724761","1":"product","2":"type-product","3":"status-publish","5":"product_cat-politika-siyaset","6":"product_cat-sol-hareketler","7":"pa_cilt-ciltsiz","8":"pa_tur-kitap","9":"pa_yayinevi-sosyal-demokrasi-dernegi","10":"pa_yazar-ilhan-tekeli","12":"first","13":"instock","14":"sale","15":"shipping-taxable","16":"purchasable","17":"product-type-simple"},"_links":{"self":[{"href":"https:\/\/roveyayinevi.com.tr\/index.php\/wp-json\/wp\/v2\/product\/724761","targetHints":{"allow":["GET"]}}],"collection":[{"href":"https:\/\/roveyayinevi.com.tr\/index.php\/wp-json\/wp\/v2\/product"}],"about":[{"href":"https:\/\/roveyayinevi.com.tr\/index.php\/wp-json\/wp\/v2\/types\/product"}],"wp:attachment":[{"href":"https:\/\/roveyayinevi.com.tr\/index.php\/wp-json\/wp\/v2\/media?parent=724761"}],"wp:term":[{"taxonomy":"product_brand","embeddable":true,"href":"https:\/\/roveyayinevi.com.tr\/index.php\/wp-json\/wp\/v2\/product_brand?post=724761"},{"taxonomy":"product_cat","embeddable":true,"href":"https:\/\/roveyayinevi.com.tr\/index.php\/wp-json\/wp\/v2\/product_cat?post=724761"},{"taxonomy":"product_tag","embeddable":true,"href":"https:\/\/roveyayinevi.com.tr\/index.php\/wp-json\/wp\/v2\/product_tag?post=724761"}],"curies":[{"name":"wp","href":"https:\/\/api.w.org\/{rel}","templated":true}]}}