{"id":724760,"date":"2025-08-27T19:39:28","date_gmt":"2025-08-27T16:39:28","guid":{"rendered":"https:\/\/roveyayinevi.com.tr\/index.php\/urun\/degisim-seninle-baslasin\/"},"modified":"2026-04-16T02:32:28","modified_gmt":"2026-04-15T23:32:28","slug":"degisim-seninle-baslasin","status":"publish","type":"product","link":"https:\/\/roveyayinevi.com.tr\/index.php\/urun\/degisim-seninle-baslasin\/","title":{"rendered":"De\u011fi\u015fim Seninle Ba\u015flas\u0131n"},"content":{"rendered":"<p>Bu kitap\u00e7\u0131\u011f\u0131n birey olan\u0131n \u00e7a\u011fda\u015f uygarl\u0131k d\u00fczeyine ula\u015fmada \u00f6nemini vurgulayan yaz\u0131, g\u00fczel s\u00f6zler, anekdot ve hikayeleri bir araya getirerek toplumumuzdaki bilin\u00e7lenmeye katk\u0131da bulunmak d\u0131\u015f\u0131nda bir amac\u0131 yoktur.<\/p>\n","protected":false},"excerpt":{"rendered":"<p>Bu kitap\u00e7\u0131\u011f\u0131n birey olan\u0131n \u00e7a\u011fda\u015f uygarl\u0131k d\u00fczeyine ula\u015fmada \u00f6nemini vurgulayan yaz\u0131, g\u00fczel s\u00f6zler, anekdot ve hikayeleri bir araya getirerek toplumumuzdaki bilin\u00e7lenmeye katk\u0131da bulunmak d\u0131\u015f\u0131nda bir amac\u0131<span class=\"excerpt-hellip\"> [\u2026]<\/span><\/p>\n","protected":false},"featured_media":0,"template":"","meta":{"_monsterinsights_skip_tracking":false,"_monsterinsights_sitenote_active":false,"_monsterinsights_sitenote_note":"","_monsterinsights_sitenote_category":0},"product_brand":[],"product_cat":[12337,14543],"product_tag":[],"class_list":{"0":"post-724760","1":"product","2":"type-product","3":"status-publish","5":"product_cat-politika-siyaset","6":"product_cat-turkiye-siyaseti-ve-politikasi","7":"pa_cilt-ciltsiz","8":"pa_tur-kitap","9":"pa_yayinevi-sosyal-demokrasi-dernegi","10":"pa_yazar-kolektif","12":"first","13":"instock","14":"sale","15":"shipping-taxable","16":"purchasable","17":"product-type-simple"},"_links":{"self":[{"href":"https:\/\/roveyayinevi.com.tr\/index.php\/wp-json\/wp\/v2\/product\/724760","targetHints":{"allow":["GET"]}}],"collection":[{"href":"https:\/\/roveyayinevi.com.tr\/index.php\/wp-json\/wp\/v2\/product"}],"about":[{"href":"https:\/\/roveyayinevi.com.tr\/index.php\/wp-json\/wp\/v2\/types\/product"}],"wp:attachment":[{"href":"https:\/\/roveyayinevi.com.tr\/index.php\/wp-json\/wp\/v2\/media?parent=724760"}],"wp:term":[{"taxonomy":"product_brand","embeddable":true,"href":"https:\/\/roveyayinevi.com.tr\/index.php\/wp-json\/wp\/v2\/product_brand?post=724760"},{"taxonomy":"product_cat","embeddable":true,"href":"https:\/\/roveyayinevi.com.tr\/index.php\/wp-json\/wp\/v2\/product_cat?post=724760"},{"taxonomy":"product_tag","embeddable":true,"href":"https:\/\/roveyayinevi.com.tr\/index.php\/wp-json\/wp\/v2\/product_tag?post=724760"}],"curies":[{"name":"wp","href":"https:\/\/api.w.org\/{rel}","templated":true}]}}