{"id":724759,"date":"2025-08-27T19:39:28","date_gmt":"2025-08-27T16:39:28","guid":{"rendered":"https:\/\/roveyayinevi.com.tr\/index.php\/urun\/bana-ne-deme\/"},"modified":"2026-04-16T02:32:28","modified_gmt":"2026-04-15T23:32:28","slug":"bana-ne-deme","status":"publish","type":"product","link":"https:\/\/roveyayinevi.com.tr\/index.php\/urun\/bana-ne-deme\/","title":{"rendered":"Bana Ne Deme"},"content":{"rendered":"<p>\u201cBana Ne\u201d demeyin. Sadece do\u011fru oldu\u011funa inand\u0131\u011f\u0131n\u0131z ve size yap\u0131lmas\u0131n\u0131 istedi\u011finiz gibi davran\u0131n, tav\u0131r al\u0131n ve m\u00fcmk\u00fcnse harekete ge\u00e7in. Hayat\u0131n\u0131zdaki de\u011fi\u015fimin ne kadar kolay oldu\u011funu g\u00f6receksiniz. Toplumdaki de\u011fi\u015fimde bu y\u00f6nde davranan bireylerin artmas\u0131 ile daha kolay ger\u00e7ekle\u015fecektir.Ayd\u0131n ESEN<\/p>\n","protected":false},"excerpt":{"rendered":"<p>\u201cBana Ne\u201d demeyin. Sadece do\u011fru oldu\u011funa inand\u0131\u011f\u0131n\u0131z ve size yap\u0131lmas\u0131n\u0131 istedi\u011finiz gibi davran\u0131n, tav\u0131r al\u0131n ve m\u00fcmk\u00fcnse harekete ge\u00e7in. Hayat\u0131n\u0131zdaki de\u011fi\u015fimin ne kadar kolay oldu\u011funu g\u00f6receksiniz.<span class=\"excerpt-hellip\"> [\u2026]<\/span><\/p>\n","protected":false},"featured_media":0,"template":"","meta":{"_monsterinsights_skip_tracking":false,"_monsterinsights_sitenote_active":false,"_monsterinsights_sitenote_note":"","_monsterinsights_sitenote_category":0},"product_brand":[],"product_cat":[12337,14543],"product_tag":[],"class_list":{"0":"post-724759","1":"product","2":"type-product","3":"status-publish","5":"product_cat-politika-siyaset","6":"product_cat-turkiye-siyaseti-ve-politikasi","7":"pa_cilt-ciltsiz","8":"pa_tur-kitap","9":"pa_yayinevi-sosyal-demokrasi-dernegi","10":"pa_yazar-kolektif","12":"first","13":"instock","14":"sale","15":"shipping-taxable","16":"purchasable","17":"product-type-simple"},"_links":{"self":[{"href":"https:\/\/roveyayinevi.com.tr\/index.php\/wp-json\/wp\/v2\/product\/724759","targetHints":{"allow":["GET"]}}],"collection":[{"href":"https:\/\/roveyayinevi.com.tr\/index.php\/wp-json\/wp\/v2\/product"}],"about":[{"href":"https:\/\/roveyayinevi.com.tr\/index.php\/wp-json\/wp\/v2\/types\/product"}],"wp:attachment":[{"href":"https:\/\/roveyayinevi.com.tr\/index.php\/wp-json\/wp\/v2\/media?parent=724759"}],"wp:term":[{"taxonomy":"product_brand","embeddable":true,"href":"https:\/\/roveyayinevi.com.tr\/index.php\/wp-json\/wp\/v2\/product_brand?post=724759"},{"taxonomy":"product_cat","embeddable":true,"href":"https:\/\/roveyayinevi.com.tr\/index.php\/wp-json\/wp\/v2\/product_cat?post=724759"},{"taxonomy":"product_tag","embeddable":true,"href":"https:\/\/roveyayinevi.com.tr\/index.php\/wp-json\/wp\/v2\/product_tag?post=724759"}],"curies":[{"name":"wp","href":"https:\/\/api.w.org\/{rel}","templated":true}]}}