{"id":724756,"date":"2025-08-27T19:39:25","date_gmt":"2025-08-27T16:39:25","guid":{"rendered":"https:\/\/roveyayinevi.com.tr\/index.php\/urun\/rakamlarla-sovyet-iktidarinin-40-yili-1917-1956\/"},"modified":"2026-04-16T02:32:28","modified_gmt":"2026-04-15T23:32:28","slug":"rakamlarla-sovyet-iktidarinin-40-yili-1917-1956","status":"publish","type":"product","link":"https:\/\/roveyayinevi.com.tr\/index.php\/urun\/rakamlarla-sovyet-iktidarinin-40-yili-1917-1956\/","title":{"rendered":"Rakamlarla Sovyet \u0130ktidar\u0131n\u0131n 40 Y\u0131l\u0131 (1917-1956)"},"content":{"rendered":"<p>SBKP-MK&#8217;n\u0131n 16 Mart 1957 tarihli \u201cB\u00fcy\u00fck Sosyalist Ekim Devrimi&#8217;nin 40. Y\u0131l Kutlamas\u0131n\u0131n Haz\u0131rl\u0131\u011f\u0131 \u00dczerine\u201d karar\u0131n\u0131n uygulanmas\u0131 ba\u011flam\u0131nda yay\u0131nlanan bu istatistik derleme; sanayinin, in\u015faat sekt\u00f6r\u00fcn\u00fcn, tar\u0131m\u0131n, ula\u015ft\u0131rman\u0131n geli\u015fmesi ve Sovyet halk\u0131n\u0131n maddi ve k\u00fclt\u00fcrel ya\u015fam standard\u0131n\u0131n y\u00fckselmesi \u00fczerine istatistik veriler i\u00e7ermektedir. Bu veriler, 40 y\u0131l boyunca Sovyet iktidar\u0131n\u0131n elde edilen kazan\u0131mlar\u0131n\u0131 karakterize etmektedir.Bu eser b\u00fct\u00fcn Birlik i\u00e7in verilerin yan\u0131 s\u0131ra, Birlik Cumhuriyetlerinde sanayinin, tar\u0131m\u0131n, k\u00fclt\u00fcr ve sa\u011fl\u0131k sisteminin en \u00f6nemli geli\u015fme g\u00f6stergelerini de i\u00e7ermektedir. Baz\u0131 \u00e7ok \u00f6nemli sorunlarda SSCB ekonomi ve k\u00fclt\u00fcr\u00fcn\u00fcn geli\u015fme g\u00f6stergeleri, kapitalist \u00fclkelerin kar\u015f\u0131l\u0131k gelen verileriyle kar\u015f\u0131la\u015ft\u0131r\u0131lmaktad\u0131r; ayn\u0131 \u015fekilde baz\u0131 durumlarda sosyalist kamp\u0131n iktisadi geli\u015fmesini genel anlamda karakterize eden verilere de yer verilmi\u015ftir.Bir akademisyen, iktisat\u00e7\u0131, i\u015f\u00e7i, k\u00f6yl\u00fc, liseli, \u00fcniversiteli \u00f6\u011frenci, ev kad\u0131n\u0131; velhas\u0131l toplumun b\u00fct\u00fcn kesimleri i\u00e7in ayd\u0131nlatma, sonu\u00e7lar \u00e7\u0131kartma ama\u00e7l\u0131 bir derlemedir bu. Veriler olduk\u00e7a a\u00e7\u0131klay\u0131c\u0131, anlamak istemeyene dahi anlat\u0131c\u0131 oldu\u011fundan dolay\u0131 yorumlar\u0131 olduk\u00e7a k\u0131sa ve bazen de can s\u0131k\u0131c\u0131. Bunu haz\u0131rlayanlar \u015funu demek istemi\u015f olabilirler: 40 y\u0131ll\u0131k Sovyet ger\u00e7e\u011fi, sosyalizm ger\u00e7e\u011fi budur; Sovyet iktidar\u0131n\u0131n m\u00fccadelesini, sosyalizmi bu verilerle \u00f6l\u00e7\u00fclebilir hale getiriyoruz. Aksi taktirde bir istatistik derlemesinin, y\u0131\u011f\u0131n\u0131n\u0131n ba\u015fkaca ne anlam\u0131 olabilir?<\/p>\n","protected":false},"excerpt":{"rendered":"<p>SBKP-MK&#8217;n\u0131n 16 Mart 1957 tarihli \u201cB\u00fcy\u00fck Sosyalist Ekim Devrimi&#8217;nin 40. Y\u0131l Kutlamas\u0131n\u0131n Haz\u0131rl\u0131\u011f\u0131 \u00dczerine\u201d karar\u0131n\u0131n uygulanmas\u0131 ba\u011flam\u0131nda yay\u0131nlanan bu istatistik derleme; sanayinin, in\u015faat sekt\u00f6r\u00fcn\u00fcn, tar\u0131m\u0131n, ula\u015ft\u0131rman\u0131n<span class=\"excerpt-hellip\"> [\u2026]<\/span><\/p>\n","protected":false},"featured_media":0,"template":"","meta":{"_monsterinsights_skip_tracking":false,"_monsterinsights_sitenote_active":false,"_monsterinsights_sitenote_note":"","_monsterinsights_sitenote_category":0},"product_brand":[],"product_cat":[13590,12337],"product_tag":[],"class_list":{"0":"post-724756","1":"product","2":"type-product","3":"status-publish","5":"product_cat-arastirma-inceleme-politika-siyaset","6":"product_cat-politika-siyaset","7":"pa_cilt-ciltsiz","8":"pa_tur-kitap","9":"pa_yayinevi-toz-yayinlari","10":"pa_yazar-kolektif","12":"first","13":"instock","14":"sale","15":"shipping-taxable","16":"purchasable","17":"product-type-simple"},"_links":{"self":[{"href":"https:\/\/roveyayinevi.com.tr\/index.php\/wp-json\/wp\/v2\/product\/724756","targetHints":{"allow":["GET"]}}],"collection":[{"href":"https:\/\/roveyayinevi.com.tr\/index.php\/wp-json\/wp\/v2\/product"}],"about":[{"href":"https:\/\/roveyayinevi.com.tr\/index.php\/wp-json\/wp\/v2\/types\/product"}],"wp:attachment":[{"href":"https:\/\/roveyayinevi.com.tr\/index.php\/wp-json\/wp\/v2\/media?parent=724756"}],"wp:term":[{"taxonomy":"product_brand","embeddable":true,"href":"https:\/\/roveyayinevi.com.tr\/index.php\/wp-json\/wp\/v2\/product_brand?post=724756"},{"taxonomy":"product_cat","embeddable":true,"href":"https:\/\/roveyayinevi.com.tr\/index.php\/wp-json\/wp\/v2\/product_cat?post=724756"},{"taxonomy":"product_tag","embeddable":true,"href":"https:\/\/roveyayinevi.com.tr\/index.php\/wp-json\/wp\/v2\/product_tag?post=724756"}],"curies":[{"name":"wp","href":"https:\/\/api.w.org\/{rel}","templated":true}]}}