{"id":724751,"date":"2025-08-27T19:39:21","date_gmt":"2025-08-27T16:39:21","guid":{"rendered":"https:\/\/roveyayinevi.com.tr\/index.php\/urun\/kibris-yetimleri\/"},"modified":"2026-04-16T02:32:28","modified_gmt":"2026-04-15T23:32:28","slug":"kibris-yetimleri","status":"publish","type":"product","link":"https:\/\/roveyayinevi.com.tr\/index.php\/urun\/kibris-yetimleri\/","title":{"rendered":"K\u0131br\u0131s Yetimleri"},"content":{"rendered":"<p>\u00c7ok az roman b\u00f6ylesine dingin ve huzurlu bir atmosferde ba\u015flay\u0131p, sayfa sayfa \u00f6rd\u00fc\u011f\u00fc kurgusuyla tempoyu ve aksiyonu bu d\u00fczeye kadar \u00e7\u0131karabilir. Akdeniz\u2019in mavili\u011finde berrak havas\u0131, g\u00f6z alabildi\u011fince d\u00fczl\u00fckleri ile K\u0131br\u0131s adas\u0131. Adaya eski arkada\u015f\u0131n\u0131n cenaze t\u00f6reni i\u00e7in gelen bir \u0130ngiliz ressam. Art\u0131k pek tablo satamayan ve bor\u00e7lar\u0131 olan bir ressam. K\u0131z arkada\u015f\u0131yla sorunlar\u0131n\u0131 \u00e7\u00f6zemeyen ve bunalm\u0131\u015f, biraz kendisini dinlemek isteyen, belki bir g\u00f6n\u00fcll\u00fc ka\u00e7ak. Bu ferahl\u0131kla ba\u015flayan hikaye, ilgin\u00e7 kar\u015f\u0131la\u015fmalar, tuhaf insanlar ve kahraman\u0131m\u0131zla beraber okurken bizim de \u00e7\u00f6zmekte zorland\u0131\u011f\u0131m\u0131z sorularla \u00e7etrefille\u015fir. G\u00f6r\u00fcn\u00fcrde acayip hi\u00e7 bir durum yoktur. G\u00fcnd\u00fcz deniz, gece e\u011flence hayat\u0131 ak\u0131p gitmektedir. Derken K\u0131br\u0131s\u2019\u0131n \u00e7\u0131plak g\u00f6zle g\u00f6r\u00fcnmeyen \u00f6teki y\u00fcz\u00fc hikayeye hakim olmaya ba\u015flar. Her cevaps\u0131z soru, netlik kazand\u0131k\u00e7a heyecan dalgas\u0131 s\u0131kla\u015f\u0131r, insan denen varl\u0131\u011f\u0131n ne kadar enteresan olabilece\u011fi bizi bir kez daha \u015fa\u015f\u0131rt\u0131r. \u201cR\u00fcyalar\u0131m\u0131n resmini yapabilir misin?\u201d<\/p>\n","protected":false},"excerpt":{"rendered":"<p>\u00c7ok az roman b\u00f6ylesine dingin ve huzurlu bir atmosferde ba\u015flay\u0131p, sayfa sayfa \u00f6rd\u00fc\u011f\u00fc kurgusuyla tempoyu ve aksiyonu bu d\u00fczeye kadar \u00e7\u0131karabilir. Akdeniz\u2019in mavili\u011finde berrak havas\u0131, g\u00f6z<span class=\"excerpt-hellip\"> [\u2026]<\/span><\/p>\n","protected":false},"featured_media":0,"template":"","meta":{"_monsterinsights_skip_tracking":false,"_monsterinsights_sitenote_active":false,"_monsterinsights_sitenote_note":"","_monsterinsights_sitenote_category":0},"product_brand":[],"product_cat":[12291,12711],"product_tag":[],"class_list":{"0":"post-724751","1":"product","2":"type-product","3":"status-publish","5":"product_cat-edebiyat","6":"product_cat-roman-oyku","7":"pa_cilt-ciltsiz","8":"pa_tur-kitap","9":"pa_yayinevi-yeni-insan-yayinlari","10":"pa_yazar-gary-raymond","12":"first","13":"instock","14":"sale","15":"shipping-taxable","16":"purchasable","17":"product-type-simple"},"_links":{"self":[{"href":"https:\/\/roveyayinevi.com.tr\/index.php\/wp-json\/wp\/v2\/product\/724751","targetHints":{"allow":["GET"]}}],"collection":[{"href":"https:\/\/roveyayinevi.com.tr\/index.php\/wp-json\/wp\/v2\/product"}],"about":[{"href":"https:\/\/roveyayinevi.com.tr\/index.php\/wp-json\/wp\/v2\/types\/product"}],"wp:attachment":[{"href":"https:\/\/roveyayinevi.com.tr\/index.php\/wp-json\/wp\/v2\/media?parent=724751"}],"wp:term":[{"taxonomy":"product_brand","embeddable":true,"href":"https:\/\/roveyayinevi.com.tr\/index.php\/wp-json\/wp\/v2\/product_brand?post=724751"},{"taxonomy":"product_cat","embeddable":true,"href":"https:\/\/roveyayinevi.com.tr\/index.php\/wp-json\/wp\/v2\/product_cat?post=724751"},{"taxonomy":"product_tag","embeddable":true,"href":"https:\/\/roveyayinevi.com.tr\/index.php\/wp-json\/wp\/v2\/product_tag?post=724751"}],"curies":[{"name":"wp","href":"https:\/\/api.w.org\/{rel}","templated":true}]}}