{"id":724746,"date":"2025-08-27T19:39:17","date_gmt":"2025-08-27T16:39:17","guid":{"rendered":"https:\/\/roveyayinevi.com.tr\/index.php\/urun\/bir-zamanlar-bursa-devlet-tiyatrosunda\/"},"modified":"2026-04-16T02:32:28","modified_gmt":"2026-04-15T23:32:28","slug":"bir-zamanlar-bursa-devlet-tiyatrosunda","status":"publish","type":"product","link":"https:\/\/roveyayinevi.com.tr\/index.php\/urun\/bir-zamanlar-bursa-devlet-tiyatrosunda\/","title":{"rendered":"Bir Zamanlar Bursa Devlet Tiyatrosunda"},"content":{"rendered":"<p>Bursa Devlet Tiyatrosu&#8217;na otuz y\u0131l boyunca \u0131\u015f\u0131k tasar\u0131mc\u0131s\u0131 ve m\u00fcd\u00fcr yard\u0131mc\u0131s\u0131 olarak hizmet eden Adnan A\u00e7\u0131kd\u00fc\u015f\u00fcnenler&#8217;in an\u0131lar\u0131, Bursa&#8217;n\u0131n ve Anadolu&#8217;nun tiyatro tarihi ile ilgili bir\u00e7ok bilinmeyen konuya \u0131\u015f\u0131k tutuyor.1971 y\u0131l\u0131nda b\u00f6lge tiyatrosu olarak yerle\u015fik kadroya ge\u00e7en Bursa Devlet Tiyatrosu, \u015fehrine, b\u00f6lgesine hizmet etmesinin yan\u0131 s\u0131ra Ahmet Vefik Pa\u015fa&#8217;dan devrald\u0131\u011f\u0131 tiyatro gelene\u011fini Anadolu&#8217;ya yaymaya \u00e7al\u0131\u015f\u0131r.Bursa Devlet Tiyatrosu&#8217;nun m\u00fcd\u00fcrleri \u00c2li Cengiz \u00c7elenk, Ziya Demirel, Yal\u0131n Tolga, Feyha \u00c7elenk, Bora \u00d6zkula, Emin G\u00fcm\u00fc\u015fkaya ve Mehmet G\u00f6k\u00e7er&#8217;in d\u00f6nemlerinde ya\u015fananlar ilk defa derli toplu \u015fekilde anlat\u0131l\u0131yor.<\/p>\n","protected":false},"excerpt":{"rendered":"<p>Bursa Devlet Tiyatrosu&#8217;na otuz y\u0131l boyunca \u0131\u015f\u0131k tasar\u0131mc\u0131s\u0131 ve m\u00fcd\u00fcr yard\u0131mc\u0131s\u0131 olarak hizmet eden Adnan A\u00e7\u0131kd\u00fc\u015f\u00fcnenler&#8217;in an\u0131lar\u0131, Bursa&#8217;n\u0131n ve Anadolu&#8217;nun tiyatro tarihi ile ilgili bir\u00e7ok bilinmeyen<span class=\"excerpt-hellip\"> [\u2026]<\/span><\/p>\n","protected":false},"featured_media":0,"template":"","meta":{"_monsterinsights_skip_tracking":false,"_monsterinsights_sitenote_active":false,"_monsterinsights_sitenote_note":"","_monsterinsights_sitenote_category":0},"product_brand":[],"product_cat":[13701,12291],"product_tag":[],"class_list":{"0":"post-724746","1":"product","2":"type-product","3":"status-publish","5":"product_cat-ani-mektup-gunluk","6":"product_cat-edebiyat","7":"pa_cilt-ciltsiz","8":"pa_tur-kitap","9":"pa_yayinevi-ihlamur-kitap","10":"pa_yazar-adnan-acikdusunenler","12":"first","13":"instock","14":"sale","15":"shipping-taxable","16":"purchasable","17":"product-type-simple"},"_links":{"self":[{"href":"https:\/\/roveyayinevi.com.tr\/index.php\/wp-json\/wp\/v2\/product\/724746","targetHints":{"allow":["GET"]}}],"collection":[{"href":"https:\/\/roveyayinevi.com.tr\/index.php\/wp-json\/wp\/v2\/product"}],"about":[{"href":"https:\/\/roveyayinevi.com.tr\/index.php\/wp-json\/wp\/v2\/types\/product"}],"wp:attachment":[{"href":"https:\/\/roveyayinevi.com.tr\/index.php\/wp-json\/wp\/v2\/media?parent=724746"}],"wp:term":[{"taxonomy":"product_brand","embeddable":true,"href":"https:\/\/roveyayinevi.com.tr\/index.php\/wp-json\/wp\/v2\/product_brand?post=724746"},{"taxonomy":"product_cat","embeddable":true,"href":"https:\/\/roveyayinevi.com.tr\/index.php\/wp-json\/wp\/v2\/product_cat?post=724746"},{"taxonomy":"product_tag","embeddable":true,"href":"https:\/\/roveyayinevi.com.tr\/index.php\/wp-json\/wp\/v2\/product_tag?post=724746"}],"curies":[{"name":"wp","href":"https:\/\/api.w.org\/{rel}","templated":true}]}}