{"id":724743,"date":"2025-08-27T19:39:14","date_gmt":"2025-08-27T16:39:14","guid":{"rendered":"https:\/\/roveyayinevi.com.tr\/index.php\/urun\/salgin-gunleri-hikayeleri\/"},"modified":"2026-04-16T02:32:28","modified_gmt":"2026-04-15T23:32:28","slug":"salgin-gunleri-hikayeleri","status":"publish","type":"product","link":"https:\/\/roveyayinevi.com.tr\/index.php\/urun\/salgin-gunleri-hikayeleri\/","title":{"rendered":"Salg\u0131n G\u00fcnleri Hikayeleri"},"content":{"rendered":"<p>2019 senesi sonunda yay\u0131lmaya ba\u015flay\u0131p 2020 senesinde t\u00fcm d\u00fcnyay\u0131 etkisi alt\u0131na alan ve tarihe ge\u00e7en bir salg\u0131n&#8230; \u00d6nce beynimize sonra dilimize yerle\u015fen koro*na, karantina, sosyal izolasyon, sosyal mesafe\u2026 Y\u00fcre\u011fimize oturansa zamans\u0131z kay\u0131plar\u2026 Yitip giden hayatlar.Ac\u0131y\u0131, o ac\u0131y\u0131 \u00e7ekenlerden daha iyi kim anlatabilir? Bu soruyu sorarak ba\u015flad\u0131k her \u015feye. Rakamlar\u0131n, ara\u015ft\u0131rmalar\u0131n, t\u0131bbi verilerin \u00f6tesinde bir \u201cDuygu Ar\u015fivi\u201d yapal\u0131m ve gelece\u011fe \u0131\u015f\u0131k olsun, bu d\u00f6nemde ya\u015fan\u0131lanlar hi\u00e7 unutulmas\u0131n istedik.Bunun i\u00e7in de \u00f6nce \u201cinsan\u0131\u201d dinledik.B\u00f6ylece T\u00fcrkiye\u2019den ve d\u00fcnyan\u0131n farkl\u0131 \u00fclkelerinden bize g\u00f6nderilen iki y\u00fcze yak\u0131n g\u00fcnl\u00fck ve \u00f6yk\u00fcden Salg\u0131n G\u00fcnleri Hik\u00e2yeleri kitab\u0131 \u00e7\u0131kt\u0131 ortaya.<\/p>\n","protected":false},"excerpt":{"rendered":"<p>2019 senesi sonunda yay\u0131lmaya ba\u015flay\u0131p 2020 senesinde t\u00fcm d\u00fcnyay\u0131 etkisi alt\u0131na alan ve tarihe ge\u00e7en bir salg\u0131n&#8230; \u00d6nce beynimize sonra dilimize yerle\u015fen koro*na, karantina, sosyal izolasyon,<span class=\"excerpt-hellip\"> [\u2026]<\/span><\/p>\n","protected":false},"featured_media":0,"template":"","meta":{"_monsterinsights_skip_tracking":false,"_monsterinsights_sitenote_active":false,"_monsterinsights_sitenote_note":"","_monsterinsights_sitenote_category":0},"product_brand":[],"product_cat":[14787,13488],"product_tag":[],"class_list":{"0":"post-724743","1":"product","2":"type-product","3":"status-publish","5":"product_cat-diger-toplum-ve-insan","6":"product_cat-toplum-ve-insan","7":"pa_cilt-ciltsiz","8":"pa_tur-kitap","9":"pa_yayinevi-elma-yayinevi","10":"pa_yazar-kolektif","12":"first","13":"instock","14":"sale","15":"shipping-taxable","16":"purchasable","17":"product-type-simple"},"_links":{"self":[{"href":"https:\/\/roveyayinevi.com.tr\/index.php\/wp-json\/wp\/v2\/product\/724743","targetHints":{"allow":["GET"]}}],"collection":[{"href":"https:\/\/roveyayinevi.com.tr\/index.php\/wp-json\/wp\/v2\/product"}],"about":[{"href":"https:\/\/roveyayinevi.com.tr\/index.php\/wp-json\/wp\/v2\/types\/product"}],"wp:attachment":[{"href":"https:\/\/roveyayinevi.com.tr\/index.php\/wp-json\/wp\/v2\/media?parent=724743"}],"wp:term":[{"taxonomy":"product_brand","embeddable":true,"href":"https:\/\/roveyayinevi.com.tr\/index.php\/wp-json\/wp\/v2\/product_brand?post=724743"},{"taxonomy":"product_cat","embeddable":true,"href":"https:\/\/roveyayinevi.com.tr\/index.php\/wp-json\/wp\/v2\/product_cat?post=724743"},{"taxonomy":"product_tag","embeddable":true,"href":"https:\/\/roveyayinevi.com.tr\/index.php\/wp-json\/wp\/v2\/product_tag?post=724743"}],"curies":[{"name":"wp","href":"https:\/\/api.w.org\/{rel}","templated":true}]}}