{"id":724739,"date":"2025-08-27T19:39:11","date_gmt":"2025-08-27T16:39:11","guid":{"rendered":"https:\/\/roveyayinevi.com.tr\/index.php\/urun\/zehra-ve-kayra-tatilde\/"},"modified":"2026-04-16T02:32:28","modified_gmt":"2026-04-15T23:32:28","slug":"zehra-ve-kayra-tatilde","status":"publish","type":"product","link":"https:\/\/roveyayinevi.com.tr\/index.php\/urun\/zehra-ve-kayra-tatilde\/","title":{"rendered":"Zehra ve Kayra Tatilde"},"content":{"rendered":"<p>G\u00fcn\u00fcm\u00fcz anne babalar\u0131, bilin\u00e7lenmeye ba\u015flad\u0131k\u00e7a \u00e7ocuklar\u0131 i\u00e7in se\u00e7tikleri kitaplar, anlatt\u0131klar\u0131 masallar da de\u011fi\u015fmeye ba\u015flad\u0131. Masallar \u00e7ocuklar\u0131m\u0131z\u0131n bilin\u00e7altlar\u0131na direk ula\u015fan, en \u00f6nemli anlat\u0131mlard\u0131r. O nedenle \u00e7ocuklar\u0131m\u0131za verebilece\u011fimiz en iyi arma\u011fan do\u011fru masallard\u0131r. Elinizde tuttu\u011funuz kitap; r\u00fcyalar, konu\u015fan a\u011fa\u00e7lar, ejderhalar uzay ve denizk\u0131zlar\u0131 ile s\u00fcslenmi\u015f bir \u015fekilde sevginin, hayal etmenin ve biz bilincinin, g\u00fcc\u00fcn\u00fc anlat\u0131yor. \u0130yilik, hayal g\u00fcc\u00fc, do\u011fa sevgisi, do\u011fay\u0131 ve denizleri korumak \u00e7evre, beden ve duygu fark\u0131ndal\u0131\u011f\u0131 ile ili\u015fkili bir\u00e7ok tema var. Anne babalar\u0131n dahi kalbini \u0131s\u0131tacak ve unuttu\u011fumuz duygu ve kavramlarla yeniden temas etmemize olanak verecek bu \u00f6yk\u00fcler, \u00e7ocuklar\u0131m\u0131za da iyi bir rehber olmam\u0131z konusunda bizi y\u00fcreklendirecektir. \u0130\u00e7inde iyilik, fark\u0131ndal\u0131k ve faydal\u0131 olma bilinci olan bu g\u00fczel kitab\u0131n t\u00fcm anne ve babalara, \u0131\u015f\u0131k g\u00f6zl\u00fc g\u00fczel \u00e7ocuklara ula\u015fmas\u0131 dile\u011fimle..<\/p>\n","protected":false},"excerpt":{"rendered":"<p>G\u00fcn\u00fcm\u00fcz anne babalar\u0131, bilin\u00e7lenmeye ba\u015flad\u0131k\u00e7a \u00e7ocuklar\u0131 i\u00e7in se\u00e7tikleri kitaplar, anlatt\u0131klar\u0131 masallar da de\u011fi\u015fmeye ba\u015flad\u0131. Masallar \u00e7ocuklar\u0131m\u0131z\u0131n bilin\u00e7altlar\u0131na direk ula\u015fan, en \u00f6nemli anlat\u0131mlard\u0131r. O nedenle \u00e7ocuklar\u0131m\u0131za verebilece\u011fimiz<span class=\"excerpt-hellip\"> [\u2026]<\/span><\/p>\n","protected":false},"featured_media":0,"template":"","meta":{"_monsterinsights_skip_tracking":false,"_monsterinsights_sitenote_active":false,"_monsterinsights_sitenote_note":"","_monsterinsights_sitenote_category":0},"product_brand":[],"product_cat":[12913,12274],"product_tag":[],"class_list":{"0":"post-724739","1":"product","2":"type-product","3":"status-publish","5":"product_cat-3-6-yas-kitaplari","6":"product_cat-cocuk-ve-genclik-kitaplari","7":"pa_cilt-ciltsiz","8":"pa_tur-kitap","9":"pa_yayinevi-perseus","10":"pa_yazar-damla-aktan-elif-ceren-boelen","12":"first","13":"instock","14":"sale","15":"shipping-taxable","16":"purchasable","17":"product-type-simple"},"_links":{"self":[{"href":"https:\/\/roveyayinevi.com.tr\/index.php\/wp-json\/wp\/v2\/product\/724739","targetHints":{"allow":["GET"]}}],"collection":[{"href":"https:\/\/roveyayinevi.com.tr\/index.php\/wp-json\/wp\/v2\/product"}],"about":[{"href":"https:\/\/roveyayinevi.com.tr\/index.php\/wp-json\/wp\/v2\/types\/product"}],"wp:attachment":[{"href":"https:\/\/roveyayinevi.com.tr\/index.php\/wp-json\/wp\/v2\/media?parent=724739"}],"wp:term":[{"taxonomy":"product_brand","embeddable":true,"href":"https:\/\/roveyayinevi.com.tr\/index.php\/wp-json\/wp\/v2\/product_brand?post=724739"},{"taxonomy":"product_cat","embeddable":true,"href":"https:\/\/roveyayinevi.com.tr\/index.php\/wp-json\/wp\/v2\/product_cat?post=724739"},{"taxonomy":"product_tag","embeddable":true,"href":"https:\/\/roveyayinevi.com.tr\/index.php\/wp-json\/wp\/v2\/product_tag?post=724739"}],"curies":[{"name":"wp","href":"https:\/\/api.w.org\/{rel}","templated":true}]}}