{"id":724737,"date":"2025-08-27T19:39:09","date_gmt":"2025-08-27T16:39:09","guid":{"rendered":"https:\/\/roveyayinevi.com.tr\/index.php\/urun\/zehra-ve-kayra\/"},"modified":"2026-04-16T02:32:28","modified_gmt":"2026-04-15T23:32:28","slug":"zehra-ve-kayra","status":"publish","type":"product","link":"https:\/\/roveyayinevi.com.tr\/index.php\/urun\/zehra-ve-kayra\/","title":{"rendered":"Zehra ve Kayra"},"content":{"rendered":"<p>H\u0131zla de\u011fi\u015fen d\u00fcnya pek \u00e7ok anne-baban\u0131n, \u00e7ocuklar\u0131n\u0131n nas\u0131l bir d\u00fcnyada ya\u015fayacaklar\u0131 ile ilgili kayg\u0131 duymalar\u0131na neden olmaktad\u0131r. Elinizde tuttu\u011funuz kitap g\u00fcn\u00fcm\u00fczde yitirmeye ba\u015flad\u0131\u011f\u0131m\u0131z k\u00fc\u00e7\u00fck \u015feylerden mutlu olmak, payla\u015fmak, karde\u015flik, arkada\u015fl\u0131k gibi kavramlar\u0131 \u00e7ocuklara sevgi dolu bir dille aktarmaktad\u0131r. \u00c7evremize, insanlara, hayvanlara ve do\u011faya, farkl\u0131l\u0131klara sayg\u0131 g\u00f6stermek gibi de\u011ferleri minik y\u00fcreklere aktaran bu kitap, yeni nesillere \u0131\u015f\u0131k tutarken anne- babalar\u0131n bile bu naif, sevgi dolu, s\u0131cac\u0131k \u00f6yk\u00fclerin i\u00e7inde keyifli bir yolculu\u011fa \u00e7\u0131kmalar\u0131na vesile olacakt\u0131r. Yrd. Do\u00e7. Dr. \u00c7are Sertelin MercanPsikolojik Dan\u0131\u015fmanBiz iyili\u011fin bu d\u00fcnyay\u0131 g\u00fczelle\u015ftirece\u011fine inanarak yazd\u0131k. Daha iyi bir d\u00fcnya i\u00e7in, ger\u00e7ekleri bilen ve o ger\u00e7ekleri d\u00fc\u015fleriyle zenginle\u015ftirebilen \u00e7ocuklar b\u00fcy\u00fcs\u00fcn istedik. Onlar\u0131n kendi masallar\u0131n\u0131 sevgiyle yaratabilmeleri i\u00e7in bir par\u00e7a d\u00fc\u015f g\u00fcc\u00fc, biraz inan\u00e7, ve bolca sevgi ekledik sat\u0131rlara. \u0130nan\u0131yoruz ki \u00e7ocuk kalbinin g\u00fcc\u00fc, bu d\u00fcnyay\u0131 ayd\u0131nlatmaya yeter. Zehra ve Kayra\u2019n\u0131n masal d\u00fcnyas\u0131nda kar\u015f\u0131la\u015fmak \u00fczere, sevgiyle\u2026Damla AKTAN-Elif Ceren BOELEN <\/p>\n","protected":false},"excerpt":{"rendered":"<p>H\u0131zla de\u011fi\u015fen d\u00fcnya pek \u00e7ok anne-baban\u0131n, \u00e7ocuklar\u0131n\u0131n nas\u0131l bir d\u00fcnyada ya\u015fayacaklar\u0131 ile ilgili kayg\u0131 duymalar\u0131na neden olmaktad\u0131r. Elinizde tuttu\u011funuz kitap g\u00fcn\u00fcm\u00fczde yitirmeye ba\u015flad\u0131\u011f\u0131m\u0131z k\u00fc\u00e7\u00fck \u015feylerden mutlu<span class=\"excerpt-hellip\"> [\u2026]<\/span><\/p>\n","protected":false},"featured_media":0,"template":"","meta":{"_monsterinsights_skip_tracking":false,"_monsterinsights_sitenote_active":false,"_monsterinsights_sitenote_note":"","_monsterinsights_sitenote_category":0},"product_brand":[],"product_cat":[12275,12274],"product_tag":[],"class_list":{"0":"post-724737","1":"product","2":"type-product","3":"status-publish","5":"product_cat-6-12-yas-kitaplari","6":"product_cat-cocuk-ve-genclik-kitaplari","7":"pa_cilt-ciltsiz","8":"pa_tur-kitap","9":"pa_yayinevi-perseus","10":"pa_yazar-damla-aktan-elif-ceren-boelen","12":"first","13":"instock","14":"sale","15":"shipping-taxable","16":"purchasable","17":"product-type-simple"},"_links":{"self":[{"href":"https:\/\/roveyayinevi.com.tr\/index.php\/wp-json\/wp\/v2\/product\/724737","targetHints":{"allow":["GET"]}}],"collection":[{"href":"https:\/\/roveyayinevi.com.tr\/index.php\/wp-json\/wp\/v2\/product"}],"about":[{"href":"https:\/\/roveyayinevi.com.tr\/index.php\/wp-json\/wp\/v2\/types\/product"}],"wp:attachment":[{"href":"https:\/\/roveyayinevi.com.tr\/index.php\/wp-json\/wp\/v2\/media?parent=724737"}],"wp:term":[{"taxonomy":"product_brand","embeddable":true,"href":"https:\/\/roveyayinevi.com.tr\/index.php\/wp-json\/wp\/v2\/product_brand?post=724737"},{"taxonomy":"product_cat","embeddable":true,"href":"https:\/\/roveyayinevi.com.tr\/index.php\/wp-json\/wp\/v2\/product_cat?post=724737"},{"taxonomy":"product_tag","embeddable":true,"href":"https:\/\/roveyayinevi.com.tr\/index.php\/wp-json\/wp\/v2\/product_tag?post=724737"}],"curies":[{"name":"wp","href":"https:\/\/api.w.org\/{rel}","templated":true}]}}