{"id":724734,"date":"2025-08-27T19:39:07","date_gmt":"2025-08-27T16:39:07","guid":{"rendered":"https:\/\/roveyayinevi.com.tr\/index.php\/urun\/ask-mi-ask-mi\/"},"modified":"2026-04-16T02:32:28","modified_gmt":"2026-04-15T23:32:28","slug":"ask-mi-ask-mi","status":"publish","type":"product","link":"https:\/\/roveyayinevi.com.tr\/index.php\/urun\/ask-mi-ask-mi\/","title":{"rendered":"A\u015fk M\u0131 A\u015fk M\u0131 ?"},"content":{"rendered":"<p>A\u015fk m\u0131 a\u015fk m\u0131?Ya\u015fad\u0131\u011f\u0131n hangisi?Peki, ya\u015famak istedi\u011fin hangisi?Ya\u015f\u0131m\u0131z ka\u00e7 olursa olsun, hepimiz a\u015fk pe\u015finde ko\u015fup duruyoruz. Ancak baz\u0131lar\u0131m\u0131z A\u015eK\u0131 co\u015fkusuyla, tutkusuyla, ba\u011fl\u0131l\u0131\u011f\u0131yla \u00fcst seviyede ya\u015f\u0131yoruz. Baz\u0131lar\u0131m\u0131z ise k\u00fc\u00e7\u00fck meselelerden b\u00fcy\u00fck kavgalar edip, \u00e7ok ac\u0131 \u00e7ekiyor, k\u0131r\u0131k d\u00f6k\u00fck a\u015fklarla yetiniyor, \u015fik\u00e2yet ediyoruz.Oysa hepsi sizin elinizde.\u00c7\u00fcnk\u00fc hangi a\u015fk\u0131 ya\u015fad\u0131\u011f\u0131n\u0131z kad\u0131n erkek aras\u0131ndaki dili ne kadar bildi\u011finizle ilgili bir konu.Bu kitap size ili\u015fki ko\u00e7lu\u011fu yaparken bir yandan da tatl\u0131 bir \u015fekilde sizi ili\u015fki dilinin ustas\u0131 yapacak. Bu rehber kitap kendi hatalar\u0131n\u0131z\u0131 nas\u0131l a\u015faca\u011f\u0131n\u0131z\u0131 ve mutlu bir a\u015fka, a\u015fk dolu mutlu bir evlili\u011fe do\u011fru nas\u0131l yol alaca\u011f\u0131n\u0131z\u0131 anlatacak.A\u015fk\u0131n, ili\u015fkinizin dilini \u00f6\u011frenmeye ve hayalinizdeki, hak etti\u011finiz a\u015fk\u0131 ya\u015famaya haz\u0131rsan\u0131z hadi ba\u015flayal\u0131m\u2026<span>Tan\u0131t\u0131m Metni<\/span><\/img><\/p>\n","protected":false},"excerpt":{"rendered":"<p>A\u015fk m\u0131 a\u015fk m\u0131?Ya\u015fad\u0131\u011f\u0131n hangisi?Peki, ya\u015famak istedi\u011fin hangisi?Ya\u015f\u0131m\u0131z ka\u00e7 olursa olsun, hepimiz a\u015fk pe\u015finde ko\u015fup duruyoruz. Ancak baz\u0131lar\u0131m\u0131z A\u015eK\u0131 co\u015fkusuyla, tutkusuyla, ba\u011fl\u0131l\u0131\u011f\u0131yla \u00fcst seviyede ya\u015f\u0131yoruz. Baz\u0131lar\u0131m\u0131z<span class=\"excerpt-hellip\"> [\u2026]<\/span><\/p>\n","protected":false},"featured_media":0,"template":"","meta":{"_monsterinsights_skip_tracking":false,"_monsterinsights_sitenote_active":false,"_monsterinsights_sitenote_note":"","_monsterinsights_sitenote_category":0},"product_brand":[],"product_cat":[14643,12291],"product_tag":[],"class_list":{"0":"post-724734","1":"product","2":"type-product","3":"status-publish","5":"product_cat-ask","6":"product_cat-edebiyat","7":"pa_cilt-ciltsiz","8":"pa_tur-kitap","9":"pa_yayinevi-muptela-yayinevi","10":"pa_yazar-ezgi-uzgel","12":"first","13":"instock","14":"sale","15":"shipping-taxable","16":"purchasable","17":"product-type-simple"},"_links":{"self":[{"href":"https:\/\/roveyayinevi.com.tr\/index.php\/wp-json\/wp\/v2\/product\/724734","targetHints":{"allow":["GET"]}}],"collection":[{"href":"https:\/\/roveyayinevi.com.tr\/index.php\/wp-json\/wp\/v2\/product"}],"about":[{"href":"https:\/\/roveyayinevi.com.tr\/index.php\/wp-json\/wp\/v2\/types\/product"}],"wp:attachment":[{"href":"https:\/\/roveyayinevi.com.tr\/index.php\/wp-json\/wp\/v2\/media?parent=724734"}],"wp:term":[{"taxonomy":"product_brand","embeddable":true,"href":"https:\/\/roveyayinevi.com.tr\/index.php\/wp-json\/wp\/v2\/product_brand?post=724734"},{"taxonomy":"product_cat","embeddable":true,"href":"https:\/\/roveyayinevi.com.tr\/index.php\/wp-json\/wp\/v2\/product_cat?post=724734"},{"taxonomy":"product_tag","embeddable":true,"href":"https:\/\/roveyayinevi.com.tr\/index.php\/wp-json\/wp\/v2\/product_tag?post=724734"}],"curies":[{"name":"wp","href":"https:\/\/api.w.org\/{rel}","templated":true}]}}