{"id":724731,"date":"2025-08-27T19:39:04","date_gmt":"2025-08-27T16:39:04","guid":{"rendered":"https:\/\/roveyayinevi.com.tr\/index.php\/urun\/butun-siirleri-4\/"},"modified":"2026-04-16T02:32:28","modified_gmt":"2026-04-15T23:32:28","slug":"butun-siirleri-4","status":"publish","type":"product","link":"https:\/\/roveyayinevi.com.tr\/index.php\/urun\/butun-siirleri-4\/","title":{"rendered":"B\u00fct\u00fcn \u015eiirleri"},"content":{"rendered":"<p>\u201cZannetme ki g\u00fcld\u00fcr, ne de l\u00e2le,\u00c2te\u015f doludur, tutma yanars\u0131nKar\u015f\u0131nda \u015fu g\u00fclg\u00fbn piy\u00e2le&#8230;\u201dAhmet H\u00e2\u015fim, modern T\u00fcrk \u015fiirinin kurucu \u015fairlerinin ba\u015f\u0131nda gelir. Hayattayken yay\u0131mlanm\u0131\u015f iki \u015fiir kitab\u0131 olsa da H\u00e2\u015fim\u2019in T\u00fcrk \u015fiirinde yaratt\u0131\u011f\u0131 etkinin bir benzerine rastlanamaz. Ba\u015fta Ahmet Hamdi Tanp\u0131nar, Abd\u00fclhak \u015einasi Hisar, Nurullah Ata\u00e7 gibi isimler olmak \u00fczere, onun getirdi\u011fi yenilikleri anlayan ve \u015fiirlerini ayr\u0131 bir yere koyanlar\u0131n say\u0131s\u0131 az\u0131msanacak gibi de\u011fildir. Bug\u00fcn de\u011ferinin daha iyi anla\u015f\u0131ld\u0131\u011f\u0131 ve onun ilk \u201cmodernist\u201d \u015fairimiz oldu\u011fu konusunda g\u00f6r\u00fc\u015f birli\u011fine var\u0131ld\u0131\u011f\u0131 da bir ger\u00e7ek.Elinizdeki kitapta, Ahmet H\u00e2\u015fim\u2019in kitaplar\u0131nda yer alan ve dergilerde kalan b\u00fct\u00fcn \u015fiirlerini bulacaks\u0131n\u0131z. Osmanl\u0131ca-T\u00fcrk\u00e7e kar\u015f\u0131l\u0131kl\u0131 sayfalarda ve \u201cele\u015ftirel bas\u0131m\u201d olarak sundu\u011fumuz bu bask\u0131yla, n\u00fcsha farklar\u0131n\u0131 g\u00f6recek, modern T\u00fcrk \u015fiirinin bu b\u00fcy\u00fck ismini eksiksiz okuyacaks\u0131n\u0131z.<\/p>\n","protected":false},"excerpt":{"rendered":"<p>\u201cZannetme ki g\u00fcld\u00fcr, ne de l\u00e2le,\u00c2te\u015f doludur, tutma yanars\u0131nKar\u015f\u0131nda \u015fu g\u00fclg\u00fbn piy\u00e2le&#8230;\u201dAhmet H\u00e2\u015fim, modern T\u00fcrk \u015fiirinin kurucu \u015fairlerinin ba\u015f\u0131nda gelir. Hayattayken yay\u0131mlanm\u0131\u015f iki \u015fiir kitab\u0131 olsa<span class=\"excerpt-hellip\"> [\u2026]<\/span><\/p>\n","protected":false},"featured_media":0,"template":"","meta":{"_monsterinsights_skip_tracking":false,"_monsterinsights_sitenote_active":false,"_monsterinsights_sitenote_note":"","_monsterinsights_sitenote_category":0},"product_brand":[],"product_cat":[12291,12509],"product_tag":[],"class_list":{"0":"post-724731","1":"product","2":"type-product","3":"status-publish","5":"product_cat-edebiyat","6":"product_cat-siir","7":"pa_cilt-ciltsiz","8":"pa_tur-kitap","9":"pa_yayinevi-kirmizi-kedi-yayinevi","10":"pa_yazar-ahmet-hasim","12":"first","13":"instock","14":"sale","15":"shipping-taxable","16":"purchasable","17":"product-type-simple"},"_links":{"self":[{"href":"https:\/\/roveyayinevi.com.tr\/index.php\/wp-json\/wp\/v2\/product\/724731","targetHints":{"allow":["GET"]}}],"collection":[{"href":"https:\/\/roveyayinevi.com.tr\/index.php\/wp-json\/wp\/v2\/product"}],"about":[{"href":"https:\/\/roveyayinevi.com.tr\/index.php\/wp-json\/wp\/v2\/types\/product"}],"wp:attachment":[{"href":"https:\/\/roveyayinevi.com.tr\/index.php\/wp-json\/wp\/v2\/media?parent=724731"}],"wp:term":[{"taxonomy":"product_brand","embeddable":true,"href":"https:\/\/roveyayinevi.com.tr\/index.php\/wp-json\/wp\/v2\/product_brand?post=724731"},{"taxonomy":"product_cat","embeddable":true,"href":"https:\/\/roveyayinevi.com.tr\/index.php\/wp-json\/wp\/v2\/product_cat?post=724731"},{"taxonomy":"product_tag","embeddable":true,"href":"https:\/\/roveyayinevi.com.tr\/index.php\/wp-json\/wp\/v2\/product_tag?post=724731"}],"curies":[{"name":"wp","href":"https:\/\/api.w.org\/{rel}","templated":true}]}}