{"id":724726,"date":"2025-08-27T19:39:00","date_gmt":"2025-08-27T16:39:00","guid":{"rendered":"https:\/\/roveyayinevi.com.tr\/index.php\/urun\/altin-cikini\/"},"modified":"2026-04-16T02:32:28","modified_gmt":"2026-04-15T23:32:28","slug":"altin-cikini","status":"publish","type":"product","link":"https:\/\/roveyayinevi.com.tr\/index.php\/urun\/altin-cikini\/","title":{"rendered":"Alt\u0131n \u00c7\u0131k\u0131n\u0131"},"content":{"rendered":"<p>Mehmet G\u00f6z\u00fckara, bu eserinde Elbistan ve \u00e7evresindeki bir nesil \u00f6ncesi say\u0131labilecek, kendi ifadesiyle \u2018Fertlerinin ayn\u0131 kaptan yemek yedi\u011fi ve ayn\u0131 bardaktan su i\u00e7ti\u011fi aile ba\u011flar\u0131n\u0131n g\u00fc\u00e7l\u00fc oldu\u011fu zamanlarda\u2019, g\u00f6\u00e7ebe ve tar\u0131m k\u00fclt\u00fcr\u00fcne ait sosyal hayat\u0131n ya\u015fanm\u0131\u015f hik\u00e2yelerini, modern hik\u00e2ye tekni\u011fi ile ele al\u0131yor.Elbistan ve dolaylar\u0131nda ge\u00e7en hik\u00e2yelerde Anadolu insan\u0131n\u0131n sevgisi, zevki, vatan muhabbeti, hayata bak\u0131\u015f\u0131; a\u015fk, macera ve heyecan \u00f6rg\u00fcs\u00fc i\u00e7inde s\u00f6zl\u00fc gelene\u011fe ba\u011fl\u0131 ak\u0131c\u0131 bir anlat\u0131m \u00fcslubu ile \u00e7ok ba\u015far\u0131l\u0131 bir \u015fekilde aktar\u0131lm\u0131\u015ft\u0131r.Ramazan Avc\u0131Mehmet G\u00f6z\u00fckara \u00f6zellikle \u00e7ocukluk d\u00f6neminde ya\u015fanm\u0131\u015f ve rivayet edilen olaylar\u0131 y\u00f6rede kullan\u0131lan dil,  benzetme, deyim, dua ve beddualar\u0131 kullanarak ak\u0131c\u0131 bir \u015fekilde anlatm\u0131\u015f. Ben bu hikayeleri okurken sanki Elbistan\u2019da ge\u00e7en \u00e7ocuklu\u011fuma tekrar d\u00f6n\u00fcp o g\u00fcnk\u00fc ruh halini ve heyecan\u0131n\u0131 yeniden ya\u015fad\u0131m.   Usta bir halk \u015fairi olan G\u00f6z\u00fckara; d\u00fcr\u00fcstl\u00fck, mertlik, adalet, vatanseverlik gibi k\u00fclt\u00fcrel de\u011ferleri \u015fiir ve hik\u00e2yeyi b\u00fct\u00fcnle\u015ftirerek anlatm\u0131\u015f.  Ge\u00e7mi\u015f d\u00f6nemlerdeki   g\u00fcnl\u00fck hayatta ya\u015fanan olaylar, k\u0131rg\u0131nl\u0131klar, \u00e7eki\u015fmeler, gelenekler, g\u00f6renekler ve g\u00f6n\u00fcldeki duygular hikayelerde \u00e7ok g\u00fczel i\u015flenmi\u015ftir.  Kitap \u00f6zellikle yeni neslin o g\u00fcnleri anlamas\u0131 ve ge\u00e7mi\u015fle g\u00fcn\u00fcm\u00fcz aras\u0131nda k\u00fclt\u00fcrel ba\u011f kurmas\u0131 bak\u0131m\u0131ndan olduk\u00e7a \u00f6nem ta\u015f\u0131maktad\u0131r.Durdu G\u00fcne\u015f<\/p>\n","protected":false},"excerpt":{"rendered":"<p>Mehmet G\u00f6z\u00fckara, bu eserinde Elbistan ve \u00e7evresindeki bir nesil \u00f6ncesi say\u0131labilecek, kendi ifadesiyle \u2018Fertlerinin ayn\u0131 kaptan yemek yedi\u011fi ve ayn\u0131 bardaktan su i\u00e7ti\u011fi aile ba\u011flar\u0131n\u0131n g\u00fc\u00e7l\u00fc<span class=\"excerpt-hellip\"> [\u2026]<\/span><\/p>\n","protected":false},"featured_media":0,"template":"","meta":{"_monsterinsights_skip_tracking":false,"_monsterinsights_sitenote_active":false,"_monsterinsights_sitenote_note":"","_monsterinsights_sitenote_category":0},"product_brand":[],"product_cat":[12291,18202],"product_tag":[],"class_list":{"0":"post-724726","1":"product","2":"type-product","3":"status-publish","5":"product_cat-edebiyat","6":"product_cat-hikaye","7":"pa_cilt-ciltsiz","8":"pa_tur-kitap","9":"pa_yayinevi-gulnar-yayinlari","10":"pa_yazar-mehmet-gozukara","12":"first","13":"instock","14":"sale","15":"shipping-taxable","16":"purchasable","17":"product-type-simple"},"_links":{"self":[{"href":"https:\/\/roveyayinevi.com.tr\/index.php\/wp-json\/wp\/v2\/product\/724726","targetHints":{"allow":["GET"]}}],"collection":[{"href":"https:\/\/roveyayinevi.com.tr\/index.php\/wp-json\/wp\/v2\/product"}],"about":[{"href":"https:\/\/roveyayinevi.com.tr\/index.php\/wp-json\/wp\/v2\/types\/product"}],"wp:attachment":[{"href":"https:\/\/roveyayinevi.com.tr\/index.php\/wp-json\/wp\/v2\/media?parent=724726"}],"wp:term":[{"taxonomy":"product_brand","embeddable":true,"href":"https:\/\/roveyayinevi.com.tr\/index.php\/wp-json\/wp\/v2\/product_brand?post=724726"},{"taxonomy":"product_cat","embeddable":true,"href":"https:\/\/roveyayinevi.com.tr\/index.php\/wp-json\/wp\/v2\/product_cat?post=724726"},{"taxonomy":"product_tag","embeddable":true,"href":"https:\/\/roveyayinevi.com.tr\/index.php\/wp-json\/wp\/v2\/product_tag?post=724726"}],"curies":[{"name":"wp","href":"https:\/\/api.w.org\/{rel}","templated":true}]}}