{"id":724725,"date":"2025-08-27T19:38:59","date_gmt":"2025-08-27T16:38:59","guid":{"rendered":"https:\/\/roveyayinevi.com.tr\/index.php\/urun\/bolgesel-kolektif-guvenlik-arayislari\/"},"modified":"2026-04-16T02:32:28","modified_gmt":"2026-04-15T23:32:28","slug":"bolgesel-kolektif-guvenlik-arayislari","status":"publish","type":"product","link":"https:\/\/roveyayinevi.com.tr\/index.php\/urun\/bolgesel-kolektif-guvenlik-arayislari\/","title":{"rendered":"B\u00f6lgesel Kolektif G\u00fcvenlik Aray\u0131\u015flar\u0131"},"content":{"rendered":"<p>Sovyetler Birli\u011finin y\u0131k\u0131lmas\u0131yla birlikte ba\u011f\u0131ms\u0131zl\u0131\u011f\u0131na kavu\u015fan Orta Asya Devletlerine, kimlik sorunlar\u0131, s\u0131n\u0131r sorunlar\u0131 ve su tahsisat\u0131 sorunlar\u0131 miras kalm\u0131\u015ft\u0131r. \u00d6te yandan, So\u011fuk Sava\u015f D\u00f6nemi sonras\u0131, Ter\u00f6rizm, Radikalizm,Organize Su\u00e7lar kapsam\u0131nda Uyu\u015fturucu Madde Ka\u00e7ak\u00e7\u0131l\u0131\u011f\u0131, \u0130nsan Ticareti ve Yasad\u0131\u015f\u0131 G\u00f6\u00e7 ile N\u00fckleer ve Radyoaktif Madde Ka\u00e7ak\u00e7\u0131l\u0131\u011f\u0131 gibi sorunlar ortaya \u00e7\u0131km\u0131\u015ft\u0131r. Orta Asya devletleri hem ge\u00e7mi\u015ften miras gelen sorunlarla hem de modern anlamda ortaya \u00e7\u0131kan yeni sorunlarla ba\u015f etmek zorunda kalm\u0131\u015flard\u0131r. G\u00fcvenlik kapasitesi ve ekonomik imk\u00e2nlar a\u00e7\u0131s\u0131ndan farkl\u0131l\u0131k g\u00f6steren b\u00f6lge devletlerinin, g\u00fcvenlik sorunlar\u0131n\u0131n asgari seviyeye d\u00fc\u015f\u00fcr\u00fclmesi noktas\u0131nda insiyatif ald\u0131klar\u0131 projeler ve i\u015fbirli\u011fi aray\u0131\u015flar\u0131, b\u00f6lgede hegemon g\u00fc\u00e7 Rusya Federasyonu ve \u00c7in Halk Cumhuriyeti\u2019nin kar\u015f\u0131l\u0131kl\u0131 menfaatleri do\u011frultusunda akamete u\u011frat\u0131lm\u0131\u015ft\u0131r. B\u00f6lge devletlerinin g\u00fcvenlik esasl\u0131 i\u015fbirli\u011fi aray\u0131\u015flar\u0131, Avrupa G\u00fcvenlik ve \u0130\u015fbirli\u011fi Te\u015fkilat\u0131ndan daha \u00e7ok Rusya Federasyonu ve \u00c7in Halk Cumhuriyetinin kurgulad\u0131\u011f\u0131 Kolektif G\u00fcvenlik Anla\u015fma \u00d6rg\u00fct\u00fc ve \u015eangay \u0130\u015fbirli\u011fi \u00d6rg\u00fct\u00fc \u00e7at\u0131s\u0131 alt\u0131nda yer bulmu\u015ftur. Bu kitapta, Orta Asya devletlerinin tarihi geli\u015fiminden hareketle, Rusya Federasyonu ve \u0130ngiltere taraf\u0131ndan b\u00f6lgede oynanan B\u00fcy\u00fck Oyun (Great Game), yukar\u0131da belirtilen sorunlar\u0131 teorik a\u00e7\u0131klamalar\u0131 ve pratik uygulamalar\u0131, ABD, AB, \u00c7in Halk Cumhuriyeti, Rusya Federasyonu, T\u00fcrkiye ve \u0130ran\u2019\u0131n b\u00f6lge devletleri ile olan siyasetleri ve b\u00f6lge devletlerinin g\u00fcvenlik yakla\u015f\u0131mlar\u0131 B\u00f6lgesel \u00d6rg\u00fctler (Amerika Devletleri \u00d6rg\u00fct\u00fc, Bat\u0131 Avrupa Birli\u011fi, Arap Birli\u011fi, Afrika Birli\u011fi ve NATO) kapsam\u0131nda detayl\u0131 olarak anlat\u0131lmaktad\u0131r.<\/p>\n","protected":false},"excerpt":{"rendered":"<p>Sovyetler Birli\u011finin y\u0131k\u0131lmas\u0131yla birlikte ba\u011f\u0131ms\u0131zl\u0131\u011f\u0131na kavu\u015fan Orta Asya Devletlerine, kimlik sorunlar\u0131, s\u0131n\u0131r sorunlar\u0131 ve su tahsisat\u0131 sorunlar\u0131 miras kalm\u0131\u015ft\u0131r. \u00d6te yandan, So\u011fuk Sava\u015f D\u00f6nemi sonras\u0131, Ter\u00f6rizm,<span class=\"excerpt-hellip\"> [\u2026]<\/span><\/p>\n","protected":false},"featured_media":0,"template":"","meta":{"_monsterinsights_skip_tracking":false,"_monsterinsights_sitenote_active":false,"_monsterinsights_sitenote_note":"","_monsterinsights_sitenote_category":0},"product_brand":[],"product_cat":[12338,12337],"product_tag":[],"class_list":{"0":"post-724725","1":"product","2":"type-product","3":"status-publish","5":"product_cat-dunya-siyaseti-ve-politikasi","6":"product_cat-politika-siyaset","7":"pa_cilt-ciltsiz","8":"pa_tur-kitap","9":"pa_yayinevi-astana-yayinlari","10":"pa_yazar-erdal-duzdaban","12":"first","13":"instock","14":"sale","15":"shipping-taxable","16":"purchasable","17":"product-type-simple"},"_links":{"self":[{"href":"https:\/\/roveyayinevi.com.tr\/index.php\/wp-json\/wp\/v2\/product\/724725","targetHints":{"allow":["GET"]}}],"collection":[{"href":"https:\/\/roveyayinevi.com.tr\/index.php\/wp-json\/wp\/v2\/product"}],"about":[{"href":"https:\/\/roveyayinevi.com.tr\/index.php\/wp-json\/wp\/v2\/types\/product"}],"wp:attachment":[{"href":"https:\/\/roveyayinevi.com.tr\/index.php\/wp-json\/wp\/v2\/media?parent=724725"}],"wp:term":[{"taxonomy":"product_brand","embeddable":true,"href":"https:\/\/roveyayinevi.com.tr\/index.php\/wp-json\/wp\/v2\/product_brand?post=724725"},{"taxonomy":"product_cat","embeddable":true,"href":"https:\/\/roveyayinevi.com.tr\/index.php\/wp-json\/wp\/v2\/product_cat?post=724725"},{"taxonomy":"product_tag","embeddable":true,"href":"https:\/\/roveyayinevi.com.tr\/index.php\/wp-json\/wp\/v2\/product_tag?post=724725"}],"curies":[{"name":"wp","href":"https:\/\/api.w.org\/{rel}","templated":true}]}}