{"id":724724,"date":"2025-08-27T19:38:59","date_gmt":"2025-08-27T16:38:59","guid":{"rendered":"https:\/\/roveyayinevi.com.tr\/index.php\/urun\/is-etigi\/"},"modified":"2026-04-16T02:32:28","modified_gmt":"2026-04-15T23:32:28","slug":"is-etigi","status":"publish","type":"product","link":"https:\/\/roveyayinevi.com.tr\/index.php\/urun\/is-etigi\/","title":{"rendered":"\u0130\u015f Eti\u011fi"},"content":{"rendered":"<p>Etik, g\u00fcndelik ya da i\u015f ya\u015fam\u0131ndaki davran\u0131\u015flar\u0131n ortak \u00e7\u0131karlar do\u011frultusunda ya da toplumsal yararlar \u00e7er\u00e7evesinde ortaya \u00e7\u0131kabilmesi i\u00e7in standartlar ortaya koyar. B\u00f6ylece, davran\u0131\u015flar\u0131n beklentilere uygunlu\u011funu ya da tatmin edicili\u011fini sa\u011flamak kolayla\u015f\u0131r.\u0130\u015f ya\u015fam\u0131nda sergilenen etik davran\u0131\u015flar b\u00fct\u00fcn\u00fc ya da &#8220;i\u015f eti\u011fi\u201d, verimlili\u011fin ve i\u015fletme varl\u0131\u011f\u0131n\u0131n s\u00fcreklili\u011finin sa\u011flanmas\u0131nda, ama\u00e7lar ve vizyona ula\u015fmada anahtard\u0131r. \u0130\u015f eti\u011fi, \u00f6rg\u00fct\u00fcn b\u00fct\u00fcn fonksiyonlar\u0131yla b\u00fct\u00fcnle\u015ftirilmeli, etik davran\u0131\u015f, b\u00fct\u00fcn payda\u015flar\u0131n \u00f6nceli\u011fi olmal\u0131d\u0131r.D\u00fcr\u00fcstl\u00fck, \u015feffafl\u0131k ya da genel olarak etik davran\u0131\u015f, ortak vizyona ula\u015fma y\u00f6n\u00fcnde payda\u015f b\u00fct\u00fcnle\u015fmesini kolayla\u015ft\u0131rmaktad\u0131r. Etik davran\u0131\u015f ya da eti\u011fe dayal\u0131 bir \u00f6rg\u00fct k\u00fclt\u00fcr\u00fc, \u00fcyelerin, \u00e7al\u0131\u015fanlar\u0131n veya hissedarlar\u0131n kurum ya da kurulu\u015fla gurur duymalar\u0131n\u0131 sa\u011flamakta, bu da aidiyet duygusunu g\u00fc\u00e7lendirmekte, ilgili payda\u015flar\u0131n \u00f6rg\u00fctle kendilerini \u00f6zde\u015fle\u015ftirmelerini olanakl\u0131 k\u0131lmaktad\u0131r. Bu durum, bireysel performans\u0131 y\u00fckseltebilmekte, b\u00f6yle \u00f6rg\u00fctsel performans da y\u00fckselebilmektedir.<\/p>\n","protected":false},"excerpt":{"rendered":"<p>Etik, g\u00fcndelik ya da i\u015f ya\u015fam\u0131ndaki davran\u0131\u015flar\u0131n ortak \u00e7\u0131karlar do\u011frultusunda ya da toplumsal yararlar \u00e7er\u00e7evesinde ortaya \u00e7\u0131kabilmesi i\u00e7in standartlar ortaya koyar. B\u00f6ylece, davran\u0131\u015flar\u0131n beklentilere uygunlu\u011funu ya<span class=\"excerpt-hellip\"> [\u2026]<\/span><\/p>\n","protected":false},"featured_media":0,"template":"","meta":{"_monsterinsights_skip_tracking":false,"_monsterinsights_sitenote_active":false,"_monsterinsights_sitenote_note":"","_monsterinsights_sitenote_category":0},"product_brand":[],"product_cat":[13043,14381],"product_tag":[],"class_list":{"0":"post-724724","1":"product","2":"type-product","3":"status-publish","5":"product_cat-ekonomi","6":"product_cat-isletme-muhasebe-maliye","7":"pa_cilt-ciltsiz","8":"pa_tur-kitap","9":"pa_yayinevi-astana-yayinlari","10":"pa_yazar-tugba-atacan-kurtulus-yilmaz-genc","12":"first","13":"instock","14":"sale","15":"shipping-taxable","16":"purchasable","17":"product-type-simple"},"_links":{"self":[{"href":"https:\/\/roveyayinevi.com.tr\/index.php\/wp-json\/wp\/v2\/product\/724724","targetHints":{"allow":["GET"]}}],"collection":[{"href":"https:\/\/roveyayinevi.com.tr\/index.php\/wp-json\/wp\/v2\/product"}],"about":[{"href":"https:\/\/roveyayinevi.com.tr\/index.php\/wp-json\/wp\/v2\/types\/product"}],"wp:attachment":[{"href":"https:\/\/roveyayinevi.com.tr\/index.php\/wp-json\/wp\/v2\/media?parent=724724"}],"wp:term":[{"taxonomy":"product_brand","embeddable":true,"href":"https:\/\/roveyayinevi.com.tr\/index.php\/wp-json\/wp\/v2\/product_brand?post=724724"},{"taxonomy":"product_cat","embeddable":true,"href":"https:\/\/roveyayinevi.com.tr\/index.php\/wp-json\/wp\/v2\/product_cat?post=724724"},{"taxonomy":"product_tag","embeddable":true,"href":"https:\/\/roveyayinevi.com.tr\/index.php\/wp-json\/wp\/v2\/product_tag?post=724724"}],"curies":[{"name":"wp","href":"https:\/\/api.w.org\/{rel}","templated":true}]}}