{"id":724723,"date":"2025-08-27T19:38:58","date_gmt":"2025-08-27T16:38:58","guid":{"rendered":"https:\/\/roveyayinevi.com.tr\/index.php\/urun\/cocuklara-yonelik-karsilastirmali-yonetsel-yapilar\/"},"modified":"2026-04-16T02:32:28","modified_gmt":"2026-04-15T23:32:28","slug":"cocuklara-yonelik-karsilastirmali-yonetsel-yapilar","status":"publish","type":"product","link":"https:\/\/roveyayinevi.com.tr\/index.php\/urun\/cocuklara-yonelik-karsilastirmali-yonetsel-yapilar\/","title":{"rendered":"\u00c7ocuklara Y\u00f6nelik Kar\u015f\u0131la\u015ft\u0131rmal\u0131 Y\u00f6netsel Yap\u0131lar"},"content":{"rendered":"<p>Kamu y\u00f6netiminin esasl\u0131 bir &#8220;\u00e7ocuk reformuna\u201d ihtiyac\u0131 vard\u0131r. \u00dcstelik bu reformu \u00e7ocuklara giderek, \u00e7ocuklardan beslenerek dahas\u0131 \u00e7ocuklarla birlikte yapmak zorundad\u0131r. \u00c7ocuklarla birlikte karar alma, i\u015f yapma yol ve y\u00f6ntemi \u00f6nemli bir de\u011fer olarak kamusal politikalar\u0131n \u00fcretilmesinde, kamu y\u00f6netiminin \u00f6rg\u00fctlenme ve i\u015fleyi\u015finde hakim k\u0131l\u0131nmal\u0131d\u0131r. K\u0131sacas\u0131 &#8220;kamu y\u00f6netimi \u00e7ocu\u011fu ke\u015ffetmek\u201d zorundad\u0131r. Ger\u00e7ek anlamda iyile\u015fme ancak b\u00f6ylelikle olabilir. \u00c7ocu\u011fun kalbine inmek b\u00fcy\u00fck de\u011fi\u015fimin ba\u015flang\u0131c\u0131 olabilir.Bu kitapta \u00fclkelerin \u00e7ocuklarla ilgili kamu y\u00f6netimi \u00fclke yap\u0131lanmalar\u0131 sadece &#8220;yap\u0131 ve \u00f6rg\u00fctlenme\u201d aray\u0131\u015f\u0131 ile s\u0131n\u0131rl\u0131 kalsa da konuya ilgi duyan ara\u015ft\u0131rmac\u0131lar ve uygulamac\u0131lar i\u00e7in &#8220;ba\u015flang\u0131\u00e7\u201d \u00f6zelli\u011fi ta\u015f\u0131maktad\u0131r.<\/p>\n","protected":false},"excerpt":{"rendered":"<p>Kamu y\u00f6netiminin esasl\u0131 bir &#8220;\u00e7ocuk reformuna\u201d ihtiyac\u0131 vard\u0131r. \u00dcstelik bu reformu \u00e7ocuklara giderek, \u00e7ocuklardan beslenerek dahas\u0131 \u00e7ocuklarla birlikte yapmak zorundad\u0131r. \u00c7ocuklarla birlikte karar alma, i\u015f yapma<span class=\"excerpt-hellip\"> [\u2026]<\/span><\/p>\n","protected":false},"featured_media":0,"template":"","meta":{"_monsterinsights_skip_tracking":false,"_monsterinsights_sitenote_active":false,"_monsterinsights_sitenote_note":"","_monsterinsights_sitenote_category":0},"product_brand":[],"product_cat":[14787,13488],"product_tag":[],"class_list":{"0":"post-724723","1":"product","2":"type-product","3":"status-publish","5":"product_cat-diger-toplum-ve-insan","6":"product_cat-toplum-ve-insan","7":"pa_cilt-ciltsiz","8":"pa_tur-kitap","9":"pa_yayinevi-astana-yayinlari","10":"pa_yazar-kolektif","12":"first","13":"instock","14":"sale","15":"shipping-taxable","16":"purchasable","17":"product-type-simple"},"_links":{"self":[{"href":"https:\/\/roveyayinevi.com.tr\/index.php\/wp-json\/wp\/v2\/product\/724723","targetHints":{"allow":["GET"]}}],"collection":[{"href":"https:\/\/roveyayinevi.com.tr\/index.php\/wp-json\/wp\/v2\/product"}],"about":[{"href":"https:\/\/roveyayinevi.com.tr\/index.php\/wp-json\/wp\/v2\/types\/product"}],"wp:attachment":[{"href":"https:\/\/roveyayinevi.com.tr\/index.php\/wp-json\/wp\/v2\/media?parent=724723"}],"wp:term":[{"taxonomy":"product_brand","embeddable":true,"href":"https:\/\/roveyayinevi.com.tr\/index.php\/wp-json\/wp\/v2\/product_brand?post=724723"},{"taxonomy":"product_cat","embeddable":true,"href":"https:\/\/roveyayinevi.com.tr\/index.php\/wp-json\/wp\/v2\/product_cat?post=724723"},{"taxonomy":"product_tag","embeddable":true,"href":"https:\/\/roveyayinevi.com.tr\/index.php\/wp-json\/wp\/v2\/product_tag?post=724723"}],"curies":[{"name":"wp","href":"https:\/\/api.w.org\/{rel}","templated":true}]}}