{"id":724720,"date":"2025-08-27T19:38:56","date_gmt":"2025-08-27T16:38:56","guid":{"rendered":"https:\/\/roveyayinevi.com.tr\/index.php\/urun\/kozmik-colin-cilgin-uzay-yarisi\/"},"modified":"2026-04-16T02:32:28","modified_gmt":"2026-04-15T23:32:28","slug":"kozmik-colin-cilgin-uzay-yarisi","status":"publish","type":"product","link":"https:\/\/roveyayinevi.com.tr\/index.php\/urun\/kozmik-colin-cilgin-uzay-yarisi\/","title":{"rendered":"Kozmik Colin &#8211; \u00c7\u0131lg\u0131n Uzay Yar\u0131\u015f\u0131"},"content":{"rendered":"<p>Colin ve onun s\u00fcrprizlerle dolu yeni arkada\u015f\u0131yla tan\u0131\u015fmaya haz\u0131r m\u0131s\u0131n\u0131z? Colin\u2019in s\u0131n\u0131f\u0131na yeni biri geldi. Ad\u0131 Harry ve kendisi tuhaf bir \u00e7ocuk. T\u0131pk\u0131 yeti\u015fkinler gibi \u00fcst\u00fc ba\u015f\u0131 hep derli toplu, sa\u00e7lar\u0131 da her zaman d\u00fczg\u00fcn. Zaman\u0131n\u0131n \u00e7o\u011funu okulun arkas\u0131ndaki \u00e7\u00f6p tenekelerinin orada ge\u00e7iriyor. Bunun nedenini merak eden Colin bir g\u00fcn onu gizlice takip ediyor ve Harry\u2019nin \u00e7\u00f6p tenekelerinden birinin i\u00e7ine girip kayboldu\u011funu g\u00f6r\u00fcyor!O \u00e7\u00f6p tenekesinin asl\u0131nda ne oldu\u011funu \u00f6\u011frendi\u011fi zaman ise kendini her \u015feyin de\u011fi\u015fti\u011fi, tuhafl\u0131klar ve felaketlerle dolu, ak\u0131l almaz bir maceran\u0131n i\u00e7inde buluyor.<\/p>\n","protected":false},"excerpt":{"rendered":"<p>Colin ve onun s\u00fcrprizlerle dolu yeni arkada\u015f\u0131yla tan\u0131\u015fmaya haz\u0131r m\u0131s\u0131n\u0131z? Colin\u2019in s\u0131n\u0131f\u0131na yeni biri geldi. Ad\u0131 Harry ve kendisi tuhaf bir \u00e7ocuk. T\u0131pk\u0131 yeti\u015fkinler gibi \u00fcst\u00fc<span class=\"excerpt-hellip\"> [\u2026]<\/span><\/p>\n","protected":false},"featured_media":0,"template":"","meta":{"_monsterinsights_skip_tracking":false,"_monsterinsights_sitenote_active":false,"_monsterinsights_sitenote_note":"","_monsterinsights_sitenote_category":0},"product_brand":[],"product_cat":[12275,12274],"product_tag":[],"class_list":{"0":"post-724720","1":"product","2":"type-product","3":"status-publish","5":"product_cat-6-12-yas-kitaplari","6":"product_cat-cocuk-ve-genclik-kitaplari","7":"pa_cilt-ciltli","8":"pa_tur-kitap","9":"pa_yayinevi-epsilon-yayinlari","10":"pa_yazar-tim-collins","12":"first","13":"instock","14":"sale","15":"shipping-taxable","16":"purchasable","17":"product-type-simple"},"_links":{"self":[{"href":"https:\/\/roveyayinevi.com.tr\/index.php\/wp-json\/wp\/v2\/product\/724720","targetHints":{"allow":["GET"]}}],"collection":[{"href":"https:\/\/roveyayinevi.com.tr\/index.php\/wp-json\/wp\/v2\/product"}],"about":[{"href":"https:\/\/roveyayinevi.com.tr\/index.php\/wp-json\/wp\/v2\/types\/product"}],"wp:attachment":[{"href":"https:\/\/roveyayinevi.com.tr\/index.php\/wp-json\/wp\/v2\/media?parent=724720"}],"wp:term":[{"taxonomy":"product_brand","embeddable":true,"href":"https:\/\/roveyayinevi.com.tr\/index.php\/wp-json\/wp\/v2\/product_brand?post=724720"},{"taxonomy":"product_cat","embeddable":true,"href":"https:\/\/roveyayinevi.com.tr\/index.php\/wp-json\/wp\/v2\/product_cat?post=724720"},{"taxonomy":"product_tag","embeddable":true,"href":"https:\/\/roveyayinevi.com.tr\/index.php\/wp-json\/wp\/v2\/product_tag?post=724720"}],"curies":[{"name":"wp","href":"https:\/\/api.w.org\/{rel}","templated":true}]}}