{"id":724719,"date":"2025-08-27T19:38:55","date_gmt":"2025-08-27T16:38:55","guid":{"rendered":"https:\/\/roveyayinevi.com.tr\/index.php\/urun\/hamish-ve-dunyayi-durduranlar\/"},"modified":"2026-04-16T02:32:28","modified_gmt":"2026-04-15T23:32:28","slug":"hamish-ve-dunyayi-durduranlar","status":"publish","type":"product","link":"https:\/\/roveyayinevi.com.tr\/index.php\/urun\/hamish-ve-dunyayi-durduranlar\/","title":{"rendered":"Hamish ve D\u00fcnyay\u0131 Durduranlar"},"content":{"rendered":"<p>D\u00fcnya bir anda duruverse ne yapard\u0131n\u0131z?Evet, t\u00fcm D\u00fcnya. U\u00e7an ku\u015flar.G\u00f6ky\u00fcz\u00fcndeki u\u00e7aklar. Yery\u00fcz\u00fcndeki herkes&#8230; Siz hari\u00e7!\u0130\u015fte, on ya\u015f\u0131nda s\u0131radan bir \u00e7ocuk olan Hamish\u2019in ba\u015f\u0131na gelen de bu. D\u00fcnyan\u0131n durmas\u0131na yol a\u00e7an k\u00f6t\u00fc yarat\u0131klar ise D\u00fcnyay\u0131durduranlar ile Korkun\u00e7lar! Planlar\u0131, d\u00fcnyay\u0131 ele ge\u00e7irmek.Onlar\u0131 ancak Hamish ve arkada\u015flar\u0131 durdurabilir. Ama acele etmeleri gerek. Zaman giderek daral\u0131yor. Tik Tak, Tik Tak&#8230;<\/p>\n","protected":false},"excerpt":{"rendered":"<p>D\u00fcnya bir anda duruverse ne yapard\u0131n\u0131z?Evet, t\u00fcm D\u00fcnya. U\u00e7an ku\u015flar.G\u00f6ky\u00fcz\u00fcndeki u\u00e7aklar. Yery\u00fcz\u00fcndeki herkes&#8230; Siz hari\u00e7!\u0130\u015fte, on ya\u015f\u0131nda s\u0131radan bir \u00e7ocuk olan Hamish\u2019in ba\u015f\u0131na gelen de bu.<span class=\"excerpt-hellip\"> [\u2026]<\/span><\/p>\n","protected":false},"featured_media":0,"template":"","meta":{"_monsterinsights_skip_tracking":false,"_monsterinsights_sitenote_active":false,"_monsterinsights_sitenote_note":"","_monsterinsights_sitenote_category":0},"product_brand":[],"product_cat":[12275,12274],"product_tag":[],"class_list":{"0":"post-724719","1":"product","2":"type-product","3":"status-publish","5":"product_cat-6-12-yas-kitaplari","6":"product_cat-cocuk-ve-genclik-kitaplari","7":"pa_cilt-ciltli","8":"pa_tur-kitap","9":"pa_yayinevi-epsilon-yayinlari","10":"pa_yazar-danny-wallace","12":"first","13":"instock","14":"sale","15":"shipping-taxable","16":"purchasable","17":"product-type-simple"},"_links":{"self":[{"href":"https:\/\/roveyayinevi.com.tr\/index.php\/wp-json\/wp\/v2\/product\/724719","targetHints":{"allow":["GET"]}}],"collection":[{"href":"https:\/\/roveyayinevi.com.tr\/index.php\/wp-json\/wp\/v2\/product"}],"about":[{"href":"https:\/\/roveyayinevi.com.tr\/index.php\/wp-json\/wp\/v2\/types\/product"}],"wp:attachment":[{"href":"https:\/\/roveyayinevi.com.tr\/index.php\/wp-json\/wp\/v2\/media?parent=724719"}],"wp:term":[{"taxonomy":"product_brand","embeddable":true,"href":"https:\/\/roveyayinevi.com.tr\/index.php\/wp-json\/wp\/v2\/product_brand?post=724719"},{"taxonomy":"product_cat","embeddable":true,"href":"https:\/\/roveyayinevi.com.tr\/index.php\/wp-json\/wp\/v2\/product_cat?post=724719"},{"taxonomy":"product_tag","embeddable":true,"href":"https:\/\/roveyayinevi.com.tr\/index.php\/wp-json\/wp\/v2\/product_tag?post=724719"}],"curies":[{"name":"wp","href":"https:\/\/api.w.org\/{rel}","templated":true}]}}