{"id":724718,"date":"2025-08-27T19:38:54","date_gmt":"2025-08-27T16:38:54","guid":{"rendered":"https:\/\/roveyayinevi.com.tr\/index.php\/urun\/hamish-ve-hickimseler\/"},"modified":"2026-04-16T02:32:28","modified_gmt":"2026-04-15T23:32:28","slug":"hamish-ve-hickimseler","status":"publish","type":"product","link":"https:\/\/roveyayinevi.com.tr\/index.php\/urun\/hamish-ve-hickimseler\/","title":{"rendered":"Hamish ve Hi\u00e7kimseler"},"content":{"rendered":"<p>\u201cDanny Wallace ve Jamie Littler, Dahl ve Blake\u2019in kitaplar\u0131nda g\u00f6rd\u00fc\u011f\u00fcm\u00fcz k\u0131vrak zek\u00e2 ve samimiyeti bu hik\u00e2yede en g\u00fczel \u015fekilde sergiliyor.\u201d-Phil EarleHen\u00fcz kimse bilmiyor ancak d\u00fcnyadaki herkes \u00e7ok b\u00fcy\u00fck bir tehlike alt\u0131nda. Hem de devasa bir tehlike.Aa, hadi ama, hayal g\u00fcc\u00fcn\u00fcz\u00fc zorlay\u0131n&#8230; K\u00f6t\u00fcl\u00fck konusunda rakip tan\u0131mayan, d\u00fcnyay\u0131 ele ge\u00e7irmek isteyen bir adamla, u\u011fursuz canavarlarla, yarat\u0131k robotlarla, krallarla, krali\u00e7elerle ve t\u0131pk\u0131 sizin gibi insanlarla ilgili bir hik\u00e2ye bu.Hamish ve arkada\u015flar\u0131, d\u00fcnyay\u0131 kurtarmak i\u00e7in yine i\u015f ba\u015f\u0131nda!<\/p>\n","protected":false},"excerpt":{"rendered":"<p>\u201cDanny Wallace ve Jamie Littler, Dahl ve Blake\u2019in kitaplar\u0131nda g\u00f6rd\u00fc\u011f\u00fcm\u00fcz k\u0131vrak zek\u00e2 ve samimiyeti bu hik\u00e2yede en g\u00fczel \u015fekilde sergiliyor.\u201d-Phil EarleHen\u00fcz kimse bilmiyor ancak d\u00fcnyadaki herkes<span class=\"excerpt-hellip\"> [\u2026]<\/span><\/p>\n","protected":false},"featured_media":0,"template":"","meta":{"_monsterinsights_skip_tracking":false,"_monsterinsights_sitenote_active":false,"_monsterinsights_sitenote_note":"","_monsterinsights_sitenote_category":0},"product_brand":[],"product_cat":[12275,12274],"product_tag":[],"class_list":{"0":"post-724718","1":"product","2":"type-product","3":"status-publish","5":"product_cat-6-12-yas-kitaplari","6":"product_cat-cocuk-ve-genclik-kitaplari","7":"pa_cilt-ciltli","8":"pa_tur-kitap","9":"pa_yayinevi-epsilon-yayinlari","10":"pa_yazar-danny-wallace","12":"first","13":"instock","14":"sale","15":"shipping-taxable","16":"purchasable","17":"product-type-simple"},"_links":{"self":[{"href":"https:\/\/roveyayinevi.com.tr\/index.php\/wp-json\/wp\/v2\/product\/724718","targetHints":{"allow":["GET"]}}],"collection":[{"href":"https:\/\/roveyayinevi.com.tr\/index.php\/wp-json\/wp\/v2\/product"}],"about":[{"href":"https:\/\/roveyayinevi.com.tr\/index.php\/wp-json\/wp\/v2\/types\/product"}],"wp:attachment":[{"href":"https:\/\/roveyayinevi.com.tr\/index.php\/wp-json\/wp\/v2\/media?parent=724718"}],"wp:term":[{"taxonomy":"product_brand","embeddable":true,"href":"https:\/\/roveyayinevi.com.tr\/index.php\/wp-json\/wp\/v2\/product_brand?post=724718"},{"taxonomy":"product_cat","embeddable":true,"href":"https:\/\/roveyayinevi.com.tr\/index.php\/wp-json\/wp\/v2\/product_cat?post=724718"},{"taxonomy":"product_tag","embeddable":true,"href":"https:\/\/roveyayinevi.com.tr\/index.php\/wp-json\/wp\/v2\/product_tag?post=724718"}],"curies":[{"name":"wp","href":"https:\/\/api.w.org\/{rel}","templated":true}]}}