{"id":724717,"date":"2025-08-27T19:38:53","date_gmt":"2025-08-27T16:38:53","guid":{"rendered":"https:\/\/roveyayinevi.com.tr\/index.php\/urun\/kolej-zuppesi-2-visal\/"},"modified":"2026-04-16T02:32:28","modified_gmt":"2026-04-15T23:32:28","slug":"kolej-zuppesi-2-visal","status":"publish","type":"product","link":"https:\/\/roveyayinevi.com.tr\/index.php\/urun\/kolej-zuppesi-2-visal\/","title":{"rendered":"Kolej Z\u00fcppesi 2 &#8211; Visal"},"content":{"rendered":"<p>Yokken var oland\u0131n, karanl\u0131kta ya\u011fan ya\u011fmur gibi. Kalbimin izbe k\u00f6\u015felerinde \u00e7i\u00e7ekler a\u00e7t\u0131rand\u0131n, soldu\u011fum g\u00fcnler gibi.\u00d6l\u00fcm ac\u0131 verecekken; ac\u0131y\u0131 unutturand\u0131n, \u00e7ehreni da\u011f\u0131tan r\u00fczg\u00e2r gibi. Karanl\u0131ktan korktu\u011fumda geceleri yakand\u0131n, kirpiklerimdeki ac\u0131l\u0131 hare gibi&#8230;Sonu g\u00f6r\u00fcnmeyen bir denizde \u00f6l\u00fc bir dala tutunmak. Ya\u015fama \u00e2\u015f\u0131kken her sokakta \u00f6l\u00fcmle kar\u015f\u0131la\u015fmak. G\u00f6zlerine bakarken g\u00f6z renginiunutmak gibiydi seninle olmak.Ya da ben unutuyordum her \u015feyi.Ben hangi dala tutundu\u011fumu unutuyorum sevgilim. Hangi denizde oldu\u011fumu, bo\u011fulurken yuttu\u011fum her yudumu&#8230;Tutunmay\u0131 unutuyorum. Tutunam\u0131yorum&#8230;Bug\u00fcn ellerimi \u00e7ok s\u0131k\u0131 tut.Beni g\u00f6t\u00fcrmek isteyen, Visal\u2019i bize \u00e7ok g\u00f6ren \u015feyler var. Can\u0131n benim i\u00e7in yanacak oldu\u011fundakalbimi \u00e7\u0131kar\u0131p atmay\u0131 unutuyorum.Nerede oldu\u011fumu, bize ne oldu\u011funu, senin kim oldu\u011funu tutam\u0131yorum akl\u0131mda.Akl\u0131m\u0131 tutam\u0131yorum.Akl\u0131m bile benden gidiyor.Sen gidiyorsun.Visal gidiyor.Ellerim bile bu karanl\u0131k sularda ac\u0131yla can veriyor.<\/p>\n","protected":false},"excerpt":{"rendered":"<p>Yokken var oland\u0131n, karanl\u0131kta ya\u011fan ya\u011fmur gibi. Kalbimin izbe k\u00f6\u015felerinde \u00e7i\u00e7ekler a\u00e7t\u0131rand\u0131n, soldu\u011fum g\u00fcnler gibi.\u00d6l\u00fcm ac\u0131 verecekken; ac\u0131y\u0131 unutturand\u0131n, \u00e7ehreni da\u011f\u0131tan r\u00fczg\u00e2r gibi. Karanl\u0131ktan korktu\u011fumda geceleri<span class=\"excerpt-hellip\"> [\u2026]<\/span><\/p>\n","protected":false},"featured_media":0,"template":"","meta":{"_monsterinsights_skip_tracking":false,"_monsterinsights_sitenote_active":false,"_monsterinsights_sitenote_note":"","_monsterinsights_sitenote_category":0},"product_brand":[],"product_cat":[12291,12711],"product_tag":[],"class_list":{"0":"post-724717","1":"product","2":"type-product","3":"status-publish","5":"product_cat-edebiyat","6":"product_cat-roman-oyku","7":"pa_cilt-ciltsiz","8":"pa_tur-kitap","9":"pa_yayinevi-epsilon-yayinlari","10":"pa_yazar-berra-camlidere","12":"first","13":"instock","14":"sale","15":"shipping-taxable","16":"purchasable","17":"product-type-simple"},"_links":{"self":[{"href":"https:\/\/roveyayinevi.com.tr\/index.php\/wp-json\/wp\/v2\/product\/724717","targetHints":{"allow":["GET"]}}],"collection":[{"href":"https:\/\/roveyayinevi.com.tr\/index.php\/wp-json\/wp\/v2\/product"}],"about":[{"href":"https:\/\/roveyayinevi.com.tr\/index.php\/wp-json\/wp\/v2\/types\/product"}],"wp:attachment":[{"href":"https:\/\/roveyayinevi.com.tr\/index.php\/wp-json\/wp\/v2\/media?parent=724717"}],"wp:term":[{"taxonomy":"product_brand","embeddable":true,"href":"https:\/\/roveyayinevi.com.tr\/index.php\/wp-json\/wp\/v2\/product_brand?post=724717"},{"taxonomy":"product_cat","embeddable":true,"href":"https:\/\/roveyayinevi.com.tr\/index.php\/wp-json\/wp\/v2\/product_cat?post=724717"},{"taxonomy":"product_tag","embeddable":true,"href":"https:\/\/roveyayinevi.com.tr\/index.php\/wp-json\/wp\/v2\/product_tag?post=724717"}],"curies":[{"name":"wp","href":"https:\/\/api.w.org\/{rel}","templated":true}]}}