{"id":724716,"date":"2025-08-27T19:38:53","date_gmt":"2025-08-27T16:38:53","guid":{"rendered":"https:\/\/roveyayinevi.com.tr\/index.php\/urun\/super-guclerin-ortadogu-mucadelesi\/"},"modified":"2026-04-16T02:32:28","modified_gmt":"2026-04-15T23:32:28","slug":"super-guclerin-ortadogu-mucadelesi","status":"publish","type":"product","link":"https:\/\/roveyayinevi.com.tr\/index.php\/urun\/super-guclerin-ortadogu-mucadelesi\/","title":{"rendered":"S\u00fcper G\u00fc\u00e7lerin Ortado\u011fu M\u00fccadelesi"},"content":{"rendered":"<p>\u0130kinci D\u00fcnya Sava\u015f\u0131ndan sonra ABD ve Sovyet Rusya aras\u0131nda ba\u015flayan liderlik m\u00fccadelesi d\u00fcnya siyasetini uzun y\u0131llar etkileyecek olan so\u011fuk sava\u015f\u0131n da ba\u015flang\u0131c\u0131n\u0131 olu\u015fturmu\u015ftur. ABD ve Sovyet Rusya aras\u0131nda ba\u015flayan bu m\u00fccadele d\u00fcnyay\u0131 iki kutuplu bir yap\u0131ya d\u00f6n\u00fc\u015ft\u00fcr\u00fcrken Ortado\u011fu, bu m\u00fccadelenin ana merkezlerinden biri olmu\u015ftur. \u00d6zellikle de 1948\u2019de b\u00f6lgede \u0130srail Devleti\u2019nin kurulmas\u0131 ile ba\u015flayan Arap-\u0130srail sava\u015flar\u0131 ABD ve Sovyet Rusya\u2019n\u0131n uzun y\u0131llar b\u00f6lgedeki stratejisini belirlemede \u00f6nemli rol oynam\u0131\u015ft\u0131r. Ancak bu s\u00fcre\u00e7te bu g\u00fc\u00e7lerin b\u00f6lgedeki ayr\u0131l\u0131klar\u0131 daha da derinle\u015ftirdi\u011fini g\u00f6ren M\u0131s\u0131r, \u00f6zellikle de 1952 devriminden sonra Araplar\u0131 tek \u00e7at\u0131 alt\u0131nda toplamak i\u00e7in harekete ge\u00e7mi\u015f ve Arap milliyet\u00e7ili\u011finin liderli\u011fini \u00fcstlenmi\u015ftir. K\u0131sa s\u00fcrede b\u00f6lgede etkili olan bu giri\u015fim, ABD ve Sovyet Rusya\u2019n\u0131n Ortado\u011fu politikas\u0131n\u0131 M\u0131s\u0131r \u00fczerinde yo\u011funla\u015ft\u0131rmas\u0131na sebep olmu\u015ftur.G\u00fcn\u00fcm\u00fczde M\u0131s\u0131r ve Suriye\u2019de s\u0131n\u0131rlar\u0131n\u0131 ve etki alan\u0131n\u0131 a\u015farak art\u0131k t\u00fcm insanl\u0131\u011f\u0131 etkileyen bir belirsizlik hakim. T\u00fcm d\u00fcnyay\u0131 gerek ekonomik ve askeri gerek insani bak\u0131mdan etkileyen bu olaylar\u0131n \u00e7\u0131k\u0131\u015f noktas\u0131 ise yak\u0131n tarihte ya\u015fan\u0131lan Arap Bahar\u0131\u2019nda de\u011fil \u00e7ok daha \u00f6ncesine dayanmaktad\u0131r. S\u00fcper G\u00fc\u00e7lerin Ortado\u011fu M\u00fccadelesi isimli bu eser, sizi sorunun merkezine g\u00f6t\u00fcrerek olaylar\u0131n \u00f6tesini g\u00f6rmenizi sa\u011flayacak.<\/p>\n","protected":false},"excerpt":{"rendered":"<p>\u0130kinci D\u00fcnya Sava\u015f\u0131ndan sonra ABD ve Sovyet Rusya aras\u0131nda ba\u015flayan liderlik m\u00fccadelesi d\u00fcnya siyasetini uzun y\u0131llar etkileyecek olan so\u011fuk sava\u015f\u0131n da ba\u015flang\u0131c\u0131n\u0131 olu\u015fturmu\u015ftur. ABD ve Sovyet<span class=\"excerpt-hellip\"> [\u2026]<\/span><\/p>\n","protected":false},"featured_media":0,"template":"","meta":{"_monsterinsights_skip_tracking":false,"_monsterinsights_sitenote_active":false,"_monsterinsights_sitenote_note":"","_monsterinsights_sitenote_category":0},"product_brand":[],"product_cat":[12312,12304],"product_tag":[],"class_list":{"0":"post-724716","1":"product","2":"type-product","3":"status-publish","5":"product_cat-diger","6":"product_cat-tarih","7":"pa_cilt-ciltsiz","8":"pa_tur-kitap","9":"pa_yayinevi-ideal-kultur-yayincilik","10":"pa_yazar-turgay-murat","12":"first","13":"instock","14":"sale","15":"shipping-taxable","16":"purchasable","17":"product-type-simple"},"_links":{"self":[{"href":"https:\/\/roveyayinevi.com.tr\/index.php\/wp-json\/wp\/v2\/product\/724716","targetHints":{"allow":["GET"]}}],"collection":[{"href":"https:\/\/roveyayinevi.com.tr\/index.php\/wp-json\/wp\/v2\/product"}],"about":[{"href":"https:\/\/roveyayinevi.com.tr\/index.php\/wp-json\/wp\/v2\/types\/product"}],"wp:attachment":[{"href":"https:\/\/roveyayinevi.com.tr\/index.php\/wp-json\/wp\/v2\/media?parent=724716"}],"wp:term":[{"taxonomy":"product_brand","embeddable":true,"href":"https:\/\/roveyayinevi.com.tr\/index.php\/wp-json\/wp\/v2\/product_brand?post=724716"},{"taxonomy":"product_cat","embeddable":true,"href":"https:\/\/roveyayinevi.com.tr\/index.php\/wp-json\/wp\/v2\/product_cat?post=724716"},{"taxonomy":"product_tag","embeddable":true,"href":"https:\/\/roveyayinevi.com.tr\/index.php\/wp-json\/wp\/v2\/product_tag?post=724716"}],"curies":[{"name":"wp","href":"https:\/\/api.w.org\/{rel}","templated":true}]}}