{"id":724714,"date":"2025-08-27T19:38:51","date_gmt":"2025-08-27T16:38:51","guid":{"rendered":"https:\/\/roveyayinevi.com.tr\/index.php\/urun\/mezhepler\/"},"modified":"2026-04-16T02:32:28","modified_gmt":"2026-04-15T23:32:28","slug":"mezhepler","status":"publish","type":"product","link":"https:\/\/roveyayinevi.com.tr\/index.php\/urun\/mezhepler\/","title":{"rendered":"Mezhepler"},"content":{"rendered":"<p>R. LEVENT I\u015eIK, 2018 y\u0131l\u0131nda \u201cS\u00f6m\u00fcrge\u201d ve 2019 y\u0131l\u0131nda \u201cPara Kavga Pranga\u201d isimli \u00e7al\u0131\u015fmalar\u0131yla, tarihsel s\u00fcre\u00e7 i\u00e7erisinde, do\u011fu\u015fundan g\u00fcn\u00fcm\u00fcze kapitalizmin s\u00f6m\u00fcr\u00fc d\u00fczenini tarif etmi\u015f, kurulu d\u00fczenin ancak ahlaki de\u011ferleri olan alternatif bir ekonomik sistemle y\u0131k\u0131labilece\u011fini, bunun da tahrif edilmemi\u015f tek semavi din olan \u0130slam\u2019\u0131n adalet temelli ekonomik \u00f6\u011fretileriyle ve t\u00fcm \u0130slam co\u011frafyas\u0131n\u0131 kapsayacak bir ekonomik birli\u011fin tesis edilmesiyle ger\u00e7ekle\u015febilece\u011fini tarihsel kan\u0131tlar yard\u0131m\u0131yla teorile\u015ftirmi\u015ftir.Mezhep nedir?\u0130slam d\u00fcnyas\u0131nda mezhepler nas\u0131l ortaya \u00e7\u0131km\u0131\u015ft\u0131r? Hangi olaylar mezheplerin ortaya \u00e7\u0131k\u0131s\u0131nda etkili olmu\u015ftur?Siyasi, itikadi ve ameli mezhepler hangileridir?\u00d6zellikleri, farkl\u0131l\u0131klar\u0131 nelerdir? Kurucular\u0131 kimlerdir?\u0130slam dini i\u00e7inde do\u011fup peygamberlik iddialar\u0131yla bat\u0131l dinlere d\u00f6n\u00fc\u015fen mezhepler hangileridir?\u0130slam co\u011frafyas\u0131nda mezheplerin oransal a\u00e7\u0131dan ve n\u00fcfus bak\u0131m\u0131ndan da\u011f\u0131l\u0131m\u0131 ne durumdad\u0131r?T\u00fcm bu sorular\u0131n cevaplar\u0131n\u0131 vermenin yan\u0131nda \u0130slam \u0130ktisad\u0131 \u00f6\u011frencilerini yak\u0131ndan ilgilendiren \u00f6zel r\u00f6portajlarla zenginle\u015ftirilmi\u015f, ba\u015far\u0131l\u0131 bir referans kitab\u0131\u2026<\/p>\n","protected":false},"excerpt":{"rendered":"<p>R. LEVENT I\u015eIK, 2018 y\u0131l\u0131nda \u201cS\u00f6m\u00fcrge\u201d ve 2019 y\u0131l\u0131nda \u201cPara Kavga Pranga\u201d isimli \u00e7al\u0131\u015fmalar\u0131yla, tarihsel s\u00fcre\u00e7 i\u00e7erisinde, do\u011fu\u015fundan g\u00fcn\u00fcm\u00fcze kapitalizmin s\u00f6m\u00fcr\u00fc d\u00fczenini tarif etmi\u015f, kurulu d\u00fczenin<span class=\"excerpt-hellip\"> [\u2026]<\/span><\/p>\n","protected":false},"featured_media":0,"template":"","meta":{"_monsterinsights_skip_tracking":false,"_monsterinsights_sitenote_active":false,"_monsterinsights_sitenote_note":"","_monsterinsights_sitenote_category":0},"product_brand":[],"product_cat":[12718,12719,12720],"product_tag":[],"class_list":{"0":"post-724714","1":"product","2":"type-product","3":"status-publish","5":"product_cat-din","6":"product_cat-islam","7":"product_cat-tasavvuf-mezhepler-tarikatlar","8":"pa_cilt-ciltsiz","9":"pa_tur-kitap","10":"pa_yayinevi-luna-yayinlari","11":"pa_yazar-r-levent-isik","13":"first","14":"instock","15":"sale","16":"shipping-taxable","17":"purchasable","18":"product-type-simple"},"_links":{"self":[{"href":"https:\/\/roveyayinevi.com.tr\/index.php\/wp-json\/wp\/v2\/product\/724714","targetHints":{"allow":["GET"]}}],"collection":[{"href":"https:\/\/roveyayinevi.com.tr\/index.php\/wp-json\/wp\/v2\/product"}],"about":[{"href":"https:\/\/roveyayinevi.com.tr\/index.php\/wp-json\/wp\/v2\/types\/product"}],"wp:attachment":[{"href":"https:\/\/roveyayinevi.com.tr\/index.php\/wp-json\/wp\/v2\/media?parent=724714"}],"wp:term":[{"taxonomy":"product_brand","embeddable":true,"href":"https:\/\/roveyayinevi.com.tr\/index.php\/wp-json\/wp\/v2\/product_brand?post=724714"},{"taxonomy":"product_cat","embeddable":true,"href":"https:\/\/roveyayinevi.com.tr\/index.php\/wp-json\/wp\/v2\/product_cat?post=724714"},{"taxonomy":"product_tag","embeddable":true,"href":"https:\/\/roveyayinevi.com.tr\/index.php\/wp-json\/wp\/v2\/product_tag?post=724714"}],"curies":[{"name":"wp","href":"https:\/\/api.w.org\/{rel}","templated":true}]}}