{"id":724713,"date":"2025-08-27T19:38:50","date_gmt":"2025-08-27T16:38:50","guid":{"rendered":"https:\/\/roveyayinevi.com.tr\/index.php\/urun\/bts-k-popun-krallari\/"},"modified":"2026-04-16T02:32:27","modified_gmt":"2026-04-15T23:32:27","slug":"bts-k-popun-krallari","status":"publish","type":"product","link":"https:\/\/roveyayinevi.com.tr\/index.php\/urun\/bts-k-popun-krallari\/","title":{"rendered":"BTS \/ K &#8211; Pop&#8217;un Krallar\u0131"},"content":{"rendered":"<p>D\u00fcnyay\u0131 kas\u0131p kavuran bu grup hakk\u0131nda sevdi\u011finiz her \u015feyi i\u00e7eren bir rehber.Yetenek, \u00f6zveri, koreografi ve pop, hip-hop ile R&amp;B\u2019yi harmanlayan BTS\u2019in her \u00fcyesi hakk\u0131nda sahne arkas\u0131ndan bilgiler \u00f6\u011frenin. \u0130lk sahneye \u00e7\u0131k\u0131\u015flar\u0131ndan tutun, d\u00fcnya \u00e7ap\u0131nda elde ettikleri \u00fcne kadar haklar\u0131ndaki b\u00fct\u00fcn s\u0131rlar\u0131 burada bulabilirsiniz. K-pop\u2019un krallar\u0131 hakk\u0131nda \u00f6\u011frenebilece\u011finiz her \u015feyi okuduktan sonra, en sevdi\u011finiz bu grup hakk\u0131nda bildiklerinizi \u00f6l\u00e7\u00fcn ve ileri seviye testleri \u00e7\u00f6zerek ne kadar iyi hayranlar oldu\u011funuzu kan\u0131tlay\u0131n.BU K\u0130TAPTA BULAB\u0130LECEKLER\u0130N\u0130ZDEN BAZILARI:\u0130LG\u0130N\u00c7 B\u0130LG\u0130LER\u00c7ARPICI SIRLARMUHTE\u015eEM ALINTILARG\u00d6Z ALICI FOTO\u011eRAFLARBu kitap, ARMY\u2019lerin olmazsa olmaz\u0131<\/p>\n","protected":false},"excerpt":{"rendered":"<p>D\u00fcnyay\u0131 kas\u0131p kavuran bu grup hakk\u0131nda sevdi\u011finiz her \u015feyi i\u00e7eren bir rehber.Yetenek, \u00f6zveri, koreografi ve pop, hip-hop ile R&amp;B\u2019yi harmanlayan BTS\u2019in her \u00fcyesi hakk\u0131nda sahne arkas\u0131ndan<span class=\"excerpt-hellip\"> [\u2026]<\/span><\/p>\n","protected":false},"featured_media":0,"template":"","meta":{"_monsterinsights_skip_tracking":false,"_monsterinsights_sitenote_active":false,"_monsterinsights_sitenote_note":"","_monsterinsights_sitenote_category":0},"product_brand":[],"product_cat":[14009,12291],"product_tag":[],"class_list":{"0":"post-724713","1":"product","2":"type-product","3":"status-publish","5":"product_cat-biyografi-otobiyografi-edebiyat","6":"product_cat-edebiyat","7":"pa_cilt-ciltsiz","8":"pa_tur-kitap","9":"pa_yayinevi-epsilon-yayinlari","10":"pa_yazar-helen-brown","12":"first","13":"instock","14":"sale","15":"shipping-taxable","16":"purchasable","17":"product-type-simple"},"_links":{"self":[{"href":"https:\/\/roveyayinevi.com.tr\/index.php\/wp-json\/wp\/v2\/product\/724713","targetHints":{"allow":["GET"]}}],"collection":[{"href":"https:\/\/roveyayinevi.com.tr\/index.php\/wp-json\/wp\/v2\/product"}],"about":[{"href":"https:\/\/roveyayinevi.com.tr\/index.php\/wp-json\/wp\/v2\/types\/product"}],"wp:attachment":[{"href":"https:\/\/roveyayinevi.com.tr\/index.php\/wp-json\/wp\/v2\/media?parent=724713"}],"wp:term":[{"taxonomy":"product_brand","embeddable":true,"href":"https:\/\/roveyayinevi.com.tr\/index.php\/wp-json\/wp\/v2\/product_brand?post=724713"},{"taxonomy":"product_cat","embeddable":true,"href":"https:\/\/roveyayinevi.com.tr\/index.php\/wp-json\/wp\/v2\/product_cat?post=724713"},{"taxonomy":"product_tag","embeddable":true,"href":"https:\/\/roveyayinevi.com.tr\/index.php\/wp-json\/wp\/v2\/product_tag?post=724713"}],"curies":[{"name":"wp","href":"https:\/\/api.w.org\/{rel}","templated":true}]}}