{"id":724712,"date":"2025-08-27T19:38:50","date_gmt":"2025-08-27T16:38:50","guid":{"rendered":"https:\/\/roveyayinevi.com.tr\/index.php\/urun\/romantizm\/"},"modified":"2026-04-16T02:32:27","modified_gmt":"2026-04-15T23:32:27","slug":"romantizm","status":"publish","type":"product","link":"https:\/\/roveyayinevi.com.tr\/index.php\/urun\/romantizm\/","title":{"rendered":"Romantizm"},"content":{"rendered":"<p>Romantizm nedir? Michael Ferber elinizdeki k\u0131sa giri\u015f kitab\u0131nda bu soruyu, Romantiklerin kimler oldu\u011fu ve onlar\u0131n du\u0308\u015fu\u0308nceleri, inan\u00e7lar\u0131, adanm\u0131\u015fl\u0131klar\u0131, be\u011fenileri ba\u011flam\u0131nda birbirleriyle ortak yanlar\u0131 u\u0308zerinden cevapland\u0131rmaya \u00e7al\u0131\u015f\u0131yor. Romantizmin gerek Avrupa\u2019da gerekse Amerika\u2019da ortaya \u00e7\u0131k\u0131\u015f\u0131na ve geli\u015fimine bir bak\u0131\u015f sunuyor ve Romantik d\u00f6nemdeki edebiyat\u0131n, mu\u0308zi\u011fin, resmin, dinin ve felsefenin \u00e7e\u015fitli tu\u0308rlerini inceliyor.Belli ba\u015fl\u0131 konulara tek tek odaklanan Ferber, Romantizmi \u00f6nceleyen Duyarl\u0131l\u0131k  hareketine, \u015fairin yu\u0308kselen sayg\u0131nl\u0131\u011f\u0131na, din\u00ee bir y\u00f6nelim olarak Romantizme, Romantik felsefe ve bilime, Frans\u0131z Devrimi\u2019ne y\u00f6nelik Romantik tepkilere ve de kad\u0131nlar\u0131n durumuna bak\u0131yor. \u00d6rnekler ve al\u0131nt\u0131lar arac\u0131l\u0131\u011f\u0131yla bu \u00f6zgu\u0308n ve kendi i\u00e7inde tu\u0308rlu\u0308lu\u0308k bar\u0131nd\u0131ran hareketin merkezine g\u00f6tu\u0308ru\u0308yor okuru; dahas\u0131, hem \u201cRomantik\u201c s\u00f6zcu\u0308\u011fu\u0308 ve nereden geldi\u011fi hakk\u0131nda bir tart\u0131\u015fma hem de kendine has bir tan\u0131m sunuyor.<\/p>\n","protected":false},"excerpt":{"rendered":"<p>Romantizm nedir? Michael Ferber elinizdeki k\u0131sa giri\u015f kitab\u0131nda bu soruyu, Romantiklerin kimler oldu\u011fu ve onlar\u0131n du\u0308\u015fu\u0308nceleri, inan\u00e7lar\u0131, adanm\u0131\u015fl\u0131klar\u0131, be\u011fenileri ba\u011flam\u0131nda birbirleriyle ortak yanlar\u0131 u\u0308zerinden cevapland\u0131rmaya \u00e7al\u0131\u015f\u0131yor.<span class=\"excerpt-hellip\"> [\u2026]<\/span><\/p>\n","protected":false},"featured_media":0,"template":"","meta":{"_monsterinsights_skip_tracking":false,"_monsterinsights_sitenote_active":false,"_monsterinsights_sitenote_note":"","_monsterinsights_sitenote_category":0},"product_brand":[],"product_cat":[12388,15309],"product_tag":[],"class_list":{"0":"post-724712","1":"product","2":"type-product","3":"status-publish","5":"product_cat-felsefe","6":"product_cat-felsefi-akimlar","7":"pa_cilt-ciltsiz","8":"pa_tur-kitap","9":"pa_yayinevi-say-yayinlari","10":"pa_yazar-michael-ferber","12":"first","13":"instock","14":"sale","15":"shipping-taxable","16":"purchasable","17":"product-type-simple"},"_links":{"self":[{"href":"https:\/\/roveyayinevi.com.tr\/index.php\/wp-json\/wp\/v2\/product\/724712","targetHints":{"allow":["GET"]}}],"collection":[{"href":"https:\/\/roveyayinevi.com.tr\/index.php\/wp-json\/wp\/v2\/product"}],"about":[{"href":"https:\/\/roveyayinevi.com.tr\/index.php\/wp-json\/wp\/v2\/types\/product"}],"wp:attachment":[{"href":"https:\/\/roveyayinevi.com.tr\/index.php\/wp-json\/wp\/v2\/media?parent=724712"}],"wp:term":[{"taxonomy":"product_brand","embeddable":true,"href":"https:\/\/roveyayinevi.com.tr\/index.php\/wp-json\/wp\/v2\/product_brand?post=724712"},{"taxonomy":"product_cat","embeddable":true,"href":"https:\/\/roveyayinevi.com.tr\/index.php\/wp-json\/wp\/v2\/product_cat?post=724712"},{"taxonomy":"product_tag","embeddable":true,"href":"https:\/\/roveyayinevi.com.tr\/index.php\/wp-json\/wp\/v2\/product_tag?post=724712"}],"curies":[{"name":"wp","href":"https:\/\/api.w.org\/{rel}","templated":true}]}}