{"id":724711,"date":"2025-08-27T19:38:49","date_gmt":"2025-08-27T16:38:49","guid":{"rendered":"https:\/\/roveyayinevi.com.tr\/index.php\/urun\/homo-sapiens\/"},"modified":"2026-04-16T02:32:27","modified_gmt":"2026-04-15T23:32:27","slug":"homo-sapiens","status":"publish","type":"product","link":"https:\/\/roveyayinevi.com.tr\/index.php\/urun\/homo-sapiens\/","title":{"rendered":"Homo Sapiens"},"content":{"rendered":"<p>Homo Sapiens kesinlikle tuhaf bir t\u00fcr. 200.000 y\u0131l \u00f6nce Do\u011fu Afrika\u2019da bir yerde ortaya \u00e7\u0131kt\u0131\u011f\u0131 d\u00fc\u015f\u00fcn\u00fcl\u00fcyordu, ama en son bulgular onun bu tarihten \u00e7ok daha \u00f6nce, k\u0131tan\u0131n her yerinde zaten ya\u015famakta oldu\u011funa i\u015faret ediyor. \u00c7in\u2019de \u00e7ok daha eski fosiller ke\u015ffedilene dek, onun Afrika\u2019dan 80.000 y\u0131l \u00f6nce ayr\u0131l\u0131p d\u00fcnyaya yay\u0131ld\u0131\u011f\u0131 d\u00fc\u015f\u00fcn\u00fcl\u00fcyordu. \u00d6te yandan, genetik bilimi, \u00e7ok da uzun olmayan bir s\u00fcre \u00f6ncesine dek bu gezegeni ba\u015fka insan t\u00fcrleriyle payla\u015ft\u0131\u011f\u0131m\u0131z\u0131, onlarla gen al\u0131\u015fveri\u015fi yapt\u0131\u011f\u0131m\u0131z\u0131 g\u00f6sterdi!Homo sapiens\u2019e ili\u015fkin son haberleri dinlememiz gerekti\u011fini d\u00fc\u015f\u00fcnen yazarlar, bize Australopithecus\u2019tan Neolitik \u00c7a\u011f\u2019a kadar insan\u0131n evriminin etkileyici \u00f6yk\u00fcs\u00fcn\u00fc anlat\u0131yor.<\/p>\n","protected":false},"excerpt":{"rendered":"<p>Homo Sapiens kesinlikle tuhaf bir t\u00fcr. 200.000 y\u0131l \u00f6nce Do\u011fu Afrika\u2019da bir yerde ortaya \u00e7\u0131kt\u0131\u011f\u0131 d\u00fc\u015f\u00fcn\u00fcl\u00fcyordu, ama en son bulgular onun bu tarihten \u00e7ok daha \u00f6nce,<span class=\"excerpt-hellip\"> [\u2026]<\/span><\/p>\n","protected":false},"featured_media":0,"template":"","meta":{"_monsterinsights_skip_tracking":false,"_monsterinsights_sitenote_active":false,"_monsterinsights_sitenote_note":"","_monsterinsights_sitenote_category":0},"product_brand":[],"product_cat":[13005,13006],"product_tag":[],"class_list":{"0":"post-724711","1":"product","2":"type-product","3":"status-publish","5":"product_cat-bilim-muhendislik","6":"product_cat-populer-bilim","7":"pa_cilt-ciltsiz","8":"pa_tur-kitap","9":"pa_yayinevi-say-yayinlari","10":"pa_yazar-silvana-condemi-francois-savatier","12":"first","13":"instock","14":"sale","15":"shipping-taxable","16":"purchasable","17":"product-type-simple"},"_links":{"self":[{"href":"https:\/\/roveyayinevi.com.tr\/index.php\/wp-json\/wp\/v2\/product\/724711","targetHints":{"allow":["GET"]}}],"collection":[{"href":"https:\/\/roveyayinevi.com.tr\/index.php\/wp-json\/wp\/v2\/product"}],"about":[{"href":"https:\/\/roveyayinevi.com.tr\/index.php\/wp-json\/wp\/v2\/types\/product"}],"wp:attachment":[{"href":"https:\/\/roveyayinevi.com.tr\/index.php\/wp-json\/wp\/v2\/media?parent=724711"}],"wp:term":[{"taxonomy":"product_brand","embeddable":true,"href":"https:\/\/roveyayinevi.com.tr\/index.php\/wp-json\/wp\/v2\/product_brand?post=724711"},{"taxonomy":"product_cat","embeddable":true,"href":"https:\/\/roveyayinevi.com.tr\/index.php\/wp-json\/wp\/v2\/product_cat?post=724711"},{"taxonomy":"product_tag","embeddable":true,"href":"https:\/\/roveyayinevi.com.tr\/index.php\/wp-json\/wp\/v2\/product_tag?post=724711"}],"curies":[{"name":"wp","href":"https:\/\/api.w.org\/{rel}","templated":true}]}}