{"id":724708,"date":"2025-08-27T19:38:47","date_gmt":"2025-08-27T16:38:47","guid":{"rendered":"https:\/\/roveyayinevi.com.tr\/index.php\/urun\/herkese-gore-finans\/"},"modified":"2026-04-16T02:32:27","modified_gmt":"2026-04-15T23:32:27","slug":"herkese-gore-finans","status":"publish","type":"product","link":"https:\/\/roveyayinevi.com.tr\/index.php\/urun\/herkese-gore-finans\/","title":{"rendered":"Herkese G\u00f6re Finans"},"content":{"rendered":"<p>Aysel G\u00fcndo\u011fdu, finans alan\u0131nda b\u0131kmadan, usanmadan yaz\u0131yor,anlat\u0131yor. Son derecede \u00fcretken bir akademisyen. En \u00f6nemli \u00f6zelli\u011fi,karma\u015f\u0131k ve zor g\u00f6r\u00fcnen konular\u0131 basitle\u015ftirerek, anla\u015f\u0131lmas\u0131 kolay birdille yazmas\u0131 ve anlatmas\u0131&#8230;Bu kitab\u0131nda finans\u0131 herkesin anlayaca\u011f\u0131, hatta sevebilece\u011fi bir \u015fekildeanlatm\u0131\u015f. Kitap, her g\u00fcn kar\u015f\u0131n\u0131za \u00e7\u0131kan, akl\u0131n\u0131za tak\u0131lan, duyup da tamolarak ne anlama geldi\u011fini bilmedi\u011finiz finans konular\u0131n\u0131 kaps\u0131yor veanla\u015f\u0131l\u0131r bi\u00e7imde a\u00e7\u0131kl\u0131yor.Aysel hocan\u0131n bu kitab\u0131n\u0131 yaln\u0131zca ekonomi, i\u015fletme ve finans gibidallarda \u00f6\u011frenim g\u00f6renlere de\u011fil finans konular\u0131n\u0131 merak eden, her g\u00fcnkar\u015f\u0131lar\u0131na \u00e7\u0131kan meseleleri anlamaya \u00e7al\u0131\u015fanlara tavsiye ediyorum.\u201dDr. MAHF\u0130 E\u011e\u0130LMEZ<\/p>\n","protected":false},"excerpt":{"rendered":"<p>Aysel G\u00fcndo\u011fdu, finans alan\u0131nda b\u0131kmadan, usanmadan yaz\u0131yor,anlat\u0131yor. Son derecede \u00fcretken bir akademisyen. En \u00f6nemli \u00f6zelli\u011fi,karma\u015f\u0131k ve zor g\u00f6r\u00fcnen konular\u0131 basitle\u015ftirerek, anla\u015f\u0131lmas\u0131 kolay birdille yazmas\u0131 ve anlatmas\u0131&#8230;Bu<span class=\"excerpt-hellip\"> [\u2026]<\/span><\/p>\n","protected":false},"featured_media":0,"template":"","meta":{"_monsterinsights_skip_tracking":false,"_monsterinsights_sitenote_active":false,"_monsterinsights_sitenote_note":"","_monsterinsights_sitenote_category":0},"product_brand":[],"product_cat":[20333,13043],"product_tag":[],"class_list":{"0":"post-724708","1":"product","2":"type-product","3":"status-publish","5":"product_cat-diger-ekonomi","6":"product_cat-ekonomi","7":"pa_cilt-ciltsiz","8":"pa_tur-kitap","9":"pa_yayinevi-remzi-kitabevi","10":"pa_yazar-aysel-gundogdu","12":"first","13":"instock","14":"sale","15":"shipping-taxable","16":"purchasable","17":"product-type-simple"},"_links":{"self":[{"href":"https:\/\/roveyayinevi.com.tr\/index.php\/wp-json\/wp\/v2\/product\/724708","targetHints":{"allow":["GET"]}}],"collection":[{"href":"https:\/\/roveyayinevi.com.tr\/index.php\/wp-json\/wp\/v2\/product"}],"about":[{"href":"https:\/\/roveyayinevi.com.tr\/index.php\/wp-json\/wp\/v2\/types\/product"}],"wp:attachment":[{"href":"https:\/\/roveyayinevi.com.tr\/index.php\/wp-json\/wp\/v2\/media?parent=724708"}],"wp:term":[{"taxonomy":"product_brand","embeddable":true,"href":"https:\/\/roveyayinevi.com.tr\/index.php\/wp-json\/wp\/v2\/product_brand?post=724708"},{"taxonomy":"product_cat","embeddable":true,"href":"https:\/\/roveyayinevi.com.tr\/index.php\/wp-json\/wp\/v2\/product_cat?post=724708"},{"taxonomy":"product_tag","embeddable":true,"href":"https:\/\/roveyayinevi.com.tr\/index.php\/wp-json\/wp\/v2\/product_tag?post=724708"}],"curies":[{"name":"wp","href":"https:\/\/api.w.org\/{rel}","templated":true}]}}