{"id":724704,"date":"2025-08-27T19:38:44","date_gmt":"2025-08-27T16:38:44","guid":{"rendered":"https:\/\/roveyayinevi.com.tr\/index.php\/urun\/saglik-salgini\/"},"modified":"2026-04-16T02:32:27","modified_gmt":"2026-04-15T23:32:27","slug":"saglik-salgini","status":"publish","type":"product","link":"https:\/\/roveyayinevi.com.tr\/index.php\/urun\/saglik-salgini\/","title":{"rendered":"Sa\u011fl\u0131k Salg\u0131n\u0131"},"content":{"rendered":"<p>Ya\u015flanma kar\u015f\u0131tl\u0131\u011f\u0131 ve kontrol k\u00fclt\u00fcr\u00fc Bat\u0131 toplumlar\u0131n\u0131 tamamen etkisi alt\u0131na alm\u0131\u015f durumda. Ka\u00e7\u0131n\u0131lmaz\u0131 kontrol etmeye \u00e7abal\u0131yor, kontrol edemeyeceklerimize endi\u015feleniyoruz. Bedenimizin ve hatta \u00f6l\u00fcm\u00fcm\u00fcz\u00fcn kontrol\u00fcm\u00fczde oldu\u011funa inan\u0131yoruz. Oysa en yeni bilimsel bulgular bedenimizin mikroskobik birimlerinin kendi kararlar\u0131n\u0131 verdi\u011fini ve bunun her zaman lehimize i\u015flemedi\u011fini ortaya koyuyor.  Pahal\u0131 ya\u015flanma kar\u015f\u0131t\u0131 \u00fcr\u00fcnler al\u0131p rutin testler yapt\u0131rabilir, daha fazla karalahana yiyip kendimizi \u015fifa aray\u0131\u015f\u0131na adayabiliriz. Ama bunlar ancak kontrol yan\u0131lsamas\u0131na hizmet ediyor.\u00c7oksatar yazar\u0131 Barbara Ehrenreich Sa\u011fl\u0131k Salg\u0131n\u0131&#8217;nda pop k\u00fclt\u00fcrden mevcut bilimsel yay\u0131nlara uzanan pek \u00e7ok kaynaktan yararlanarak bedenlerimiz ve sa\u011fl\u0131k konusundaki tak\u0131nt\u0131m\u0131z\u0131 inceliyor. \u00d6nleyici t\u0131bbi g\u00f6r\u00fcnt\u00fclemelerden, wellness ve fark\u0131ndal\u0131k kavramlar\u0131na, son moda diyetlerden fitness k\u00fclt\u00fcr\u00fcne kadar, uzun ve sa\u011fl\u0131kl\u0131 ya\u015fam i\u00e7in pazarlanan pek \u00e7ok uygulamay\u0131 ele al\u0131rken bedenimiz, benli\u011fimiz ve evrendeki yerimiz \u00fczerine bamba\u015fka bir bak\u0131\u015f a\u00e7\u0131s\u0131 kazand\u0131r\u0131yor.<\/p>\n","protected":false},"excerpt":{"rendered":"<p>Ya\u015flanma kar\u015f\u0131tl\u0131\u011f\u0131 ve kontrol k\u00fclt\u00fcr\u00fc Bat\u0131 toplumlar\u0131n\u0131 tamamen etkisi alt\u0131na alm\u0131\u015f durumda. Ka\u00e7\u0131n\u0131lmaz\u0131 kontrol etmeye \u00e7abal\u0131yor, kontrol edemeyeceklerimize endi\u015feleniyoruz. Bedenimizin ve hatta \u00f6l\u00fcm\u00fcm\u00fcz\u00fcn kontrol\u00fcm\u00fczde oldu\u011funa inan\u0131yoruz.<span class=\"excerpt-hellip\"> [\u2026]<\/span><\/p>\n","protected":false},"featured_media":0,"template":"","meta":{"_monsterinsights_skip_tracking":false,"_monsterinsights_sitenote_active":false,"_monsterinsights_sitenote_note":"","_monsterinsights_sitenote_category":0},"product_brand":[],"product_cat":[12364,12376],"product_tag":[],"class_list":{"0":"post-724704","1":"product","2":"type-product","3":"status-publish","5":"product_cat-genel-konular","6":"product_cat-kisisel-gelisim","7":"pa_cilt-ciltsiz","8":"pa_tur-kitap","9":"pa_yayinevi-mundi","10":"pa_yazar-barbara-ehrenreich","12":"first","13":"instock","14":"sale","15":"shipping-taxable","16":"purchasable","17":"product-type-simple"},"_links":{"self":[{"href":"https:\/\/roveyayinevi.com.tr\/index.php\/wp-json\/wp\/v2\/product\/724704","targetHints":{"allow":["GET"]}}],"collection":[{"href":"https:\/\/roveyayinevi.com.tr\/index.php\/wp-json\/wp\/v2\/product"}],"about":[{"href":"https:\/\/roveyayinevi.com.tr\/index.php\/wp-json\/wp\/v2\/types\/product"}],"wp:attachment":[{"href":"https:\/\/roveyayinevi.com.tr\/index.php\/wp-json\/wp\/v2\/media?parent=724704"}],"wp:term":[{"taxonomy":"product_brand","embeddable":true,"href":"https:\/\/roveyayinevi.com.tr\/index.php\/wp-json\/wp\/v2\/product_brand?post=724704"},{"taxonomy":"product_cat","embeddable":true,"href":"https:\/\/roveyayinevi.com.tr\/index.php\/wp-json\/wp\/v2\/product_cat?post=724704"},{"taxonomy":"product_tag","embeddable":true,"href":"https:\/\/roveyayinevi.com.tr\/index.php\/wp-json\/wp\/v2\/product_tag?post=724704"}],"curies":[{"name":"wp","href":"https:\/\/api.w.org\/{rel}","templated":true}]}}