{"id":724702,"date":"2025-08-27T19:38:42","date_gmt":"2025-08-27T16:38:42","guid":{"rendered":"https:\/\/roveyayinevi.com.tr\/index.php\/urun\/prematurelerin-gucu-adina\/"},"modified":"2025-11-21T06:05:42","modified_gmt":"2025-11-21T03:05:42","slug":"prematurelerin-gucu-adina","status":"publish","type":"product","link":"https:\/\/roveyayinevi.com.tr\/index.php\/urun\/prematurelerin-gucu-adina\/","title":{"rendered":"Premat\u00fcrelerin G\u00fcc\u00fc Ad\u0131na"},"content":{"rendered":"<p>Bebek, Aile ve Sa\u011fl\u0131k \u00c7al\u0131\u015fanlar\u0131n\u0131n G\u00fcc\u00fcne G\u00fc\u00e7 Katacak Bir Derleme Genellikle sa\u011fl\u0131k hizmetlerine hasta a\u00e7s\u0131ndan bak\u0131l\u0131r. \u0130nci Han\u0131m bu kitab\u0131yla sa\u011fl\u0131k \u00e7al\u0131\u015fanlar\u0131 a\u00e7s\u0131ndan da bakm\u0131\u015f: doktor ve hem\u015firelerin hangi \u015fartlarda ve duygularla \u00e7al\u0131\u015ft\u0131\u011f\u0131na dikkat \u00e7ekerek, ne kadar b\u00fcy\u00fck bir y\u00fck ta\u015f\u0131d\u0131klar\u0131na de\u011finmi\u015f.Asl\u0131nda premat\u00fcre ebeveynleri i\u00e7in doktor ve hem\u015fireleri anlamalar\u0131na yard\u0131mc\u0131 olmak istemi\u015f.Ailelerin; ebeveyn, doktor, hem\u015fire yani hepimizin ayn\u0131 tarafta oldu\u011funu,  hepimizin asl\u0131nda mucizelere tan\u0131kl\u0131k etmek i\u00e7in var g\u00fcc\u00fcm\u00fczle \u00e7al\u0131\u015ft\u0131\u011f\u0131m\u0131z\u0131 vurgulamak istemi\u015f.De\u011findi\u011fi di\u011fer bir konu da kanguru bak\u0131m\u0131, aile merkezli bak\u0131m, benim \u00e7ok \u00f6nem verdi\u011fim, hem ebeveyn hem de bebe\u011fe \u00e7ok iyi gelen aile ba\u011f\u0131n\u0131n kuruldu\u011fu o alt\u0131n dakikalar\u2026Bu kitab\u0131 Yenido\u011fan Yo\u011fun Bak\u0131m \u00fcnitesi ortam\u0131n\u0131 alg\u0131lamalar\u0131 ve bebekleri i\u00e7in nas\u0131l bir m\u00fccadele verildi\u011fini anlamalar\u0131 i\u00e7in \u00f6zellikle premat\u00fcre ailelerinin okumalar\u0131n\u0131 tavsiye ediyorum.Neonatoloji Uzman\u0131 Dr. Fatma \u00c7AKMAK \u00c7EL\u0130K<\/p>\n","protected":false},"excerpt":{"rendered":"<p>Bebek, Aile ve Sa\u011fl\u0131k \u00c7al\u0131\u015fanlar\u0131n\u0131n G\u00fcc\u00fcne G\u00fc\u00e7 Katacak Bir Derleme Genellikle sa\u011fl\u0131k hizmetlerine hasta a\u00e7s\u0131ndan bak\u0131l\u0131r. \u0130nci Han\u0131m bu kitab\u0131yla sa\u011fl\u0131k \u00e7al\u0131\u015fanlar\u0131 a\u00e7s\u0131ndan da bakm\u0131\u015f: doktor<span class=\"excerpt-hellip\"> [\u2026]<\/span><\/p>\n","protected":false},"featured_media":0,"template":"","meta":{"_monsterinsights_skip_tracking":false,"_monsterinsights_sitenote_active":false,"_monsterinsights_sitenote_note":"","_monsterinsights_sitenote_category":0},"product_brand":[],"product_cat":[14902,13365],"product_tag":[],"class_list":{"0":"post-724702","1":"product","2":"type-product","3":"status-publish","5":"product_cat-annelik-ve-cocuk-bakimi","6":"product_cat-saglik","7":"pa_cilt-ciltsiz","8":"pa_tur-kitap","9":"pa_yayinevi-inkilap-kitabevi","10":"pa_yazar-inci-candemir","12":"first","13":"instock","14":"sale","15":"shipping-taxable","16":"purchasable","17":"product-type-simple"},"_links":{"self":[{"href":"https:\/\/roveyayinevi.com.tr\/index.php\/wp-json\/wp\/v2\/product\/724702","targetHints":{"allow":["GET"]}}],"collection":[{"href":"https:\/\/roveyayinevi.com.tr\/index.php\/wp-json\/wp\/v2\/product"}],"about":[{"href":"https:\/\/roveyayinevi.com.tr\/index.php\/wp-json\/wp\/v2\/types\/product"}],"wp:attachment":[{"href":"https:\/\/roveyayinevi.com.tr\/index.php\/wp-json\/wp\/v2\/media?parent=724702"}],"wp:term":[{"taxonomy":"product_brand","embeddable":true,"href":"https:\/\/roveyayinevi.com.tr\/index.php\/wp-json\/wp\/v2\/product_brand?post=724702"},{"taxonomy":"product_cat","embeddable":true,"href":"https:\/\/roveyayinevi.com.tr\/index.php\/wp-json\/wp\/v2\/product_cat?post=724702"},{"taxonomy":"product_tag","embeddable":true,"href":"https:\/\/roveyayinevi.com.tr\/index.php\/wp-json\/wp\/v2\/product_tag?post=724702"}],"curies":[{"name":"wp","href":"https:\/\/api.w.org\/{rel}","templated":true}]}}