{"id":724699,"date":"2025-08-27T19:38:39","date_gmt":"2025-08-27T16:38:39","guid":{"rendered":"https:\/\/roveyayinevi.com.tr\/index.php\/urun\/dansa-davet\/"},"modified":"2026-04-07T02:41:07","modified_gmt":"2026-04-06T23:41:07","slug":"dansa-davet","status":"publish","type":"product","link":"https:\/\/roveyayinevi.com.tr\/index.php\/urun\/dansa-davet\/","title":{"rendered":"Dansa Davet"},"content":{"rendered":"<p>&#8220;Dans etmek bir \u00e7\u0131\u011fl\u0131\u011f\u0131 susturmak m\u0131?&#8221;Dansa Davet, 1518 y\u0131l\u0131nda g\u00f6r\u00fclen, d\u00fcnyan\u0131n en ilgin\u00e7 toplumsal histeri vakalar\u0131ndan birinin hik\u00e2yesini anlat\u0131yor. Strasbourg&#8217;da a\u00e7l\u0131k ve sefaletin, insanlar\u0131 cinayete s\u00fcr\u00fckleyen bir yoklu\u011fun h\u00fck\u00fcm s\u00fcrd\u00fc\u011f\u00fc zamanlarda, \u0131st\u0131rab\u0131ndan akl\u0131n\u0131 yitiren bir kad\u0131n, aniden sokaklarda dans etmeye ba\u015flar. K\u0131sa bir s\u00fcre i\u00e7inde ona kat\u0131lanlar\u0131n say\u0131s\u0131 gitgide artar ve &#8220;Dans Vebas\u0131&#8221; t\u00fcm \u015fehri esir al\u0131r. Binlerce insan ya\u015fad\u0131klar\u0131 a\u011f\u0131r travmalar sonucunda bilincini yitirip \u00f6lene dek dans eder durur.\u0130ntihar D\u00fckk\u00e2n\u0131&#8217;n\u0131n yazar\u0131ndan, &#8220;kurgu hik\u00e2yelerden \u00e7ok daha delice bir ger\u00e7ekli\u011fi anlatan&#8221; masals\u0131 bir roman&#8230;<\/p>\n","protected":false},"excerpt":{"rendered":"<p>&#8220;Dans etmek bir \u00e7\u0131\u011fl\u0131\u011f\u0131 susturmak m\u0131?&#8221;Dansa Davet, 1518 y\u0131l\u0131nda g\u00f6r\u00fclen, d\u00fcnyan\u0131n en ilgin\u00e7 toplumsal histeri vakalar\u0131ndan birinin hik\u00e2yesini anlat\u0131yor. Strasbourg&#8217;da a\u00e7l\u0131k ve sefaletin, insanlar\u0131 cinayete s\u00fcr\u00fckleyen<span class=\"excerpt-hellip\"> [\u2026]<\/span><\/p>\n","protected":false},"featured_media":0,"template":"","meta":{"_monsterinsights_skip_tracking":false,"_monsterinsights_sitenote_active":false,"_monsterinsights_sitenote_note":"","_monsterinsights_sitenote_category":0},"product_brand":[],"product_cat":[12291,12711],"product_tag":[],"class_list":{"0":"post-724699","1":"product","2":"type-product","3":"status-publish","5":"product_cat-edebiyat","6":"product_cat-roman-oyku","7":"pa_cilt-ciltsiz","8":"pa_tur-kitap","9":"pa_yayinevi-sel-yayincilik","10":"pa_yazar-jean-teule","12":"first","13":"instock","14":"sale","15":"shipping-taxable","16":"purchasable","17":"product-type-simple"},"_links":{"self":[{"href":"https:\/\/roveyayinevi.com.tr\/index.php\/wp-json\/wp\/v2\/product\/724699","targetHints":{"allow":["GET"]}}],"collection":[{"href":"https:\/\/roveyayinevi.com.tr\/index.php\/wp-json\/wp\/v2\/product"}],"about":[{"href":"https:\/\/roveyayinevi.com.tr\/index.php\/wp-json\/wp\/v2\/types\/product"}],"wp:attachment":[{"href":"https:\/\/roveyayinevi.com.tr\/index.php\/wp-json\/wp\/v2\/media?parent=724699"}],"wp:term":[{"taxonomy":"product_brand","embeddable":true,"href":"https:\/\/roveyayinevi.com.tr\/index.php\/wp-json\/wp\/v2\/product_brand?post=724699"},{"taxonomy":"product_cat","embeddable":true,"href":"https:\/\/roveyayinevi.com.tr\/index.php\/wp-json\/wp\/v2\/product_cat?post=724699"},{"taxonomy":"product_tag","embeddable":true,"href":"https:\/\/roveyayinevi.com.tr\/index.php\/wp-json\/wp\/v2\/product_tag?post=724699"}],"curies":[{"name":"wp","href":"https:\/\/api.w.org\/{rel}","templated":true}]}}