{"id":724698,"date":"2025-08-27T19:38:38","date_gmt":"2025-08-27T16:38:38","guid":{"rendered":"https:\/\/roveyayinevi.com.tr\/index.php\/urun\/kagni-6\/"},"modified":"2026-04-16T02:32:27","modified_gmt":"2026-04-15T23:32:27","slug":"kagni-6","status":"publish","type":"product","link":"https:\/\/roveyayinevi.com.tr\/index.php\/urun\/kagni-6\/","title":{"rendered":"Ka\u011fn\u0131"},"content":{"rendered":"<p>\u201cHi\u00e7bir telkin; hi\u00e7bir nasihat beni biraz olsun s\u00fck\u00fbnete getiremezdi. En ak\u0131ll\u0131lar\u0131n s\u00f6zlerinde bile zay\u0131f ve alay edilecek taraflar bulmakta b\u00fcy\u00fck bir maharet sahibi idim. Halbuki bu gen\u00e7 k\u0131z, bana bir tek kelime ile b\u00f6yle bir \u015fey teklif etmedi\u011fi, bir tek tavr\u0131yla benden b\u00f6yle bir \u015fey istemedi\u011fi halde onun mevcudiyeti beni sakinle\u015ftirmi\u015f, a\u011f\u0131rla\u015ft\u0131rm\u0131\u015ft\u0131. Beni asla anlamad\u0131\u011f\u0131 muhakkakt\u0131; ben de onu pek anlam\u0131\u015f de\u011fildim. Birbirimizi anlayan bir taraf\u0131m\u0131z herhalde vard\u0131. Fakat bu, biz fark\u0131nda olmadan i\u015fini y\u00fcr\u00fct\u00fcyordu. Yani \u015fuurumuzun haricindeki bir kuvvet, bir amil, bizi ve bizim akl\u0131m\u0131z\u0131 hi\u00e7e sayarak istedi\u011fi gibi hareket ediyordu ve biz bilmedi\u011fimiz, anlamad\u0131\u011f\u0131m\u0131z kuvvetlere itirazs\u0131z itaat, ink\u0131yat mecburiyetinde oldu\u011fumuzu g\u00f6r\u00fcyorduk.\u201dT\u00fcrk Edebiyat\u0131n\u0131n B\u00fcy\u00fck Ustas\u0131 Sabahattin Ali\u2019nin \u00f6l\u00fcms\u00fcz eseri Ka\u011fn\u0131\u2019y\u0131 okurlar\u0131m\u0131za sunmaktan onur duyuyoruz.<\/p>\n","protected":false},"excerpt":{"rendered":"<p>\u201cHi\u00e7bir telkin; hi\u00e7bir nasihat beni biraz olsun s\u00fck\u00fbnete getiremezdi. En ak\u0131ll\u0131lar\u0131n s\u00f6zlerinde bile zay\u0131f ve alay edilecek taraflar bulmakta b\u00fcy\u00fck bir maharet sahibi idim. Halbuki bu<span class=\"excerpt-hellip\"> [\u2026]<\/span><\/p>\n","protected":false},"featured_media":0,"template":"","meta":{"_monsterinsights_skip_tracking":false,"_monsterinsights_sitenote_active":false,"_monsterinsights_sitenote_note":"","_monsterinsights_sitenote_category":0},"product_brand":[],"product_cat":[12291,12711],"product_tag":[],"class_list":{"0":"post-724698","1":"product","2":"type-product","3":"status-publish","5":"product_cat-edebiyat","6":"product_cat-roman-oyku","7":"pa_cilt-ciltsiz","8":"pa_tur-kitap","9":"pa_yayinevi-telgrafhane-yayinlari","10":"pa_yazar-sabahattin-ali","12":"first","13":"instock","14":"sale","15":"shipping-taxable","16":"purchasable","17":"product-type-simple"},"_links":{"self":[{"href":"https:\/\/roveyayinevi.com.tr\/index.php\/wp-json\/wp\/v2\/product\/724698","targetHints":{"allow":["GET"]}}],"collection":[{"href":"https:\/\/roveyayinevi.com.tr\/index.php\/wp-json\/wp\/v2\/product"}],"about":[{"href":"https:\/\/roveyayinevi.com.tr\/index.php\/wp-json\/wp\/v2\/types\/product"}],"wp:attachment":[{"href":"https:\/\/roveyayinevi.com.tr\/index.php\/wp-json\/wp\/v2\/media?parent=724698"}],"wp:term":[{"taxonomy":"product_brand","embeddable":true,"href":"https:\/\/roveyayinevi.com.tr\/index.php\/wp-json\/wp\/v2\/product_brand?post=724698"},{"taxonomy":"product_cat","embeddable":true,"href":"https:\/\/roveyayinevi.com.tr\/index.php\/wp-json\/wp\/v2\/product_cat?post=724698"},{"taxonomy":"product_tag","embeddable":true,"href":"https:\/\/roveyayinevi.com.tr\/index.php\/wp-json\/wp\/v2\/product_tag?post=724698"}],"curies":[{"name":"wp","href":"https:\/\/api.w.org\/{rel}","templated":true}]}}