{"id":724696,"date":"2025-08-27T19:38:36","date_gmt":"2025-08-27T16:38:36","guid":{"rendered":"https:\/\/roveyayinevi.com.tr\/index.php\/urun\/dusman-koyleri-yakti\/"},"modified":"2026-04-13T02:39:48","modified_gmt":"2026-04-12T23:39:48","slug":"dusman-koyleri-yakti","status":"publish","type":"product","link":"https:\/\/roveyayinevi.com.tr\/index.php\/urun\/dusman-koyleri-yakti\/","title":{"rendered":"D\u00fc\u015fman K\u00f6yleri Yakt\u0131"},"content":{"rendered":"<p>Tarihin en kanl\u0131 ve en b\u00fcy\u00fck de\u011fi\u015fimlere gebe d\u00f6neminde, sava\u015f\u0131n insan ruhundaki duygusal yans\u0131malar\u0131n\u0131 ustal\u0131kla i\u015flemeye devam ediyor Nevzat Kutlu. Tarihi romanlar\u0131 ile tan\u0131nan yazar, bu kez Kurtulu\u015f Sava\u015f\u0131 y\u0131llar\u0131na gidiyor; yine s\u0131radan insanlar\u0131n sars\u0131c\u0131 hayatlar\u0131yla kurgulad\u0131\u011f\u0131n\u0131 roman\u0131nda; okuyucular\u0131n\u0131n y\u00fcre\u011fine ac\u0131y\u0131, a\u015fk\u0131, \u00f6zlemi, var olma sava\u015f\u0131n\u0131, \u00f6zg\u00fcrl\u00fck ve ba\u011f\u0131ms\u0131zl\u0131k sevdas\u0131n\u0131 bir nak\u0131\u015f gibi i\u015fliyor\u2026\u015eu k\u00fc\u00e7\u00fcc\u00fck kasabada, d\u00f6n\u00fcp geriye bakt\u0131\u011f\u0131nda,  ya\u015fad\u0131\u011f\u0131n\u0131 belli edecek hi\u00e7bir \u015fey olmam\u0131\u015ft\u0131. \u00d6l\u00fcp gidecek, hi\u00e7 kimsenin haberi olmayacakt\u0131.\u201d <\/p>\n","protected":false},"excerpt":{"rendered":"<p>Tarihin en kanl\u0131 ve en b\u00fcy\u00fck de\u011fi\u015fimlere gebe d\u00f6neminde, sava\u015f\u0131n insan ruhundaki duygusal yans\u0131malar\u0131n\u0131 ustal\u0131kla i\u015flemeye devam ediyor Nevzat Kutlu. Tarihi romanlar\u0131 ile tan\u0131nan yazar, bu<span class=\"excerpt-hellip\"> [\u2026]<\/span><\/p>\n","protected":false},"featured_media":0,"template":"","meta":{"_monsterinsights_skip_tracking":false,"_monsterinsights_sitenote_active":false,"_monsterinsights_sitenote_note":"","_monsterinsights_sitenote_category":0},"product_brand":[],"product_cat":[12291,12711],"product_tag":[],"class_list":{"0":"post-724696","1":"product","2":"type-product","3":"status-publish","5":"product_cat-edebiyat","6":"product_cat-roman-oyku","7":"pa_cilt-ciltsiz","8":"pa_tur-kitap","9":"pa_yayinevi-telgrafhane-yayinlari","10":"pa_yazar-nevzat-kutlu","12":"first","13":"instock","14":"sale","15":"shipping-taxable","16":"purchasable","17":"product-type-simple"},"_links":{"self":[{"href":"https:\/\/roveyayinevi.com.tr\/index.php\/wp-json\/wp\/v2\/product\/724696","targetHints":{"allow":["GET"]}}],"collection":[{"href":"https:\/\/roveyayinevi.com.tr\/index.php\/wp-json\/wp\/v2\/product"}],"about":[{"href":"https:\/\/roveyayinevi.com.tr\/index.php\/wp-json\/wp\/v2\/types\/product"}],"wp:attachment":[{"href":"https:\/\/roveyayinevi.com.tr\/index.php\/wp-json\/wp\/v2\/media?parent=724696"}],"wp:term":[{"taxonomy":"product_brand","embeddable":true,"href":"https:\/\/roveyayinevi.com.tr\/index.php\/wp-json\/wp\/v2\/product_brand?post=724696"},{"taxonomy":"product_cat","embeddable":true,"href":"https:\/\/roveyayinevi.com.tr\/index.php\/wp-json\/wp\/v2\/product_cat?post=724696"},{"taxonomy":"product_tag","embeddable":true,"href":"https:\/\/roveyayinevi.com.tr\/index.php\/wp-json\/wp\/v2\/product_tag?post=724696"}],"curies":[{"name":"wp","href":"https:\/\/api.w.org\/{rel}","templated":true}]}}