{"id":724695,"date":"2025-08-27T19:38:35","date_gmt":"2025-08-27T16:38:35","guid":{"rendered":"https:\/\/roveyayinevi.com.tr\/index.php\/urun\/dunyanin-cok-uzaginda\/"},"modified":"2026-04-12T02:38:53","modified_gmt":"2026-04-11T23:38:53","slug":"dunyanin-cok-uzaginda","status":"publish","type":"product","link":"https:\/\/roveyayinevi.com.tr\/index.php\/urun\/dunyanin-cok-uzaginda\/","title":{"rendered":"D\u00fcnyan\u0131n \u00c7ok Uza\u011f\u0131nda"},"content":{"rendered":"<p>\u201cNas\u0131l bir hissedi\u015fse bu b\u00f6yle; seni i\u00e7ine \u00e7ekip denizlerin ortas\u0131ndaki bu adadan ald\u0131, geceleyin d\u00fcnyan\u0131n uzaklar\u0131na ta\u015f\u0131d\u0131, ba\u015fka diyarlara g\u00f6t\u00fcr\u00fcp ve yine hi\u00e7 g\u00fcr\u00fclt\u00fc etmeden bu isimsiz tayyare, seni usulca oralarda b\u0131rakt\u0131 ve imrendi\u011fin ve hatta buruk bir tatla k\u0131skand\u0131\u011f\u0131n o i\u00e7indekilerle birlikte s\u00fcz\u00fclerek ayr\u0131l\u0131p gitti \u00e7ok uzaklara&#8230;\u201d   Yetmi\u015fli y\u0131llar\u0131n ilk \u00e7eyre\u011fi&#8230;\u00dclkenin politik ortam\u0131nda, \u00f6\u011frencilerinin sol d\u00fc\u015f\u00fcnceye dair sordu\u011fu soruyla hayat\u0131 de\u011fi\u015fen bir felsefe hocas\u0131&#8230;On y\u0131ll\u0131k bir cezaevi hayat\u0131nda, ki\u015finin, ba\u015fka insan hik\u00e2yelerini de yol arkada\u015f\u0131 bilip, \u00f6zlemle s\u0131nanarak, kendi \u00f6z\u00fcne uzanan yolculu\u011fu&#8230;  <\/p>\n","protected":false},"excerpt":{"rendered":"<p>\u201cNas\u0131l bir hissedi\u015fse bu b\u00f6yle; seni i\u00e7ine \u00e7ekip denizlerin ortas\u0131ndaki bu adadan ald\u0131, geceleyin d\u00fcnyan\u0131n uzaklar\u0131na ta\u015f\u0131d\u0131, ba\u015fka diyarlara g\u00f6t\u00fcr\u00fcp ve yine hi\u00e7 g\u00fcr\u00fclt\u00fc etmeden bu<span class=\"excerpt-hellip\"> [\u2026]<\/span><\/p>\n","protected":false},"featured_media":0,"template":"","meta":{"_monsterinsights_skip_tracking":false,"_monsterinsights_sitenote_active":false,"_monsterinsights_sitenote_note":"","_monsterinsights_sitenote_category":0},"product_brand":[],"product_cat":[12291,12711],"product_tag":[],"class_list":{"0":"post-724695","1":"product","2":"type-product","3":"status-publish","5":"product_cat-edebiyat","6":"product_cat-roman-oyku","7":"pa_cilt-ciltsiz","8":"pa_tur-kitap","9":"pa_yayinevi-telgrafhane-yayinlari","10":"pa_yazar-fikret-ozkurt","12":"first","13":"instock","14":"sale","15":"shipping-taxable","16":"purchasable","17":"product-type-simple"},"_links":{"self":[{"href":"https:\/\/roveyayinevi.com.tr\/index.php\/wp-json\/wp\/v2\/product\/724695","targetHints":{"allow":["GET"]}}],"collection":[{"href":"https:\/\/roveyayinevi.com.tr\/index.php\/wp-json\/wp\/v2\/product"}],"about":[{"href":"https:\/\/roveyayinevi.com.tr\/index.php\/wp-json\/wp\/v2\/types\/product"}],"wp:attachment":[{"href":"https:\/\/roveyayinevi.com.tr\/index.php\/wp-json\/wp\/v2\/media?parent=724695"}],"wp:term":[{"taxonomy":"product_brand","embeddable":true,"href":"https:\/\/roveyayinevi.com.tr\/index.php\/wp-json\/wp\/v2\/product_brand?post=724695"},{"taxonomy":"product_cat","embeddable":true,"href":"https:\/\/roveyayinevi.com.tr\/index.php\/wp-json\/wp\/v2\/product_cat?post=724695"},{"taxonomy":"product_tag","embeddable":true,"href":"https:\/\/roveyayinevi.com.tr\/index.php\/wp-json\/wp\/v2\/product_tag?post=724695"}],"curies":[{"name":"wp","href":"https:\/\/api.w.org\/{rel}","templated":true}]}}