{"id":724694,"date":"2025-08-27T19:38:34","date_gmt":"2025-08-27T16:38:34","guid":{"rendered":"https:\/\/roveyayinevi.com.tr\/index.php\/urun\/hayaletgoren\/"},"modified":"2025-11-21T06:05:37","modified_gmt":"2025-11-21T03:05:37","slug":"hayaletgoren","status":"publish","type":"product","link":"https:\/\/roveyayinevi.com.tr\/index.php\/urun\/hayaletgoren\/","title":{"rendered":"Hayaletg\u00f6ren"},"content":{"rendered":"<p>Hayaletg\u00f6ren, romantik ve gotik d\u00fc\u015f\u00fcnce gelene\u011fi \u00fczerinde \u00f6nemli etkiler b\u0131rakan Alman oyun yazar\u0131 ve \u015fair Friedrich Schiller\u2019in tek roman denemesidir. Schiller\u2019in ok\u00fcltizm, spiritizma ve ruh \u00e7a\u011f\u0131rma motifleriyle d\u00f6nemin komplo teorilerini ustal\u0131kla harmanlad\u0131\u011f\u0131 Hayaletg\u00f6ren, Venedik\u2019te bir Alman prensinin ba\u015f\u0131ndan ge\u00e7en \u00e7etrefil bir maceraya odaklan\u0131r. Ciddi, i\u00e7ine kapan\u0131k ve melankolik biri olan prens, kimsenin onu tan\u0131mad\u0131\u011f\u0131 Venedik\u2019te sessiz sedas\u0131z bir ya\u015fam s\u00fcrmektedir. Oysa Venedik ba\u015ftan \u00e7\u0131kar\u0131c\u0131 zevklerin, karanl\u0131k arzular\u0131n \u015fehridir.1787-1789 aras\u0131 Thalia dergisinde b\u00f6l\u00fcm b\u00f6l\u00fcm yay\u0131mland\u0131\u011f\u0131nda b\u00fcy\u00fck ilgiyle kar\u015f\u0131la\u015fan Hayaletg\u00f6ren bir roman fragman\u0131. Schiller\u2019in Hayaletg\u00f6ren\u2019de i\u015fledi\u011fi motifler sonradan E.T.A. Hoffmann\u2019dan Thomas Mann\u2019a uzanan bir yelpazede s\u0131kl\u0131kla yeniden edebiyat sahnesine ta\u015f\u0131nd\u0131, kulland\u0131\u011f\u0131 anlat\u0131m teknikleri ise Edgar Allan Poe, H.P. Lovecraft ve Clark Ashton Smith gibi isimler taraf\u0131ndan benimsendi.<\/p>\n","protected":false},"excerpt":{"rendered":"<p>Hayaletg\u00f6ren, romantik ve gotik d\u00fc\u015f\u00fcnce gelene\u011fi \u00fczerinde \u00f6nemli etkiler b\u0131rakan Alman oyun yazar\u0131 ve \u015fair Friedrich Schiller\u2019in tek roman denemesidir. Schiller\u2019in ok\u00fcltizm, spiritizma ve ruh \u00e7a\u011f\u0131rma<span class=\"excerpt-hellip\"> [\u2026]<\/span><\/p>\n","protected":false},"featured_media":0,"template":"","meta":{"_monsterinsights_skip_tracking":false,"_monsterinsights_sitenote_active":false,"_monsterinsights_sitenote_note":"","_monsterinsights_sitenote_category":0},"product_brand":[],"product_cat":[12291,12711],"product_tag":[],"class_list":{"0":"post-724694","1":"product","2":"type-product","3":"status-publish","5":"product_cat-edebiyat","6":"product_cat-roman-oyku","7":"pa_cilt-ciltsiz","8":"pa_tur-kitap","9":"pa_yayinevi-can-yayinlari","10":"pa_yazar-friedrich-schiller","12":"first","13":"instock","14":"sale","15":"shipping-taxable","16":"purchasable","17":"product-type-simple"},"_links":{"self":[{"href":"https:\/\/roveyayinevi.com.tr\/index.php\/wp-json\/wp\/v2\/product\/724694","targetHints":{"allow":["GET"]}}],"collection":[{"href":"https:\/\/roveyayinevi.com.tr\/index.php\/wp-json\/wp\/v2\/product"}],"about":[{"href":"https:\/\/roveyayinevi.com.tr\/index.php\/wp-json\/wp\/v2\/types\/product"}],"wp:attachment":[{"href":"https:\/\/roveyayinevi.com.tr\/index.php\/wp-json\/wp\/v2\/media?parent=724694"}],"wp:term":[{"taxonomy":"product_brand","embeddable":true,"href":"https:\/\/roveyayinevi.com.tr\/index.php\/wp-json\/wp\/v2\/product_brand?post=724694"},{"taxonomy":"product_cat","embeddable":true,"href":"https:\/\/roveyayinevi.com.tr\/index.php\/wp-json\/wp\/v2\/product_cat?post=724694"},{"taxonomy":"product_tag","embeddable":true,"href":"https:\/\/roveyayinevi.com.tr\/index.php\/wp-json\/wp\/v2\/product_tag?post=724694"}],"curies":[{"name":"wp","href":"https:\/\/api.w.org\/{rel}","templated":true}]}}