{"id":724689,"date":"2025-08-27T19:38:30","date_gmt":"2025-08-27T16:38:30","guid":{"rendered":"https:\/\/roveyayinevi.com.tr\/index.php\/urun\/arkaik-donem-kilikia-pismis-toprak-figurinleri\/"},"modified":"2026-04-16T02:32:27","modified_gmt":"2026-04-15T23:32:27","slug":"arkaik-donem-kilikia-pismis-toprak-figurinleri","status":"publish","type":"product","link":"https:\/\/roveyayinevi.com.tr\/index.php\/urun\/arkaik-donem-kilikia-pismis-toprak-figurinleri\/","title":{"rendered":"Arkaik D\u00f6nem Kilikia Pi\u015fmi\u015f Toprak Fig\u00fcrinleri"},"content":{"rendered":"<p>Arkaik D\u00f6nem K\u0131l\u0131k\u0131a Pi\u015fmi\u015f Toprak Fig\u00fcrleri K\u0131l\u0131k\u0131a, K\u0131br\u0131s ve Ion\u0131a \u0130li\u015fkileriArkeolojik Materyalden Do\u011fru Sonu\u00e7 Elde Edebilmek i\u00e7in Tarafs\u0131z, Irklar Ve \u0130deolojilerden Uzak Durularak Robot Mant\u0131\u011f\u0131yla Yourm Yap\u0131lmal\u0131d\u0131r. Duygusal Yap\u0131lan Yorumlar Da Yanl\u0131\u015fa G\u00f6t\u00fcr\u00fcr. Do\u011fu \u0130le Bat\u0131n\u0131n Ticarette Bulu\u015ftu\u011fu En B\u00fcy\u00fck \u00dcs Olan Kilikia, Statejik Konumu \u0130le Tarihin Her D\u00f6nemimde B\u00fcy\u00fck Uygarl\u0131klar\u0131n Sahip Olmak \u0130stedikleri Bir B\u00f6lge Olmu\u015ftur. G\u00fcn\u00fcm\u00fczde Ya\u015fanan Suriye Sava\u015f\u0131 Tarihten Gelen Bu M\u00fccadelenin Devam\u0131d\u0131r.Do\u011funun, Akdeniz D\u00fcnyas\u0131na A\u00e7\u0131ld\u0131\u011f\u0131 En B\u00fcy\u00fck Kap\u0131 Olan Kilikia\u2019n\u0131n, Sanat\u0131 Dikkate Al\u0131nmadan Yap\u0131lacak \u00c7al\u0131\u015fmalar Her Zaman Eksik Olacakt\u0131r. Bu \u00c7al\u0131\u015fmaya Konu Edilen Terracotta Eserlerle, Akdeniz <\/p>\n","protected":false},"excerpt":{"rendered":"<p>Arkaik D\u00f6nem K\u0131l\u0131k\u0131a Pi\u015fmi\u015f Toprak Fig\u00fcrleri K\u0131l\u0131k\u0131a, K\u0131br\u0131s ve Ion\u0131a \u0130li\u015fkileriArkeolojik Materyalden Do\u011fru Sonu\u00e7 Elde Edebilmek i\u00e7in Tarafs\u0131z, Irklar Ve \u0130deolojilerden Uzak Durularak Robot Mant\u0131\u011f\u0131yla Yourm<span class=\"excerpt-hellip\"> [\u2026]<\/span><\/p>\n","protected":false},"featured_media":0,"template":"","meta":{"_monsterinsights_skip_tracking":false,"_monsterinsights_sitenote_active":false,"_monsterinsights_sitenote_note":"","_monsterinsights_sitenote_category":0},"product_brand":[],"product_cat":[12370,12304],"product_tag":[],"class_list":{"0":"post-724689","1":"product","2":"type-product","3":"status-publish","5":"product_cat-arastirma-inceleme","6":"product_cat-tarih","7":"pa_cilt-ciltsiz","8":"pa_tur-kitap","9":"pa_yayinevi-bilgin-kultur-sanat","10":"pa_yazar-mehmet-ozhanli","12":"first","13":"instock","14":"sale","15":"shipping-taxable","16":"purchasable","17":"product-type-simple"},"_links":{"self":[{"href":"https:\/\/roveyayinevi.com.tr\/index.php\/wp-json\/wp\/v2\/product\/724689","targetHints":{"allow":["GET"]}}],"collection":[{"href":"https:\/\/roveyayinevi.com.tr\/index.php\/wp-json\/wp\/v2\/product"}],"about":[{"href":"https:\/\/roveyayinevi.com.tr\/index.php\/wp-json\/wp\/v2\/types\/product"}],"wp:attachment":[{"href":"https:\/\/roveyayinevi.com.tr\/index.php\/wp-json\/wp\/v2\/media?parent=724689"}],"wp:term":[{"taxonomy":"product_brand","embeddable":true,"href":"https:\/\/roveyayinevi.com.tr\/index.php\/wp-json\/wp\/v2\/product_brand?post=724689"},{"taxonomy":"product_cat","embeddable":true,"href":"https:\/\/roveyayinevi.com.tr\/index.php\/wp-json\/wp\/v2\/product_cat?post=724689"},{"taxonomy":"product_tag","embeddable":true,"href":"https:\/\/roveyayinevi.com.tr\/index.php\/wp-json\/wp\/v2\/product_tag?post=724689"}],"curies":[{"name":"wp","href":"https:\/\/api.w.org\/{rel}","templated":true}]}}