{"id":724688,"date":"2025-08-27T19:38:30","date_gmt":"2025-08-27T16:38:30","guid":{"rendered":"https:\/\/roveyayinevi.com.tr\/index.php\/urun\/arkeolojik-yuzey-arastirmalari-isiginda-giresun\/"},"modified":"2026-04-16T02:32:27","modified_gmt":"2026-04-15T23:32:27","slug":"arkeolojik-yuzey-arastirmalari-isiginda-giresun","status":"publish","type":"product","link":"https:\/\/roveyayinevi.com.tr\/index.php\/urun\/arkeolojik-yuzey-arastirmalari-isiginda-giresun\/","title":{"rendered":"Arkeolojik Y\u00fczey Ara\u015ft\u0131rmalar\u0131 I\u015f\u0131\u011f\u0131nda Giresun"},"content":{"rendered":"<p>Arkeolojik Y\u00fczey Ara\u015ft\u0131rmalar\u0131 \u0131\u015f\u0131\u011f\u0131nda Giresun(Giresun \u0130li Da\u011fl\u0131k Kesim Yerle\u015fim Arkeolojisi\/2015-2019) 12015 y\u0131l\u0131ndan itibaren Giresun ilinde yapt\u0131\u011f\u0131m\u0131z Arkeolojik Y\u00fczey Ara\u015ft\u0131rmalar\u0131 ve m\u00fcze \u00e7al\u0131\u015fmalar\u0131, b\u00f6lgenin yerle\u015fim modelleri ve yerle\u015fim co\u011frafyas\u0131 hakk\u0131nda \u00e7ok kapsaml\u0131 bilgilere ula\u015fmam\u0131z\u0131 sa\u011flamas\u0131 a\u00e7\u0131s\u0131ndan \u00f6nemlidir. Bu \u00e7al\u0131\u015fmalar, b\u00f6lgesel yerle\u015fim modelleri, k\u00fclt\u00fcrler, sosyal ve ekonomik yap\u0131 \u00f6zelliklerini ortaya koyabilmemizi ve farkl\u0131 b\u00f6lgeler aras\u0131ndaki benzerlik ve ayr\u0131l\u0131klar\u0131 g\u00f6rmemizi sa\u011flam\u0131\u015ft\u0131r. Anadolu, tarihin en eski d\u00f6nemlerinden itibaren iskana sahip olmu\u015f \u00f6nemli k\u00fclt\u00fcr b\u00f6lgelerinden biri olmas\u0131nda ra\u011fmen genel anlamda tarihi ve arkeolojik ara\u015ft\u0131rmalar \u00e7ok ge\u00e7 ba\u015flam\u0131\u015ft\u0131r. Bu co\u011frafyadaki uygarl\u0131klar, \u00f6nemli bir ge\u00e7mi\u015fe sahiptir. Giresun ilinin bulundu\u011fu co\u011frafyada yap\u0131lan y\u00fczey ara\u015ft\u0131rmalar\u0131n\u0131n bir k\u0131sm\u0131na(Samsun-Giresun-Ordu-Amasya) bizzat kat\u0131lm\u0131\u015f olmam b\u00f6lge co\u011frafyas\u0131n\u0131 yak\u0131ndan tan\u0131mama ve b\u00f6lgenin k\u00fclt\u00fcr\u00fcn\u00fc olu\u015fturan y\u00fczey buluntular\u0131n\u0131 birebir inceleme ve kar\u015f\u0131la\u015ft\u0131rma imkan\u0131n\u0131 sa\u011flam\u0131\u015f oldu. Yine \u00e7evre k\u00fclt\u00fcrlerin de\u011ferlendirilmesinde \u00e7al\u0131\u015fma saham\u0131z\u0131n yak\u0131n\u0131nda yap\u0131lan ve halen devam eden ara\u015ft\u0131rmalar\u0131n sonu\u00e7lar\u0131 da bu ara\u015ft\u0131ma i\u00e7in \u00f6nemli derecede etkili oldu.<\/p>\n","protected":false},"excerpt":{"rendered":"<p>Arkeolojik Y\u00fczey Ara\u015ft\u0131rmalar\u0131 \u0131\u015f\u0131\u011f\u0131nda Giresun(Giresun \u0130li Da\u011fl\u0131k Kesim Yerle\u015fim Arkeolojisi\/2015-2019) 12015 y\u0131l\u0131ndan itibaren Giresun ilinde yapt\u0131\u011f\u0131m\u0131z Arkeolojik Y\u00fczey Ara\u015ft\u0131rmalar\u0131 ve m\u00fcze \u00e7al\u0131\u015fmalar\u0131, b\u00f6lgenin yerle\u015fim modelleri ve<span class=\"excerpt-hellip\"> [\u2026]<\/span><\/p>\n","protected":false},"featured_media":0,"template":"","meta":{"_monsterinsights_skip_tracking":false,"_monsterinsights_sitenote_active":false,"_monsterinsights_sitenote_note":"","_monsterinsights_sitenote_category":0},"product_brand":[],"product_cat":[12408,14197],"product_tag":[],"class_list":{"0":"post-724688","1":"product","2":"type-product","3":"status-publish","5":"product_cat-sanat","6":"product_cat-sanat-tarihi","7":"pa_cilt-ciltsiz","8":"pa_tur-kitap","9":"pa_yayinevi-bilgin-kultur-sanat","10":"pa_yazar-salih-kaymakci","12":"first","13":"instock","14":"sale","15":"shipping-taxable","16":"purchasable","17":"product-type-simple"},"_links":{"self":[{"href":"https:\/\/roveyayinevi.com.tr\/index.php\/wp-json\/wp\/v2\/product\/724688","targetHints":{"allow":["GET"]}}],"collection":[{"href":"https:\/\/roveyayinevi.com.tr\/index.php\/wp-json\/wp\/v2\/product"}],"about":[{"href":"https:\/\/roveyayinevi.com.tr\/index.php\/wp-json\/wp\/v2\/types\/product"}],"wp:attachment":[{"href":"https:\/\/roveyayinevi.com.tr\/index.php\/wp-json\/wp\/v2\/media?parent=724688"}],"wp:term":[{"taxonomy":"product_brand","embeddable":true,"href":"https:\/\/roveyayinevi.com.tr\/index.php\/wp-json\/wp\/v2\/product_brand?post=724688"},{"taxonomy":"product_cat","embeddable":true,"href":"https:\/\/roveyayinevi.com.tr\/index.php\/wp-json\/wp\/v2\/product_cat?post=724688"},{"taxonomy":"product_tag","embeddable":true,"href":"https:\/\/roveyayinevi.com.tr\/index.php\/wp-json\/wp\/v2\/product_tag?post=724688"}],"curies":[{"name":"wp","href":"https:\/\/api.w.org\/{rel}","templated":true}]}}