{"id":724686,"date":"2025-08-27T19:38:28","date_gmt":"2025-08-27T16:38:28","guid":{"rendered":"https:\/\/roveyayinevi.com.tr\/index.php\/urun\/okyanustaki-sandal\/"},"modified":"2026-04-16T02:32:27","modified_gmt":"2026-04-15T23:32:27","slug":"okyanustaki-sandal","status":"publish","type":"product","link":"https:\/\/roveyayinevi.com.tr\/index.php\/urun\/okyanustaki-sandal\/","title":{"rendered":"Okyanustaki Sandal"},"content":{"rendered":"<p>Herkesi bir dert sarm\u0131\u015f, kayg\u0131l\u0131.Bende ise a\u015fk sarm\u0131\u015f d\u00f6rt bir yan\u0131m\u0131.Verecek mi yaradan bana hakk\u0131m\u0131?Peki, bu a\u015fk, vezir mi yoksa rezil mi edecek hayat\u0131m\u0131?Dertle\u015fiyoruz Zeki M\u00fcren ile.O s\u00f6yl\u00fcyor, ben yaz\u0131yorum.Ahenk i\u00e7indeyiz engin denizle,O dalgalan\u0131yor ay \u0131\u015f\u0131\u011f\u0131nda,Ben yaz\u0131yorum onun a\u015fk\u0131yla.Nil\u00fcfer \u00e7i\u00e7e\u011finin rengi kadar masum.O bir okyanus, ben ise sandal.O \u0130stanbul, ben ise kaybeden.Bu hik\u00e2ye mutlu sonla bitmeyecek belli,Ama o hep g\u00fczelle\u015ftirecek hayalimi.<\/p>\n","protected":false},"excerpt":{"rendered":"<p>Herkesi bir dert sarm\u0131\u015f, kayg\u0131l\u0131.Bende ise a\u015fk sarm\u0131\u015f d\u00f6rt bir yan\u0131m\u0131.Verecek mi yaradan bana hakk\u0131m\u0131?Peki, bu a\u015fk, vezir mi yoksa rezil mi edecek hayat\u0131m\u0131?Dertle\u015fiyoruz Zeki M\u00fcren<span class=\"excerpt-hellip\"> [\u2026]<\/span><\/p>\n","protected":false},"featured_media":0,"template":"","meta":{"_monsterinsights_skip_tracking":false,"_monsterinsights_sitenote_active":false,"_monsterinsights_sitenote_note":"","_monsterinsights_sitenote_category":0},"product_brand":[],"product_cat":[12291,12509],"product_tag":[],"class_list":{"0":"post-724686","1":"product","2":"type-product","3":"status-publish","5":"product_cat-edebiyat","6":"product_cat-siir","7":"pa_cilt-ciltsiz","8":"pa_tur-kitap","9":"pa_yayinevi-luna-yayinlari","10":"pa_yazar-nevzat-dogukan-buz","12":"first","13":"instock","14":"sale","15":"shipping-taxable","16":"purchasable","17":"product-type-simple"},"_links":{"self":[{"href":"https:\/\/roveyayinevi.com.tr\/index.php\/wp-json\/wp\/v2\/product\/724686","targetHints":{"allow":["GET"]}}],"collection":[{"href":"https:\/\/roveyayinevi.com.tr\/index.php\/wp-json\/wp\/v2\/product"}],"about":[{"href":"https:\/\/roveyayinevi.com.tr\/index.php\/wp-json\/wp\/v2\/types\/product"}],"wp:attachment":[{"href":"https:\/\/roveyayinevi.com.tr\/index.php\/wp-json\/wp\/v2\/media?parent=724686"}],"wp:term":[{"taxonomy":"product_brand","embeddable":true,"href":"https:\/\/roveyayinevi.com.tr\/index.php\/wp-json\/wp\/v2\/product_brand?post=724686"},{"taxonomy":"product_cat","embeddable":true,"href":"https:\/\/roveyayinevi.com.tr\/index.php\/wp-json\/wp\/v2\/product_cat?post=724686"},{"taxonomy":"product_tag","embeddable":true,"href":"https:\/\/roveyayinevi.com.tr\/index.php\/wp-json\/wp\/v2\/product_tag?post=724686"}],"curies":[{"name":"wp","href":"https:\/\/api.w.org\/{rel}","templated":true}]}}