{"id":724681,"date":"2025-08-27T19:38:23","date_gmt":"2025-08-27T16:38:23","guid":{"rendered":"https:\/\/roveyayinevi.com.tr\/index.php\/urun\/isilti-birinci-kitap\/"},"modified":"2026-04-16T02:32:27","modified_gmt":"2026-04-15T23:32:27","slug":"isilti-birinci-kitap","status":"publish","type":"product","link":"https:\/\/roveyayinevi.com.tr\/index.php\/urun\/isilti-birinci-kitap\/","title":{"rendered":"I\u015f\u0131lt\u0131 Birinci Kitap"},"content":{"rendered":"<p>\u201cBunu sana, uyan\u0131kken mi yapt\u0131lar melek?\u201d diye sordu Paul. Deh\u015fet i\u00e7inde bak\u0131yordu. Luce, kafas\u0131n\u0131 sallad\u0131. Dudaklar\u0131n\u0131 s\u0131ms\u0131k\u0131 birbirine bast\u0131rm\u0131\u015ft\u0131! G\u00fc\u00e7l\u00fc olmaya \u00e7al\u0131\u015f\u0131yordu.Sera, kalk\u0131p herkesin bardaklar\u0131n\u0131 doldurdu. Bir diki\u015fte barda\u011f\u0131n yar\u0131s\u0131n\u0131 i\u00e7ti. Sam yumru\u011funu s\u0131km\u0131\u015f ve a\u011fz\u0131na dayam\u0131\u015ft\u0131. Luce, i\u00e7kisinden b\u00fcy\u00fck bir yudum daha ald\u0131.\u201cY\u00fcz\u00fcst\u00fc yat\u0131yordum. Ba\u015f\u0131m\u0131, kollar\u0131m\u0131 ve bacaklar\u0131m\u0131 s\u0131k\u0131ca ba\u011flam\u0131\u015flard\u0131. Bir ses, bana beyin dokusunun, ac\u0131y\u0131 hissetmedi\u011fini s\u00f6yl\u00fcyordu. Hakl\u0131yd\u0131 belki, ama cilt ve kemik, fazlas\u0131yla hissediyordu. Bay\u0131lmak istiyordum. \u0130\u00e7imden bay\u0131lmak i\u00e7in yalvar\u0131yordum,\u201d dedi, sesi f\u0131s\u0131lt\u0131ya d\u00f6n\u00fc\u015fm\u00fc\u015ft\u00fc. Hepsi, bir seferde i\u00e7kilerini i\u00e7tiler. Luce, barda\u011f\u0131n\u0131 uzatt\u0131. Sam, kalk\u0131p bardaklar\u0131 doldurdu.\u201cBir adam, bilincimi kaybetmemem gerekti\u011fini, yoksa her \u015feyin bo\u015fa gidece\u011fini s\u00f6yl\u00fcyordu. O sesi tan\u0131yordum. Ama nereden tan\u0131d\u0131\u011f\u0131m\u0131 bilmiyorum.\u201d<\/p>\n","protected":false},"excerpt":{"rendered":"<p>\u201cBunu sana, uyan\u0131kken mi yapt\u0131lar melek?\u201d diye sordu Paul. Deh\u015fet i\u00e7inde bak\u0131yordu. Luce, kafas\u0131n\u0131 sallad\u0131. Dudaklar\u0131n\u0131 s\u0131ms\u0131k\u0131 birbirine bast\u0131rm\u0131\u015ft\u0131! G\u00fc\u00e7l\u00fc olmaya \u00e7al\u0131\u015f\u0131yordu.Sera, kalk\u0131p herkesin bardaklar\u0131n\u0131 doldurdu.<span class=\"excerpt-hellip\"> [\u2026]<\/span><\/p>\n","protected":false},"featured_media":0,"template":"","meta":{"_monsterinsights_skip_tracking":false,"_monsterinsights_sitenote_active":false,"_monsterinsights_sitenote_note":"","_monsterinsights_sitenote_category":0},"product_brand":[],"product_cat":[12291,12711],"product_tag":[],"class_list":{"0":"post-724681","1":"product","2":"type-product","3":"status-publish","5":"product_cat-edebiyat","6":"product_cat-roman-oyku","7":"pa_cilt-ciltsiz","8":"pa_tur-kitap","9":"pa_yayinevi-luna-yayinlari","10":"pa_yazar-ozler-suder","12":"first","13":"instock","14":"sale","15":"shipping-taxable","16":"purchasable","17":"product-type-simple"},"_links":{"self":[{"href":"https:\/\/roveyayinevi.com.tr\/index.php\/wp-json\/wp\/v2\/product\/724681","targetHints":{"allow":["GET"]}}],"collection":[{"href":"https:\/\/roveyayinevi.com.tr\/index.php\/wp-json\/wp\/v2\/product"}],"about":[{"href":"https:\/\/roveyayinevi.com.tr\/index.php\/wp-json\/wp\/v2\/types\/product"}],"wp:attachment":[{"href":"https:\/\/roveyayinevi.com.tr\/index.php\/wp-json\/wp\/v2\/media?parent=724681"}],"wp:term":[{"taxonomy":"product_brand","embeddable":true,"href":"https:\/\/roveyayinevi.com.tr\/index.php\/wp-json\/wp\/v2\/product_brand?post=724681"},{"taxonomy":"product_cat","embeddable":true,"href":"https:\/\/roveyayinevi.com.tr\/index.php\/wp-json\/wp\/v2\/product_cat?post=724681"},{"taxonomy":"product_tag","embeddable":true,"href":"https:\/\/roveyayinevi.com.tr\/index.php\/wp-json\/wp\/v2\/product_tag?post=724681"}],"curies":[{"name":"wp","href":"https:\/\/api.w.org\/{rel}","templated":true}]}}