{"id":724680,"date":"2025-08-27T19:38:22","date_gmt":"2025-08-27T16:38:22","guid":{"rendered":"https:\/\/roveyayinevi.com.tr\/index.php\/urun\/kizlarin-suskunlugu\/"},"modified":"2025-11-12T06:06:37","modified_gmt":"2025-11-12T03:06:37","slug":"kizlarin-suskunlugu","status":"publish","type":"product","link":"https:\/\/roveyayinevi.com.tr\/index.php\/urun\/kizlarin-suskunlugu\/","title":{"rendered":"K\u0131zlar\u0131n Suskunlu\u011fu"},"content":{"rendered":"<p>Onu g\u00f6rmeden \u00f6nce sesini duydum: \u00c7\u0131\u011fl\u0131\u011f\u0131 surlar\u0131m\u0131z\u0131n i\u00e7inde yank\u0131lan\u0131yordu. Tan\u0131mak i\u00e7in onu g\u00f6rmenize gerekyoktu, \u015fan\u0131 sava\u015faca\u011f\u0131 yerlere \u00f6nceden gelirdi: Y\u00fcce ve zeki Akhilleus, tanr\u0131lara benzeyen Akhilleus\u2026 Ondanbahsederken bu isimlerin hi\u00e7birini kullanmazd\u0131k. \u201cKasap\u201d derdik biz ona.Beni kendi \u015fehrimden, taht\u0131mdan kopard\u0131\u011f\u0131 g\u00fcn eski hayat\u0131ma dair her \u015fey ard\u0131mda kald\u0131. Troya\u2019y\u0131 almak \u00fczereyola \u00e7\u0131km\u0131\u015f bir ordunun k\u00f6lesi, karde\u015flerimi ve kocam\u0131 \u00f6ld\u00fcrm\u00fc\u015f Akhilleus\u2019un odal\u0131\u011f\u0131yd\u0131m art\u0131k. Kim oldu\u011funu\u00f6nemsemedi\u011fi bir ganimettim onun i\u00e7in, fazlas\u0131 de\u011fil.Neyi mi \u00f6nemserdi peki? \u015ean\u0131n\u0131\u2026 \u00e7\u00fcnk\u00fc pazarl\u0131k b\u00f6yle yap\u0131lm\u0131\u015ft\u0131, hilek\u00e2r tanr\u0131lar\u0131n ona verdi\u011fi s\u00f6z buydu: Troyasurlar\u0131 alt\u0131nda erken bir \u00f6l\u00fcme kar\u015f\u0131l\u0131k ebedi \u015fan ve \u015feref. Ve \u00f6l\u00fcm\u00fc yak\u0131nd\u0131, bunu biliyordu.Ama bu hik\u00e2ye sava\u015f\u0131n nas\u0131l \u015fanl\u0131 oldu\u011funu, erkeklerin ne kadar cesurca \u00e7arp\u0131\u015ft\u0131\u011f\u0131n\u0131 anlatmayacak, o defalarcayap\u0131ld\u0131. Hay\u0131r, bu tarihte unutulmaya zorlananlar\u0131n hik\u00e2yesi. Yine de unutulmayaca\u011f\u0131z, y\u0131llar sonra bile anneler\u00e7ocuklar\u0131na Troya \u015fark\u0131lar\u0131n\u0131 s\u00f6yleyecek, biz de onlar\u0131n r\u00fcyalar\u0131ndan eksik olmayaca\u011f\u0131z\u2026 k\u00e2buslar\u0131ndan da.K\u0131zlar\u0131n Suskunlu\u011fu\u2019nda Pat Barker, Troya Sava\u015f\u0131\u2019n\u0131 Akhilleus, Odysseus ve Agamemnon gibi intikam pe\u015findekierkeklerin de\u011fil, onlar\u0131n g\u00f6lgesinde kalan bir kad\u0131n olan Briseis\u2019in g\u00f6z\u00fcnden anlat\u0131yor ve \u0130lyada destan\u0131na yepyenibir bak\u0131\u015f a\u00e7\u0131s\u0131 getiriyor.\u201cK\u0131zlar\u0131n Suskunlu\u011fu sava\u015fa ve ard\u0131nda b\u0131rakt\u0131klar\u0131na dair \u015fahane, ba\u015fkald\u0131ran ve t\u00fcyler \u00fcrperten bir roman. Tekkelimeyle muazzam.\u201d \u2013Diana Gabaldon\u201cNeredeyse Homeros&#8217;un yazd\u0131klar\u0131 kadar g\u00f6rkemli. Me\u015fhur olaylar ve mitolojik isimler bu kitapta b\u00fcy\u00fcl\u00fc bi\u00e7imdeyeniden hayat buluyor. Dokunakl\u0131 ve usta i\u015fi bir roman.\u201d \u2013The Economist\u201cK\u0131zlar\u0131n Suskunlu\u011fu, zek\u00e2 y\u00fckl\u00fc bir roman.\u201d \u2013Kirkus\u201cBu kitap daha do\u011fru bir zamanda yaz\u0131lamazd\u0131. Barker, kad\u0131nlar\u0131n g\u00fcndelik dilini yans\u0131tmakta ger\u00e7ek bir usta.\u201d\u2013Publishers Weekly\u201cMan Booker \u00f6d\u00fcll\u00fc Pat Barker\u2019dan \u0130lyada \u00fczerine zarafet dolu bir roman. Bu kitaba dair her \u015fey \u00e7ok inand\u0131r\u0131c\u0131. Nekadar tavsiye etsek az.\u201d \u2013Booklist\u201cBen, Kirke muazzam bir feminist anlat\u0131yd\u0131, K\u0131zlar\u0131n Suskunlu\u011fu ise her par\u00e7as\u0131yla bamba\u015fka bir seviyede. PatBarker\u2019\u0131n k\u00fclliyat\u0131ndaki Dam\u0131zl\u0131k K\u0131z\u0131n \u00d6yk\u00fcs\u00fc \u00e2n\u0131 bu.\u201d \u2013Sam Bake<\/p>\n","protected":false},"excerpt":{"rendered":"<p>Onu g\u00f6rmeden \u00f6nce sesini duydum: \u00c7\u0131\u011fl\u0131\u011f\u0131 surlar\u0131m\u0131z\u0131n i\u00e7inde yank\u0131lan\u0131yordu. Tan\u0131mak i\u00e7in onu g\u00f6rmenize gerekyoktu, \u015fan\u0131 sava\u015faca\u011f\u0131 yerlere \u00f6nceden gelirdi: Y\u00fcce ve zeki Akhilleus, tanr\u0131lara benzeyen Akhilleus\u2026<span class=\"excerpt-hellip\"> [\u2026]<\/span><\/p>\n","protected":false},"featured_media":0,"template":"","meta":{"_monsterinsights_skip_tracking":false,"_monsterinsights_sitenote_active":false,"_monsterinsights_sitenote_note":"","_monsterinsights_sitenote_category":0},"product_brand":[],"product_cat":[12291,14777],"product_tag":[],"class_list":{"0":"post-724680","1":"product","2":"type-product","3":"status-publish","5":"product_cat-edebiyat","6":"product_cat-fantastik","7":"pa_cilt-ciltsiz","8":"pa_tur-kitap","9":"pa_yayinevi-ithaki-yayinlari","10":"pa_yazar-pat-barker","12":"first","13":"instock","14":"sale","15":"shipping-taxable","16":"purchasable","17":"product-type-simple"},"_links":{"self":[{"href":"https:\/\/roveyayinevi.com.tr\/index.php\/wp-json\/wp\/v2\/product\/724680","targetHints":{"allow":["GET"]}}],"collection":[{"href":"https:\/\/roveyayinevi.com.tr\/index.php\/wp-json\/wp\/v2\/product"}],"about":[{"href":"https:\/\/roveyayinevi.com.tr\/index.php\/wp-json\/wp\/v2\/types\/product"}],"wp:attachment":[{"href":"https:\/\/roveyayinevi.com.tr\/index.php\/wp-json\/wp\/v2\/media?parent=724680"}],"wp:term":[{"taxonomy":"product_brand","embeddable":true,"href":"https:\/\/roveyayinevi.com.tr\/index.php\/wp-json\/wp\/v2\/product_brand?post=724680"},{"taxonomy":"product_cat","embeddable":true,"href":"https:\/\/roveyayinevi.com.tr\/index.php\/wp-json\/wp\/v2\/product_cat?post=724680"},{"taxonomy":"product_tag","embeddable":true,"href":"https:\/\/roveyayinevi.com.tr\/index.php\/wp-json\/wp\/v2\/product_tag?post=724680"}],"curies":[{"name":"wp","href":"https:\/\/api.w.org\/{rel}","templated":true}]}}